{"id":46018,"date":"2025-11-25T14:50:48","date_gmt":"2025-11-25T14:50:48","guid":{"rendered":"https:\/\/adam-behrens.com\/?page_id=46018"},"modified":"2025-11-26T11:15:03","modified_gmt":"2025-11-26T11:15:03","slug":"expertisehoteliere","status":"publish","type":"page","link":"https:\/\/adam-behrens.com\/fr\/hotelexpertise\/","title":{"rendered":"Expertise h\u00f4teli\u00e8re"},"content":{"rendered":"<div data-elementor-type=\"wp-page\" data-elementor-id=\"46018\" class=\"elementor elementor-46018\" data-elementor-post-type=\"page\">\n\t\t\t\t<div class=\"elementor-element elementor-element-971d0da e-flex e-con-boxed e-con e-parent\" data-id=\"971d0da\" data-element_type=\"container\" data-e-type=\"container\">\n\t\t\t\t\t<div class=\"e-con-inner\">\n\t\t\t\t<div class=\"elementor-element elementor-element-5bf7434 elementor-widget elementor-widget-image\" data-id=\"5bf7434\" data-element_type=\"widget\" data-e-type=\"widget\" data-widget_type=\"image.default\">\n\t\t\t\t\t\t\t\t\t\t\t\t\t\t\t<img fetchpriority=\"high\" decoding=\"async\" width=\"2560\" height=\"1920\" src=\"https:\/\/adam-behrens.com\/wp-content\/uploads\/2025\/11\/1-scaled.png\" class=\"attachment-full size-full wp-image-46035\" alt=\"\" srcset=\"https:\/\/adam-behrens.com\/wp-content\/uploads\/2025\/11\/1-scaled.png 2560w, https:\/\/adam-behrens.com\/wp-content\/uploads\/2025\/11\/1-1536x1152.png 1536w, https:\/\/adam-behrens.com\/wp-content\/uploads\/2025\/11\/1-2048x1536.png 2048w, https:\/\/adam-behrens.com\/wp-content\/uploads\/2025\/11\/1-16x12.png 16w, https:\/\/adam-behrens.com\/wp-content\/uploads\/2025\/11\/1-584x438.png 584w\" sizes=\"(max-width: 2560px) 100vw, 2560px\" \/>\t\t\t\t\t\t\t\t\t\t\t\t\t\t\t<\/div>\n\t\t\t\t\t<\/div>\n\t\t\t\t<\/div>\n\t\t<div class=\"elementor-element elementor-element-188ea3e e-flex e-con-boxed e-con e-parent\" data-id=\"188ea3e\" data-element_type=\"container\" data-e-type=\"container\">\n\t\t\t\t\t<div class=\"e-con-inner\">\n\t\t\t\t<div class=\"elementor-element elementor-element-1fc629e elementor-widget elementor-widget-text-editor\" data-id=\"1fc629e\" data-element_type=\"widget\" data-e-type=\"widget\" data-widget_type=\"text-editor.default\">\n\t\t\t\t\t\t\t\t\t<h3><\/h3>\n<h3>\ud83c\udfe8 <strong data-start=\"285\" data-end=\"314\">\u00c0 propos de moi \u2013 Fabrice Adler<\/strong><\/h3>\n<p data-start=\"316\" data-end=\"827\">Depuis de nombreuses ann\u00e9es, l'h\u00f4tellerie est non seulement ma passion professionnelle, mais aussi ma passion personnelle.<br data-start=\"426\" data-end=\"429\" \/>Mon parcours professionnel m'a conduit pas \u00e0 pas de l'h\u00f4tellerie op\u00e9rationnelle \u00e0 la gestion strat\u00e9gique, puis \u00e0 l'accompagnement de projets immobiliers h\u00f4teliers complexes.<br data-start=\"592\" data-end=\"595\" \/>Aujourd'hui, je combine <strong data-start=\"616\" data-end=\"644\">mon exp\u00e9rience op\u00e9rationnelle dans l'h\u00f4tellerie<\/strong>, <strong data-start=\"646\" data-end=\"683\">, mes comp\u00e9tences en gestion d'entreprise<\/strong> et <strong data-start=\"688\" data-end=\"727\">mon savoir-faire en immobilier<\/strong>pour agir au mieux dans le domaine de l'immobilier h\u00f4telier.<\/p>\n\n\n<hr data-start=\"829\" data-end=\"832\" \/>\n\n<h3><\/h3>\n<h3>\ud83d\udcbc <strong data-start=\"841\" data-end=\"881\">Parcours professionnel et domaines d'expertise<\/strong><\/h3>\n<h5><strong data-start=\"883\" data-end=\"941\">1.\u00a0<\/strong><strong data-start=\"883\" data-end=\"941\">Operative Hotellerie \u2013 die Basis des Verst\u00e4ndnisses<\/strong><\/h5>\n<ul>\n \t<li data-start=\"944\" data-end=\"1031\">\u00c9tudes en gestion h\u00f4teli\u00e8re internationale et premiers postes dans des \u00e9tablissements renomm\u00e9s de l'h\u00f4tellerie internationale et du conseil op\u00e9rationnel<\/li>\n \t<li data-start=\"1034\" data-end=\"1112\">Connaissances approfondies dans les diff\u00e9rents domaines de l'exploitation h\u00f4teli\u00e8re<\/li>\n \t<li data-start=\"1115\" data-end=\"1217\">D\u00e9veloppement d'une compr\u00e9hension approfondie des processus op\u00e9rationnels, des besoins des clients, de la qualit\u00e9 du service et de l'optimisation des processus<\/li>\n<\/ul>\n<h5><span style=\"font-weight: bold;\" data-start=\"1563\" data-end=\"1601\">2.\u00a0<\/span><strong style=\"font-size: 1.25rem;\" data-start=\"1219\" data-end=\"1248\">Gestion et strat\u00e9gie<\/strong><\/h5>\n<ul>\n \t<li data-start=\"1115\" data-end=\"1217\">Master suppl\u00e9mentaire en gestion d'entreprise<\/li>\n \t<li data-start=\"1882\" data-end=\"2008\">Dans le prolongement du master en gestion d'entreprise, prise en charge <span data-start=\"1951\" data-end=\"1975\">prise en charge de postes de direction dans le secteur h\u00f4telier et immobilier<\/span> im Hotel- und Immobilienumfeld<\/li>\n \t<li data-start=\"2011\" data-end=\"2133\">Responsable de la gestion d'\u00e9quipe, du budget et des r\u00e9sultats du secteur d'activit\u00e9, du d\u00e9veloppement organisationnel et de la planification strat\u00e9gique<\/li>\n \t<li data-start=\"2136\" data-end=\"2234\">Combinaison d'un esprit entrepreneurial et de comp\u00e9tences pratiques de mise en \u0153uvre sur des march\u00e9s dynamiques<\/li>\n<\/ul>\n<h5><span style=\"font-weight: bold;\" data-start=\"1563\" data-end=\"1601\">3. Immobilier h\u00f4telier \u2013 Fusion entre op\u00e9rations, strat\u00e9gie et immobilier<\/span><\/h5>\n<ul>\n \t<li data-start=\"1604\" data-end=\"1666\">Responsable du secteur immobilier h\u00f4telier dans l'un des plus grands cabinets de conseil internationaux (pr\u00e8s de 7 ans au total) :\n<ul>\n \t<li>Accompagnement des transactions immobili\u00e8res h\u00f4teli\u00e8res et des transactions des op\u00e9rateurs<\/li>\n \t<li>Due diligence du c\u00f4t\u00e9 acheteur\/vendeur<\/li>\n \t<li>\u00c9valuation de biens immobiliers h\u00f4teliers<\/li>\n \t<li>Gestion d'actifs<\/li>\n \t<li>Analyse de mod\u00e8les commerciaux (audits de bout en bout)<\/li>\n \t<li>Services de d\u00e9veloppement de projets (\u00e9tudes de faisabilit\u00e9, location, etc.)<\/li>\n \t<li>et bien plus encore.<\/li>\n<\/ul>\n<\/li>\n \t<li data-start=\"295\" data-end=\"410\" class=\"translation-block\">Vaste exp\u00e9rience dans la conciliation entre performance op\u00e9rationnelle et valeur immobili\u00e8re<\/li>\n \t<li data-start=\"556\" data-end=\"665\" class=\"translation-block\">Compr\u00e9hension de la mani\u00e8re dont les mod\u00e8les contractuels (bail, gestion, franchise) influencent la valeur immobili\u00e8re \u00e0 long terme<\/li>\n \t<li data-start=\"919\" data-end=\"1075\" class=\"translation-block\">Exp\u00e9rience dans la traduction de la performance op\u00e9rationnelle en logique d'investissement<\/li>\n \t<li data-start=\"1078\" data-end=\"1204\">Vision globale du cycle de vie d'un bien immobilier h\u00f4telier, du d\u00e9veloppement \u00e0 l'exploitation, en passant par le repositionnement ou la sortie<\/li>\n \t<li data-start=\"1207\" data-end=\"1322\" class=\"translation-block\">Capacit\u00e9 \u00e0 concilier les int\u00e9r\u00eats des investisseurs et des exploitants et \u00e0 les transformer en partenariats durables<\/li>\n<\/ul>\n\n<hr data-start=\"1918\" data-end=\"1921\" \/>\n\n<h3><\/h3>\n<h3>\ud83c\udfaf\u00a0<b style=\"font-size: 1.75rem;\">Hotel-<\/b><strong style=\"font-size: 1.75rem;\" data-start=\"1930\" data-end=\"1962\">Les priorit\u00e9s h\u00f4teli\u00e8res aujourd'hui<\/strong><\/h3>\n<ul>\n \t<li data-start=\"1965\" data-end=\"2057\">Assistance dans <span data-start=\"2078\" data-end=\"2134\">le cadre de transactions immobili\u00e8res h\u00f4teli\u00e8res en Espagne<\/span><\/li>\n \t<li data-start=\"2139\" data-end=\"2210\">\u00c9valuation de ces biens immobiliers au regard des prix attendus<\/li>\n \t<li data-start=\"2139\" data-end=\"2210\">Mise en relation avec des investisseurs et des exploitants nationaux et internationaux de renom<\/li>\n \t<li data-start=\"2139\" data-end=\"2210\">Mesures pr\u00e9paratoires en vue de l'ouverture pr\u00e9vue d'un h\u00f4tel-boutique (accompagnement actuel de la r\u00e9novation du bien immobilier)<\/li>\n<\/ul>\t\t\t\t\t\t\t\t<\/div>\n\t\t\t\t\t<\/div>\n\t\t\t\t<\/div>\n\t\t<div class=\"elementor-element elementor-element-4efc1fc e-flex e-con-boxed e-con e-parent\" data-id=\"4efc1fc\" data-element_type=\"container\" data-e-type=\"container\">\n\t\t\t\t\t<div class=\"e-con-inner\">\n\t\t\t\t<div class=\"elementor-element elementor-element-461cdd1 elementor-position-top elementor-widget elementor-widget-image-box\" data-id=\"461cdd1\" data-element_type=\"widget\" data-e-type=\"widget\" data-widget_type=\"image-box.default\">\n\t\t\t\t\t<div class=\"elementor-image-box-wrapper\"><figure class=\"elementor-image-box-img\"><a href=\"https:\/\/adam-behrens.com\/fr\/acheter\/hotels\/\" tabindex=\"-1\"><img decoding=\"async\" width=\"1140\" height=\"750\" src=\"https:\/\/adam-behrens.com\/wp-content\/uploads\/2025\/10\/1-2.png\" class=\"attachment-full size-full wp-image-45174\" alt=\"\" srcset=\"https:\/\/adam-behrens.com\/wp-content\/uploads\/2025\/10\/1-2.png 1140w, https:\/\/adam-behrens.com\/wp-content\/uploads\/2025\/10\/1-2-18x12.png 18w\" sizes=\"(max-width: 1140px) 100vw, 1140px\" \/><\/a><\/figure><div class=\"elementor-image-box-content\"><h3 class=\"elementor-image-box-title\"><a href=\"https:\/\/adam-behrens.com\/fr\/acheter\/hotels\/\">Cliquez ici pour voir les offres actuelles des h\u00f4tels<\/a><\/h3><\/div><\/div>\t\t\t\t<\/div>\n\t\t\t\t\t<\/div>\n\t\t\t\t<\/div>\n\t\t\t\t<\/div>","protected":false},"excerpt":{"rendered":"<p>\ud83c\udfe8 \u00dcber mich \u2013 Fabrice Adler Die Hotellerie ist seit vielen Jahren nicht nur meine berufliche, sondern auch meine pers\u00f6nliche Leidenschaft.Mein Weg f\u00fchrte mich Schritt f\u00fcr Schritt von der operativen Hotellerie \u00fcber das strategische Management bis hin zur Begleitung komplexer Hotelimmobilienprojekte.Heute kombiniere ich operative Hotelerfahrung, betriebswirtschaftliche Kompetenz und immobilienwirtschaftliches Know-how, um bestm\u00f6glich im Hotelimmobilienumfeld zu [&hellip;]<\/p>\n","protected":false},"author":3,"featured_media":46035,"parent":0,"menu_order":0,"comment_status":"closed","ping_status":"closed","template":"template\/template-homepage.php","meta":{"footnotes":""},"class_list":["post-46018","page","type-page","status-publish","has-post-thumbnail","hentry"],"_links":{"self":[{"href":"https:\/\/adam-behrens.com\/fr\/wp-json\/wp\/v2\/pages\/46018","targetHints":{"allow":["GET"]}}],"collection":[{"href":"https:\/\/adam-behrens.com\/fr\/wp-json\/wp\/v2\/pages"}],"about":[{"href":"https:\/\/adam-behrens.com\/fr\/wp-json\/wp\/v2\/types\/page"}],"author":[{"embeddable":true,"href":"https:\/\/adam-behrens.com\/fr\/wp-json\/wp\/v2\/users\/3"}],"replies":[{"embeddable":true,"href":"https:\/\/adam-behrens.com\/fr\/wp-json\/wp\/v2\/comments?post=46018"}],"version-history":[{"count":43,"href":"https:\/\/adam-behrens.com\/fr\/wp-json\/wp\/v2\/pages\/46018\/revisions"}],"predecessor-version":[{"id":46068,"href":"https:\/\/adam-behrens.com\/fr\/wp-json\/wp\/v2\/pages\/46018\/revisions\/46068"}],"wp:featuredmedia":[{"embeddable":true,"href":"https:\/\/adam-behrens.com\/fr\/wp-json\/wp\/v2\/media\/46035"}],"wp:attachment":[{"href":"https:\/\/adam-behrens.com\/fr\/wp-json\/wp\/v2\/media?parent=46018"}],"curies":[{"name":"wp","href":"https:\/\/api.w.org\/{rel}","templated":true}]}}