{"id":40571,"date":"2023-08-04T12:19:33","date_gmt":"2023-08-04T12:19:33","guid":{"rendered":"https:\/\/adam-behrens.com\/?page_id=40571"},"modified":"2025-11-25T14:34:17","modified_gmt":"2025-11-25T14:34:17","slug":"agent-immobilier-licencie","status":"publish","type":"page","link":"https:\/\/adam-behrens.com\/fr\/zugelassener-makler\/","title":{"rendered":"Agent immobilier licenci\u00e9"},"content":{"rendered":"<div data-elementor-type=\"wp-page\" data-elementor-id=\"40571\" class=\"elementor elementor-40571\" data-elementor-post-type=\"page\">\n\t\t\t\t\t\t<section class=\"elementor-section elementor-top-section elementor-element elementor-element-dbfd832 elementor-section-full_width elementor-section-height-min-height elementor-section-height-default elementor-section-items-middle\" data-id=\"dbfd832\" data-element_type=\"section\" data-e-type=\"section\" data-settings=\"{&quot;background_background&quot;:&quot;classic&quot;}\">\n\t\t\t\t\t\t<div class=\"elementor-container elementor-column-gap-default\">\n\t\t\t\t\t<div class=\"elementor-column elementor-col-100 elementor-top-column elementor-element elementor-element-0fa1d56\" data-id=\"0fa1d56\" data-element_type=\"column\" data-e-type=\"column\">\n\t\t\t<div class=\"elementor-widget-wrap\">\n\t\t\t\t\t\t\t<\/div>\n\t\t<\/div>\n\t\t\t\t\t<\/div>\n\t\t<\/section>\n\t\t\t\t<section class=\"elementor-section elementor-top-section elementor-element elementor-element-278e6fe elementor-section-boxed elementor-section-height-default elementor-section-height-default\" data-id=\"278e6fe\" data-element_type=\"section\" data-e-type=\"section\">\n\t\t\t\t\t\t<div class=\"elementor-container elementor-column-gap-default\">\n\t\t\t\t\t<div class=\"elementor-column elementor-col-100 elementor-top-column elementor-element elementor-element-8d9f993\" data-id=\"8d9f993\" data-element_type=\"column\" data-e-type=\"column\">\n\t\t\t<div class=\"elementor-widget-wrap elementor-element-populated\">\n\t\t\t\t\t\t<div class=\"elementor-element elementor-element-b276201 elementor-widget elementor-widget-houzez-property-breadcrumb\" data-id=\"b276201\" data-element_type=\"widget\" data-e-type=\"widget\" data-widget_type=\"houzez-property-breadcrumb.default\">\n\t\t\t\t<div class=\"elementor-widget-container\">\n\t\t\t\t\t<div class=\"breadcrumb-wrap\"><ol class=\"breadcrumb\"><li class=\"breadcrumb-item breadcrumb-item-home\"><i class=\"houzez-icon icon-house\"><\/i><a href=\"https:\/\/adam-behrens.com\/fr\/\">Accueil<\/a><\/li><li class=\"breadcrumb-item active\">Pages<\/li><\/ol><\/div>\t\t\t\t<\/div>\n\t\t\t\t<\/div>\n\t\t\t\t<div class=\"elementor-element elementor-element-5a9884c elementor-widget elementor-widget-spacer\" data-id=\"5a9884c\" data-element_type=\"widget\" data-e-type=\"widget\" data-widget_type=\"spacer.default\">\n\t\t\t\t\t\t\t<div class=\"elementor-spacer\">\n\t\t\t<div class=\"elementor-spacer-inner\"><\/div>\n\t\t<\/div>\n\t\t\t\t\t\t<\/div>\n\t\t\t\t\t<\/div>\n\t\t<\/div>\n\t\t\t\t\t<\/div>\n\t\t<\/section>\n\t\t\t\t<section class=\"elementor-section elementor-top-section elementor-element elementor-element-49f27ee elementor-section-boxed elementor-section-height-default elementor-section-height-default\" data-id=\"49f27ee\" data-element_type=\"section\" data-e-type=\"section\">\n\t\t\t\t\t\t<div class=\"elementor-container elementor-column-gap-default\">\n\t\t\t\t\t<div class=\"elementor-column elementor-col-100 elementor-top-column elementor-element elementor-element-6e64b73\" data-id=\"6e64b73\" data-element_type=\"column\" data-e-type=\"column\">\n\t\t\t<div class=\"elementor-widget-wrap elementor-element-populated\">\n\t\t\t\t\t\t<div class=\"elementor-element elementor-element-408a24c elementor-widget elementor-widget-heading\" data-id=\"408a24c\" data-element_type=\"widget\" data-e-type=\"widget\" data-widget_type=\"heading.default\">\n\t\t\t\t\t<h2 class=\"elementor-heading-title elementor-size-default\">Agent immobilier licenci\u00e9 de la Comunidad Valencia<\/h2>\t\t\t\t<\/div>\n\t\t\t\t<div class=\"elementor-element elementor-element-79073ca elementor-widget elementor-widget-heading\" data-id=\"79073ca\" data-element_type=\"widget\" data-e-type=\"widget\" data-widget_type=\"heading.default\">\n\t\t\t\t\t<h2 class=\"elementor-heading-title elementor-size-default\">Enregistr\u00e9 en<br>\nRegistro de Agentes de Intermediaci\u00f3n Inmobiliaria de la Comunitat Valenciana<\/h2>\t\t\t\t<\/div>\n\t\t\t\t<section class=\"elementor-section elementor-inner-section elementor-element elementor-element-f16d8b9 elementor-section-boxed elementor-section-height-default elementor-section-height-default\" data-id=\"f16d8b9\" data-element_type=\"section\" data-e-type=\"section\">\n\t\t\t\t\t\t<div class=\"elementor-container elementor-column-gap-default\">\n\t\t\t\t\t<div class=\"elementor-column elementor-col-50 elementor-inner-column elementor-element elementor-element-c4daf89\" data-id=\"c4daf89\" data-element_type=\"column\" data-e-type=\"column\">\n\t\t\t<div class=\"elementor-widget-wrap elementor-element-populated\">\n\t\t\t\t\t\t<div class=\"elementor-element elementor-element-4a044af elementor-widget elementor-widget-image\" data-id=\"4a044af\" data-element_type=\"widget\" data-e-type=\"widget\" data-widget_type=\"image.default\">\n\t\t\t\t\t\t\t\t\t\t\t\t\t\t\t<img fetchpriority=\"high\" decoding=\"async\" width=\"600\" height=\"600\" src=\"https:\/\/adam-behrens.com\/wp-content\/uploads\/2023\/08\/apial.jpg\" class=\"attachment-full size-full wp-image-40557\" alt=\"\" srcset=\"https:\/\/adam-behrens.com\/wp-content\/uploads\/2023\/08\/apial.jpg 600w, https:\/\/adam-behrens.com\/wp-content\/uploads\/2023\/08\/apial-300x300.jpg 300w, https:\/\/adam-behrens.com\/wp-content\/uploads\/2023\/08\/apial-150x150.jpg 150w, https:\/\/adam-behrens.com\/wp-content\/uploads\/2023\/08\/apial-12x12.jpg 12w, https:\/\/adam-behrens.com\/wp-content\/uploads\/2023\/08\/apial-496x496.jpg 496w\" sizes=\"(max-width: 600px) 100vw, 600px\" \/>\t\t\t\t\t\t\t\t\t\t\t\t\t\t\t<\/div>\n\t\t\t\t\t<\/div>\n\t\t<\/div>\n\t\t\t\t<div class=\"elementor-column elementor-col-50 elementor-inner-column elementor-element elementor-element-8ae5520\" data-id=\"8ae5520\" data-element_type=\"column\" data-e-type=\"column\">\n\t\t\t<div class=\"elementor-widget-wrap elementor-element-populated\">\n\t\t\t\t\t\t<div class=\"elementor-element elementor-element-170a3fa elementor-widget elementor-widget-image\" data-id=\"170a3fa\" data-element_type=\"widget\" data-e-type=\"widget\" data-widget_type=\"image.default\">\n\t\t\t\t\t\t\t\t\t\t\t\t\t\t\t<img decoding=\"async\" width=\"635\" height=\"640\" src=\"https:\/\/adam-behrens.com\/wp-content\/uploads\/2025\/11\/Screenshot-2025-11-06-160512.png\" class=\"attachment-large size-large wp-image-45781\" alt=\"\" srcset=\"https:\/\/adam-behrens.com\/wp-content\/uploads\/2025\/11\/Screenshot-2025-11-06-160512.png 635w, https:\/\/adam-behrens.com\/wp-content\/uploads\/2025\/11\/Screenshot-2025-11-06-160512-12x12.png 12w\" sizes=\"(max-width: 635px) 100vw, 635px\" \/>\t\t\t\t\t\t\t\t\t\t\t\t\t\t\t<\/div>\n\t\t\t\t\t<\/div>\n\t\t<\/div>\n\t\t\t\t\t<\/div>\n\t\t<\/section>\n\t\t\t\t\t<\/div>\n\t\t<\/div>\n\t\t\t\t\t<\/div>\n\t\t<\/section>\n\t\t\t\t<section class=\"elementor-section elementor-top-section elementor-element elementor-element-a26d36a elementor-section-boxed elementor-section-height-default elementor-section-height-default\" data-id=\"a26d36a\" data-element_type=\"section\" data-e-type=\"section\">\n\t\t\t\t\t\t<div class=\"elementor-container elementor-column-gap-default\">\n\t\t\t\t\t<div class=\"elementor-column elementor-col-100 elementor-top-column elementor-element elementor-element-3d32fc2\" data-id=\"3d32fc2\" data-element_type=\"column\" data-e-type=\"column\">\n\t\t\t<div class=\"elementor-widget-wrap elementor-element-populated\">\n\t\t\t\t\t\t<div class=\"elementor-element elementor-element-0c4b29e elementor-widget elementor-widget-text-editor\" data-id=\"0c4b29e\" data-element_type=\"widget\" data-e-type=\"widget\" data-widget_type=\"text-editor.default\">\n\t\t\t\t\t\t\t\t\t<p>Jusqu'en 2022, l'activit\u00e9 d'agent immobilier dans la Comunitat Valenciana (y compris les r\u00e9gions d'Alicante, de Castell\u00f3n et de Valence) ne n\u00e9cessitait pas de qualifications particuli\u00e8res ni de garanties sp\u00e9cifiques vis-\u00e0-vis des clients.<\/p><p>En 2022, un r\u00e8glement sur l'enregistrement a \u00e9t\u00e9 adopt\u00e9, selon lequel tous les agents op\u00e9rant dans la Comunitat Valenciana devront \u00eatre enregistr\u00e9s d'ici ao\u00fbt 2023 pour pouvoir continuer \u00e0 op\u00e9rer l\u00e9galement. L'objectif de ce r\u00e8glement est de prot\u00e9ger les clients (tant les vendeurs que les acheteurs) et de garantir une pratique professionnelle ainsi que des transactions immobili\u00e8res s\u00fbres.<\/p><p>Adam &amp; Behrens S.L. est un agent immobilier agr\u00e9\u00e9 dans la Communaut\u00e9 valencienne et est inscrit sous le num\u00e9ro \u00ab RAICV 5994 \u00bb au Registre des agents immobiliers, qui rel\u00e8ve de la comp\u00e9tence du minist\u00e8re r\u00e9gional du Logement de la Communaut\u00e9 autonome de Valence.<\/p><p>De plus, Adam &amp; Behrens S.L. est membre de l'\"APIAL\". L'association des agents et des n\u00e9gociateurs immobiliers de la province d'Alicante, cr\u00e9\u00e9e conform\u00e9ment aux dispositions de l'article 22 de la Constitution, de la loi organique 1\/2002 du 22 mars, qui r\u00e9git le droit d'association, et d'autres dispositions en vigueur dans ce domaine. \"APIAL\" a \u00e9t\u00e9 cr\u00e9\u00e9e sous la protection du Coll\u00e8ge officiel des agents immobiliers d'Alicante et offre \u00e0 ses membres les m\u00eames avantages que ceux dont b\u00e9n\u00e9ficient les membres de \"API\".<\/p><p>Pour pouvoir \u00eatre inscrit au \"Registro de Agentes de Intermediaci\u00f3n Inmobiliaria de la Comunitat Valenciana\" ou pour devenir membre de l'\"APIAL\", il faut remplir diff\u00e9rentes conditions qui servent \u00e0 prot\u00e9ger les clients. Il s'agit entre autres de<\/p>\t\t\t\t\t\t\t\t<\/div>\n\t\t\t\t\t<\/div>\n\t\t<\/div>\n\t\t\t\t\t<\/div>\n\t\t<\/section>\n\t\t\t\t<section class=\"elementor-section elementor-top-section elementor-element elementor-element-fcd7a66 elementor-section-boxed elementor-section-height-default elementor-section-height-default\" data-id=\"fcd7a66\" data-element_type=\"section\" data-e-type=\"section\">\n\t\t\t\t\t\t<div class=\"elementor-container elementor-column-gap-default\">\n\t\t\t\t\t<div class=\"elementor-column elementor-col-100 elementor-top-column elementor-element elementor-element-5a9b7d5\" data-id=\"5a9b7d5\" data-element_type=\"column\" data-e-type=\"column\">\n\t\t\t<div class=\"elementor-widget-wrap elementor-element-populated\">\n\t\t\t\t\t\t<div class=\"elementor-element elementor-element-b8f361d elementor-position-inline-start elementor-view-default elementor-mobile-position-block-start elementor-widget elementor-widget-icon-box\" data-id=\"b8f361d\" data-element_type=\"widget\" data-e-type=\"widget\" data-widget_type=\"icon-box.default\">\n\t\t\t\t\t\t\t<div class=\"elementor-icon-box-wrapper\">\n\n\t\t\t\t\t\t<div class=\"elementor-icon-box-icon\">\n\t\t\t\t<span  class=\"elementor-icon\">\n\t\t\t\t<svg aria-hidden=\"true\" class=\"e-font-icon-svg e-fas-check\" viewbox=\"0 0 512 512\" xmlns=\"http:\/\/www.w3.org\/2000\/svg\"><path d=\"M173.898 439.404l-166.4-166.4c-9.997-9.997-9.997-26.206 0-36.204l36.203-36.204c9.997-9.998 26.207-9.998 36.204 0L192 312.69 432.095 72.596c9.997-9.997 26.207-9.997 36.204 0l36.203 36.204c9.997 9.997 9.997 26.206 0 36.204l-294.4 294.401c-9.998 9.997-26.207 9.997-36.204-.001z\"><\/path><\/svg>\t\t\t\t<\/span>\n\t\t\t<\/div>\n\t\t\t\n\t\t\t\t\t\t<div class=\"elementor-icon-box-content\">\n\n\t\t\t\t\t\t\t\t\t<h3 class=\"elementor-icon-box-title\">\n\t\t\t\t\t\t<span  >\n\t\t\t\t\t\t\tFormation\t\t\t\t\t\t<\/span>\n\t\t\t\t\t<\/h3>\n\t\t\t\t\n\t\t\t\t\t\t\t\t\t<p class=\"elementor-icon-box-description\">\n\t\t\t\t\t\tPreuve de la r\u00e9ussite d'un examen d\u00e9montrant que l'agent immobilier poss\u00e8de l'exp\u00e9rience et les connaissances n\u00e9cessaires pour exercer en tant qu'agent immobilier dans le secteur de l'immobilier et qu'il est \u00e0 jour avec les r\u00e9glementations actuelles. \t\t\t\t\t<\/p>\n\t\t\t\t\n\t\t\t<\/div>\n\t\t\t\n\t\t<\/div>\n\t\t\t\t\t\t<\/div>\n\t\t\t\t<div class=\"elementor-element elementor-element-8358210 elementor-position-inline-start elementor-view-default elementor-mobile-position-block-start elementor-widget elementor-widget-icon-box\" data-id=\"8358210\" data-element_type=\"widget\" data-e-type=\"widget\" data-widget_type=\"icon-box.default\">\n\t\t\t\t\t\t\t<div class=\"elementor-icon-box-wrapper\">\n\n\t\t\t\t\t\t<div class=\"elementor-icon-box-icon\">\n\t\t\t\t<span  class=\"elementor-icon\">\n\t\t\t\t<svg aria-hidden=\"true\" class=\"e-font-icon-svg e-fas-check\" viewbox=\"0 0 512 512\" xmlns=\"http:\/\/www.w3.org\/2000\/svg\"><path d=\"M173.898 439.404l-166.4-166.4c-9.997-9.997-9.997-26.206 0-36.204l36.203-36.204c9.997-9.998 26.207-9.998 36.204 0L192 312.69 432.095 72.596c9.997-9.997 26.207-9.997 36.204 0l36.203 36.204c9.997 9.997 9.997 26.206 0 36.204l-294.4 294.401c-9.998 9.997-26.207 9.997-36.204-.001z\"><\/path><\/svg>\t\t\t\t<\/span>\n\t\t\t<\/div>\n\t\t\t\n\t\t\t\t\t\t<div class=\"elementor-icon-box-content\">\n\n\t\t\t\t\t\t\t\t\t<h3 class=\"elementor-icon-box-title\">\n\t\t\t\t\t\t<span  >\n\t\t\t\t\t\t\tObligation de disposer d'un site public\t\t\t\t\t\t<\/span>\n\t\t\t\t\t<\/h3>\n\t\t\t\t\n\t\t\t\t\t\t\t\t\t<p class=\"elementor-icon-box-description\">\n\t\t\t\t\t\tPreuve d'un si\u00e8ge social ouvert au public et disposant de toutes les licences et autorisations n\u00e9cessaires.\t\t\t\t\t<\/p>\n\t\t\t\t\n\t\t\t<\/div>\n\t\t\t\n\t\t<\/div>\n\t\t\t\t\t\t<\/div>\n\t\t\t\t<div class=\"elementor-element elementor-element-cd143ee elementor-position-inline-start elementor-view-default elementor-mobile-position-block-start elementor-widget elementor-widget-icon-box\" data-id=\"cd143ee\" data-element_type=\"widget\" data-e-type=\"widget\" data-widget_type=\"icon-box.default\">\n\t\t\t\t\t\t\t<div class=\"elementor-icon-box-wrapper\">\n\n\t\t\t\t\t\t<div class=\"elementor-icon-box-icon\">\n\t\t\t\t<span  class=\"elementor-icon\">\n\t\t\t\t<svg aria-hidden=\"true\" class=\"e-font-icon-svg e-fas-check\" viewbox=\"0 0 512 512\" xmlns=\"http:\/\/www.w3.org\/2000\/svg\"><path d=\"M173.898 439.404l-166.4-166.4c-9.997-9.997-9.997-26.206 0-36.204l36.203-36.204c9.997-9.998 26.207-9.998 36.204 0L192 312.69 432.095 72.596c9.997-9.997 26.207-9.997 36.204 0l36.203 36.204c9.997 9.997 9.997 26.206 0 36.204l-294.4 294.401c-9.998 9.997-26.207 9.997-36.204-.001z\"><\/path><\/svg>\t\t\t\t<\/span>\n\t\t\t<\/div>\n\t\t\t\n\t\t\t\t\t\t<div class=\"elementor-icon-box-content\">\n\n\t\t\t\t\t\t\t\t\t<h3 class=\"elementor-icon-box-title\">\n\t\t\t\t\t\t<span  >\n\t\t\t\t\t\t\tExigences en mati\u00e8re de solvabilit\u00e9 et garantie des d\u00e9p\u00f4ts\t\t\t\t\t\t<\/span>\n\t\t\t\t\t<\/h3>\n\t\t\t\t\n\t\t\t\t\t\t\t\t\t<p class=\"elementor-icon-box-description\">\n\t\t\t\t\t\tPreuve d'une caution ou d'une assurance-caution d\u00e9livr\u00e9e par un \u00e9tablissement financier d'un montant minimum de 60.000 euros par \u00e9tablissement recevant du public et par ann\u00e9e de couverture.<br><br>\nLa preuve d'une assurance responsabilit\u00e9 civile professionnelle ou d'une autre garantie financi\u00e8re couvrant la responsabilit\u00e9 en cas de n\u00e9gligence professionnelle dans toute l'Union europ\u00e9enne.  Le montant assur\u00e9 s'\u00e9l\u00e8ve \u00e0 600 000 euros par sinistre et par ann\u00e9e d'assurance, avec une limite inf\u00e9rieure de 150 000 euros par victime.\t\t\t\t\t<\/p>\n\t\t\t\t\n\t\t\t<\/div>\n\t\t\t\n\t\t<\/div>\n\t\t\t\t\t\t<\/div>\n\t\t\t\t\t<\/div>\n\t\t<\/div>\n\t\t\t\t\t<\/div>\n\t\t<\/section>\n\t\t\t\t<section class=\"elementor-section elementor-top-section elementor-element elementor-element-0f2d264 elementor-section-boxed elementor-section-height-default elementor-section-height-default\" data-id=\"0f2d264\" data-element_type=\"section\" data-e-type=\"section\">\n\t\t\t\t\t\t<div class=\"elementor-container elementor-column-gap-default\">\n\t\t\t\t\t<div class=\"elementor-column elementor-col-100 elementor-top-column elementor-element elementor-element-186e418\" data-id=\"186e418\" data-element_type=\"column\" data-e-type=\"column\">\n\t\t\t<div class=\"elementor-widget-wrap elementor-element-populated\">\n\t\t\t\t\t\t<div class=\"elementor-element elementor-element-6706f94 elementor-widget elementor-widget-text-editor\" data-id=\"6706f94\" data-element_type=\"widget\" data-e-type=\"widget\" data-widget_type=\"text-editor.default\">\n\t\t\t\t\t\t\t\t\t<p>La soci\u00e9t\u00e9 Adam &amp; Behrens S.L. r\u00e9pond \u00e0 toutes les exigences et a obtenu la licence n\u00b0 \u00ab RAICV 5994 \u00bb.<\/p><p>L'enregistrement l\u00e9gal dans la Comunitat Valenciana ainsi que l'affiliation \u00e0 l'API offrent \u00e0 nos acheteurs et vendeurs des garanties maximales quant \u00e0 nos m\u00e9thodes de travail et nos qualifications.<\/p>\t\t\t\t\t\t\t\t<\/div>\n\t\t\t\t\t<\/div>\n\t\t<\/div>\n\t\t\t\t\t<\/div>\n\t\t<\/section>\n\t\t\t\t<\/div>","protected":false},"excerpt":{"rendered":"<p>Zugelassener Makler der Comunidad Valencia Eingetragen im Registro de Agentes de Intermediaci\u00f3n Inmobiliaria de la Comunitat Valenciana Bis 2022 waren f\u00fcr die T\u00e4tigkeit als Immobilienmakler in der Comunitat Valenciana (einschlie\u00dflich der Regionen Alicante, Castell\u00f3n und Valencia) keine besondere Qualifikationen oder besondere Garantien gegen\u00fcber Kunden erforderlich. Im Jahr 2022 wurde eine Registerverordnung verabschiedet, nach der alle [&hellip;]<\/p>\n","protected":false},"author":1,"featured_media":46007,"parent":0,"menu_order":0,"comment_status":"closed","ping_status":"closed","template":"template\/template-homepage.php","meta":{"footnotes":""},"class_list":["post-40571","page","type-page","status-publish","has-post-thumbnail","hentry"],"_links":{"self":[{"href":"https:\/\/adam-behrens.com\/fr\/wp-json\/wp\/v2\/pages\/40571","targetHints":{"allow":["GET"]}}],"collection":[{"href":"https:\/\/adam-behrens.com\/fr\/wp-json\/wp\/v2\/pages"}],"about":[{"href":"https:\/\/adam-behrens.com\/fr\/wp-json\/wp\/v2\/types\/page"}],"author":[{"embeddable":true,"href":"https:\/\/adam-behrens.com\/fr\/wp-json\/wp\/v2\/users\/1"}],"replies":[{"embeddable":true,"href":"https:\/\/adam-behrens.com\/fr\/wp-json\/wp\/v2\/comments?post=40571"}],"version-history":[{"count":9,"href":"https:\/\/adam-behrens.com\/fr\/wp-json\/wp\/v2\/pages\/40571\/revisions"}],"predecessor-version":[{"id":45788,"href":"https:\/\/adam-behrens.com\/fr\/wp-json\/wp\/v2\/pages\/40571\/revisions\/45788"}],"wp:featuredmedia":[{"embeddable":true,"href":"https:\/\/adam-behrens.com\/fr\/wp-json\/wp\/v2\/media\/46007"}],"wp:attachment":[{"href":"https:\/\/adam-behrens.com\/fr\/wp-json\/wp\/v2\/media?parent=40571"}],"curies":[{"name":"wp","href":"https:\/\/api.w.org\/{rel}","templated":true}]}}