{"id":18072,"date":"2021-03-16T18:47:02","date_gmt":"2021-03-16T18:47:02","guid":{"rendered":"https:\/\/adam-behrens.com\/?page_id=18072"},"modified":"2025-11-25T14:29:46","modified_gmt":"2025-11-25T14:29:46","slug":"vendre-avec-adam-behrens","status":"publish","type":"page","link":"https:\/\/adam-behrens.com\/fr\/mit-adam-behrens-verkaufen\/","title":{"rendered":"15 bonnes raisons d'acheter avec Adam &amp; Behrens"},"content":{"rendered":"<div data-elementor-type=\"wp-page\" data-elementor-id=\"18072\" class=\"elementor elementor-18072\" data-elementor-post-type=\"page\">\n\t\t\t\t\t\t<section class=\"elementor-section elementor-top-section elementor-element elementor-element-0d6c9f3 elementor-section-full_width elementor-section-height-min-height elementor-section-height-default elementor-section-items-middle\" data-id=\"0d6c9f3\" data-element_type=\"section\" data-e-type=\"section\" data-settings=\"{&quot;background_background&quot;:&quot;classic&quot;}\">\n\t\t\t\t\t\t<div class=\"elementor-container elementor-column-gap-default\">\n\t\t\t\t\t<div class=\"elementor-column elementor-col-100 elementor-top-column elementor-element elementor-element-8b02d76\" data-id=\"8b02d76\" data-element_type=\"column\" data-e-type=\"column\">\n\t\t\t<div class=\"elementor-widget-wrap\">\n\t\t\t\t\t\t\t<\/div>\n\t\t<\/div>\n\t\t\t\t\t<\/div>\n\t\t<\/section>\n\t\t\t\t<section class=\"elementor-section elementor-top-section elementor-element elementor-element-f8cd262 elementor-section-boxed elementor-section-height-default elementor-section-height-default\" data-id=\"f8cd262\" data-element_type=\"section\" data-e-type=\"section\">\n\t\t\t\t\t\t<div class=\"elementor-container elementor-column-gap-default\">\n\t\t\t\t\t<div class=\"elementor-column elementor-col-100 elementor-top-column elementor-element elementor-element-4666e4e\" data-id=\"4666e4e\" data-element_type=\"column\" data-e-type=\"column\">\n\t\t\t<div class=\"elementor-widget-wrap elementor-element-populated\">\n\t\t\t\t\t\t<div class=\"elementor-element elementor-element-368bd69 elementor-widget elementor-widget-spacer\" data-id=\"368bd69\" data-element_type=\"widget\" data-e-type=\"widget\" data-widget_type=\"spacer.default\">\n\t\t\t\t\t\t\t<div class=\"elementor-spacer\">\n\t\t\t<div class=\"elementor-spacer-inner\"><\/div>\n\t\t<\/div>\n\t\t\t\t\t\t<\/div>\n\t\t\t\t<div class=\"elementor-element elementor-element-7a9ceeab animated-slow elementor-invisible elementor-widget elementor-widget-houzez_elementor_section_title\" data-id=\"7a9ceeab\" data-element_type=\"widget\" data-e-type=\"widget\" data-settings=\"{&quot;_animation&quot;:&quot;fadeIn&quot;}\" data-widget_type=\"houzez_elementor_section_title.default\">\n\t\t\t\t<div class=\"elementor-widget-container\">\n\t\t\t\t\t            <div class=\"houzez_section_title_wrap section-title-module\">\n                                    <h2 class=\"houzez_section_title\">15 bonnes raisons d'acheter avec Adam &amp; Behrens\n<\/h2>\n                \n                            <\/div>\n            \t\t\t\t<\/div>\n\t\t\t\t<\/div>\n\t\t\t\t<div class=\"elementor-element elementor-element-e3a4bbb animated-slow elementor-invisible elementor-widget elementor-widget-houzez_elementor_section_title\" data-id=\"e3a4bbb\" data-element_type=\"widget\" data-e-type=\"widget\" data-settings=\"{&quot;_animation&quot;:&quot;fadeIn&quot;}\" data-widget_type=\"houzez_elementor_section_title.default\">\n\t\t\t\t<div class=\"elementor-widget-container\">\n\t\t\t\t\t            <div class=\"houzez_section_title_wrap section-title-module\">\n                                    <h2 class=\"houzez_section_title\">Trouvez la propri\u00e9t\u00e9 de vos r\u00eaves<\/h2>\n                \n                            <\/div>\n            \t\t\t\t<\/div>\n\t\t\t\t<\/div>\n\t\t\t\t\t<\/div>\n\t\t<\/div>\n\t\t\t\t\t<\/div>\n\t\t<\/section>\n\t\t\t\t<section class=\"elementor-section elementor-top-section elementor-element elementor-element-4dbd54e elementor-section-boxed elementor-section-height-default elementor-section-height-default\" data-id=\"4dbd54e\" data-element_type=\"section\" data-e-type=\"section\">\n\t\t\t\t\t\t<div class=\"elementor-container elementor-column-gap-default\">\n\t\t\t\t\t<div class=\"elementor-column elementor-col-50 elementor-top-column elementor-element elementor-element-df3fd49\" data-id=\"df3fd49\" data-element_type=\"column\" data-e-type=\"column\">\n\t\t\t<div class=\"elementor-widget-wrap elementor-element-populated\">\n\t\t\t\t\t\t<div class=\"elementor-element elementor-element-f0fe64e elementor-widget elementor-widget-image\" data-id=\"f0fe64e\" data-element_type=\"widget\" data-e-type=\"widget\" data-widget_type=\"image.default\">\n\t\t\t\t\t\t\t\t\t\t\t\t\t\t\t<img fetchpriority=\"high\" decoding=\"async\" width=\"768\" height=\"505\" src=\"https:\/\/adam-behrens.com\/wp-content\/uploads\/2025\/10\/13.png\" class=\"attachment-medium_large size-medium_large wp-image-45235\" alt=\"\" srcset=\"https:\/\/adam-behrens.com\/wp-content\/uploads\/2025\/10\/13.png 1140w, https:\/\/adam-behrens.com\/wp-content\/uploads\/2025\/10\/13-18x12.png 18w\" sizes=\"(max-width: 768px) 100vw, 768px\" \/>\t\t\t\t\t\t\t\t\t\t\t\t\t\t\t<\/div>\n\t\t\t\t\t<\/div>\n\t\t<\/div>\n\t\t\t\t<div class=\"elementor-column elementor-col-50 elementor-top-column elementor-element elementor-element-f6cef4c\" data-id=\"f6cef4c\" data-element_type=\"column\" data-e-type=\"column\">\n\t\t\t<div class=\"elementor-widget-wrap elementor-element-populated\">\n\t\t\t\t\t\t<div class=\"elementor-element elementor-element-c44a712 elementor-widget elementor-widget-text-editor\" data-id=\"c44a712\" data-element_type=\"widget\" data-e-type=\"widget\" data-widget_type=\"text-editor.default\">\n\t\t\t\t\t\t\t\t\t<p>Notre mission est de rendre les gens heureux en trouvant avec eux un peu de qualit\u00e9 de vie ici, chez nous, dans la r\u00e9gion de D\u00e9nia.<\/p><p>Wir m\u00f6chten dass Ihre Wohntr\u00e4ume wahr werden und nachfolgend zeigen wir Ihnen 15 gute Gr\u00fcnde dies stressfrei und qualifiziert gemeinsam anzugehen:<\/p>\t\t\t\t\t\t\t\t<\/div>\n\t\t\t\t\t<\/div>\n\t\t<\/div>\n\t\t\t\t\t<\/div>\n\t\t<\/section>\n\t\t\t\t<section class=\"elementor-section elementor-top-section elementor-element elementor-element-fe82979 elementor-section-boxed elementor-section-height-default elementor-section-height-default\" data-id=\"fe82979\" data-element_type=\"section\" data-e-type=\"section\">\n\t\t\t\t\t\t<div class=\"elementor-container elementor-column-gap-default\">\n\t\t\t\t\t<div class=\"elementor-column elementor-col-100 elementor-top-column elementor-element elementor-element-acaf9d8\" data-id=\"acaf9d8\" data-element_type=\"column\" data-e-type=\"column\">\n\t\t\t<div class=\"elementor-widget-wrap elementor-element-populated\">\n\t\t\t\t\t\t<div class=\"elementor-element elementor-element-acb88e3 elementor-widget-divider--view-line elementor-widget elementor-widget-divider\" data-id=\"acb88e3\" data-element_type=\"widget\" data-e-type=\"widget\" data-widget_type=\"divider.default\">\n\t\t\t\t\t\t\t<div class=\"elementor-divider\">\n\t\t\t<span class=\"elementor-divider-separator\">\n\t\t\t\t\t\t<\/span>\n\t\t<\/div>\n\t\t\t\t\t\t<\/div>\n\t\t\t\t<div class=\"elementor-element elementor-element-9b65ebc elementor-widget elementor-widget-text-editor\" data-id=\"9b65ebc\" data-element_type=\"widget\" data-e-type=\"widget\" data-widget_type=\"text-editor.default\">\n\t\t\t\t\t\t\t\t\t<p><strong>1. Notre portefeuille immobilier s\u00e9lectionn\u00e9 <\/strong>- Vous avez une large s\u00e9lection des propri\u00e9t\u00e9s les plus s\u00e9lectionn\u00e9es dans la grande r\u00e9gion de Denia \u00e0 Altea. Nous sommes plus une boutique immobili\u00e8re qu'un supermarch\u00e9 car nous ne vendons que des biens test\u00e9s et en phase avec le march\u00e9<\/p>\n<p><strong>2. Notre exp\u00e9rience locale&nbsp;<\/strong>- Nous connaissons la zone de chalandise et ses propri\u00e9t\u00e9s comme nul autre. Si la propri\u00e9t\u00e9 de vos r\u00eaves existe, nous la trouverons pour vous<\/p>\n<p><strong>3. Notre vaste r\u00e9seau de partenaires <\/strong>- Si nous pensons qu'un objet r\u00e9pond \u00e0 vos crit\u00e8res de recherche, nous vous le montrerons m\u00eame s'il n'est pas directement enregistr\u00e9 avec nous et que vous n'avez pas encore eu de contact avec des coll\u00e8gues<\/p>\n<p><strong>4. Notre approche individuelle <\/strong>- Vous b\u00e9n\u00e9ficiez d'un accompagnement absolument personnel et vous n'\u00eates pas oblig\u00e9 de changer d'agent en permanence. Cela nous permet de r\u00e9pondre et de nous consacrer \u00e0 chacun de vos souhaits<\/p>\n<p><strong>5. Nos comp\u00e9tences linguistiques&nbsp;<\/strong>- Nous parlons espagnol, allemand, anglais et fran\u00e7ais. Cela signifie que les d\u00e9tails importants ne sont pas perdus lors de la traduction et que vos souhaits sont compris et mis en \u0153uvre \u00e0 100%<\/p>\n<h4><strong>Ne perds pas vos temps pr\u00e9cieux<\/strong><\/h4>\n<p><strong>6. Nous comprenons vos besoins <\/strong>- Gr\u00e2ce \u00e0 plus de 35 ans d'exp\u00e9rience, nous avons appris \u00e0 r\u00e9pondre aux besoins de nos clients et \u00e0 trouver la propri\u00e9t\u00e9 parfaite pour chacun, rapidement et efficacement<\/p>\n<p><strong>7. Notre \u00e9quipe professionnelle <\/strong>vous conseillera toujours avec honn\u00eatet\u00e9 et comp\u00e9tence<\/p>\n<p><strong>8. Nous connaissons personnellement chacune de nos immeubles <\/strong>et nous n'avons pas peur de vous dire si quelque chose ne vous convient pas<\/p>\n<p><strong>9. Nous sommes flexibles <\/strong>et pouvons donc facilement nous adapter \u00e0 votre agenda. Nous ne sommes pas press\u00e9s par le temps et pouvons regarder votre propri\u00e9t\u00e9 de r\u00eave en toute tranquillit\u00e9 et puis vous conseiller<\/p>\n<h4><strong>Tout sans stress<\/strong><\/h4>\n<p><strong>10. Nous vous tiendrons inform\u00e9s de toute \u00e9volution du march\u00e9 immobilier.<\/strong> Alors ne vous inqui\u00e9tez pas, vous ne manquerez aucune opportunit\u00e9 d'achat<\/p>\n<p><strong>11. D\u00e9marquez-vous de la foule <\/strong>\u2013 Jeder unserer Kunden ist einzigartig. So soll er auch behandelt werden und wir lieben es!<\/p>\n<p><strong>12. Nous sommes vos yeux <\/strong>- Si vous ne pouvez pas venir nous voir en personne, il n'y a aucun probl\u00e8me. Nous vous emm\u00e8nerons dans une visite priv\u00e9e de la propri\u00e9t\u00e9 de vos r\u00eaves dans le cadre d'une visite vid\u00e9o.<\/p>\n<p><strong>13. Nous nous occupons de tout <\/strong>- Avez-vous trouv\u00e9 la propri\u00e9t\u00e9 parfaite\u202f? Puis, asseyez-vous et faire p\u00e9ter le champagne. Nous prenons en charge l'ensemble du processus<\/p>\n<p><strong>14. Nous sommes toujours \u00e0 vos c\u00f4t\u00e9s <\/strong>- Nous sommes \u00e9galement \u00e0 votre disposition apr\u00e8s l'achat. Par exemple, nous sommes heureux de vous aider avec des questions bureaucratiques ou d'\u00e9tablir des contacts avec d'autres sp\u00e9cialistes et prestataires de services dont vous pourriez avoir besoin \u00e0 l'avenir. Que vous n\u00e9gociez avec votre entreprise de services publics ou que vous envisagiez une r\u00e9novation compl\u00e8te: nous sommes \u00e0 vos c\u00f4t\u00e9s avec des conseils comp\u00e9tents<\/p>\t\t\t\t\t\t\t\t<\/div>\n\t\t\t\t<div class=\"elementor-element elementor-element-1002d71 elementor-widget elementor-widget-text-editor\" data-id=\"1002d71\" data-element_type=\"widget\" data-e-type=\"widget\" data-widget_type=\"text-editor.default\">\n\t\t\t\t\t\t\t\t\t<h4><strong>PLUS<\/strong><\/h4>\t\t\t\t\t\t\t\t<\/div>\n\t\t\t\t<div class=\"elementor-element elementor-element-d0b4084 elementor-widget elementor-widget-text-editor\" data-id=\"d0b4084\" data-element_type=\"widget\" data-e-type=\"widget\" data-widget_type=\"text-editor.default\">\n\t\t\t\t\t\t\t\t\t<p><strong>15. Service d'acheteur personnel <\/strong>\u2013 <strong>l'alternative vraiment sans stress!<\/strong><\/p>\t\t\t\t\t\t\t\t<\/div>\n\t\t\t\t<div class=\"elementor-element elementor-element-140bb54 elementor-widget elementor-widget-text-editor\" data-id=\"140bb54\" data-element_type=\"widget\" data-e-type=\"widget\" data-widget_type=\"text-editor.default\">\n\t\t\t\t\t\t\t\t\tLaissez-nous la recherche exclusive de la propri\u00e9t\u00e9 de vos r\u00eaves et recevez les meilleures options disponibles sur l'ensemble du march\u00e9 immobilier\n\n<strong>Convainquez-vous <\/strong>\u2013 <a href=\"https:\/\/www.google.com\/search?q=adam+behrens+denia&#038;sxsrf=AJOqlzWJyJ7Bk9EfEyP3HEysEAqPDpDSKg%3A1673342399534&#038;ei=vy29Y_aYIK-Gxc8Pv7uO8AM&#038;ved=0ahUKEwi29L6a1rz8AhUvQ_EDHb-dAz4Q4dUDCA8&#038;uact=5&#038;oq=adam+behrens+denia&#038;gs_lcp=Cgxnd3Mtd2l6LXNlcnAQAzILCC4QgAQQxwEQrwE6CggAEEcQ1gQQsAM6CgguEMcBENEDECc6BAgjECc6EQguEIAEELEDEIMBEMcBENEDOhEILhCDARDHARCxAxDRAxCABDoICC4QsQMQgwE6CwgAEIAEELEDEIMBOggIABCABBCxAzoECAAQQzoKCC4QxwEQrwEQQzoFCAAQgAQ6DgguEIAEELEDEMcBENEDOgQILhBDOgsILhCABBCxAxCDAToNCC4Q1AIQsQMQgAQQCjoKCAAQgAQQhwIQFDoFCC4QgAQ6CAguEIAEENQCOgQIABADOgoILhCxAxCDARBDOggILhCABBCxAzoKCAAQgAQQsQMQCjoHCAAQgAQQCjoICAAQgAQQywE6CwguEIAEENQCEMsBOgYIABAWEB5KBAhBGABKBAhGGABQwAhY-jRgojloA3ABeACAAXaIAZAMkgEEMTYuMpgBAKABAcgBCMABAQ&#038;sclient=gws-wiz-serp#\" target=\"_blank\" rel=\"noopener\">Lisez ce que nos clients disent de notre travail<\/a>\t\t\t\t\t\t\t\t<\/div>\n\t\t\t\t\t<\/div>\n\t\t<\/div>\n\t\t\t\t\t<\/div>\n\t\t<\/section>\n\t\t\t\t<\/div>","protected":false},"excerpt":{"rendered":"<p>15 gute Gr\u00fcnde die daf\u00fcr sprechen gemeinsam mit Adam &#038; Behrens zu kaufen Finden Sie Ihre Traumimmobilie Wir haben es uns zur Aufgabe gemacht Menschen gl\u00fccklich zu machen, indem wir zusammen mit Ihnen ein St\u00fcck Lebensqualit\u00e4t hier bei uns im Gro\u00dfraum Denia finden. Wir m\u00f6chten dass Ihre Wohntr\u00e4ume wahr werden und nachfolgend zeigen wir Ihnen [&hellip;]<\/p>\n","protected":false},"author":1,"featured_media":46007,"parent":0,"menu_order":0,"comment_status":"closed","ping_status":"closed","template":"template\/template-homepage.php","meta":{"footnotes":""},"class_list":["post-18072","page","type-page","status-publish","has-post-thumbnail","hentry"],"_links":{"self":[{"href":"https:\/\/adam-behrens.com\/fr\/wp-json\/wp\/v2\/pages\/18072","targetHints":{"allow":["GET"]}}],"collection":[{"href":"https:\/\/adam-behrens.com\/fr\/wp-json\/wp\/v2\/pages"}],"about":[{"href":"https:\/\/adam-behrens.com\/fr\/wp-json\/wp\/v2\/types\/page"}],"author":[{"embeddable":true,"href":"https:\/\/adam-behrens.com\/fr\/wp-json\/wp\/v2\/users\/1"}],"replies":[{"embeddable":true,"href":"https:\/\/adam-behrens.com\/fr\/wp-json\/wp\/v2\/comments?post=18072"}],"version-history":[{"count":6,"href":"https:\/\/adam-behrens.com\/fr\/wp-json\/wp\/v2\/pages\/18072\/revisions"}],"predecessor-version":[{"id":45238,"href":"https:\/\/adam-behrens.com\/fr\/wp-json\/wp\/v2\/pages\/18072\/revisions\/45238"}],"wp:featuredmedia":[{"embeddable":true,"href":"https:\/\/adam-behrens.com\/fr\/wp-json\/wp\/v2\/media\/46007"}],"wp:attachment":[{"href":"https:\/\/adam-behrens.com\/fr\/wp-json\/wp\/v2\/media?parent=18072"}],"curies":[{"name":"wp","href":"https:\/\/api.w.org\/{rel}","templated":true}]}}