{"id":18063,"date":"2021-03-16T18:42:35","date_gmt":"2021-03-16T18:42:35","guid":{"rendered":"https:\/\/adam-behrens.com\/?page_id=18063"},"modified":"2025-11-25T14:34:13","modified_gmt":"2025-11-25T14:34:13","slug":"vendre","status":"publish","type":"page","link":"https:\/\/adam-behrens.com\/fr\/verkaufen\/","title":{"rendered":"Vendre"},"content":{"rendered":"<div data-elementor-type=\"wp-page\" data-elementor-id=\"18063\" class=\"elementor elementor-18063\" data-elementor-post-type=\"page\">\n\t\t\t\t\t\t<section class=\"elementor-section elementor-top-section elementor-element elementor-element-0d6c9f3 elementor-section-full_width elementor-section-height-min-height elementor-section-height-default elementor-section-items-middle\" data-id=\"0d6c9f3\" data-element_type=\"section\" data-e-type=\"section\" data-settings=\"{&quot;background_background&quot;:&quot;classic&quot;}\">\n\t\t\t\t\t\t<div class=\"elementor-container elementor-column-gap-default\">\n\t\t\t\t\t<div class=\"elementor-column elementor-col-100 elementor-top-column elementor-element elementor-element-8b02d76\" data-id=\"8b02d76\" data-element_type=\"column\" data-e-type=\"column\">\n\t\t\t<div class=\"elementor-widget-wrap\">\n\t\t\t\t\t\t\t<\/div>\n\t\t<\/div>\n\t\t\t\t\t<\/div>\n\t\t<\/section>\n\t\t\t\t<section class=\"elementor-section elementor-top-section elementor-element elementor-element-f8cd262 elementor-section-boxed elementor-section-height-default elementor-section-height-default\" data-id=\"f8cd262\" data-element_type=\"section\" data-e-type=\"section\">\n\t\t\t\t\t\t<div class=\"elementor-container elementor-column-gap-default\">\n\t\t\t\t\t<div class=\"elementor-column elementor-col-100 elementor-top-column elementor-element elementor-element-4666e4e\" data-id=\"4666e4e\" data-element_type=\"column\" data-e-type=\"column\">\n\t\t\t<div class=\"elementor-widget-wrap elementor-element-populated\">\n\t\t\t\t\t\t<div class=\"elementor-element elementor-element-368bd69 elementor-widget elementor-widget-spacer\" data-id=\"368bd69\" data-element_type=\"widget\" data-e-type=\"widget\" data-widget_type=\"spacer.default\">\n\t\t\t\t\t\t\t<div class=\"elementor-spacer\">\n\t\t\t<div class=\"elementor-spacer-inner\"><\/div>\n\t\t<\/div>\n\t\t\t\t\t\t<\/div>\n\t\t\t\t<div class=\"elementor-element elementor-element-7a9ceeab animated-slow elementor-invisible elementor-widget elementor-widget-houzez_elementor_section_title\" data-id=\"7a9ceeab\" data-element_type=\"widget\" data-e-type=\"widget\" data-settings=\"{&quot;_animation&quot;:&quot;fadeIn&quot;}\" data-widget_type=\"houzez_elementor_section_title.default\">\n\t\t\t\t<div class=\"elementor-widget-container\">\n\t\t\t\t\t            <div class=\"houzez_section_title_wrap section-title-module\">\n                                    <h2 class=\"houzez_section_title\">Vendre avec Adam &amp; Behrens<\/h2>\n                \n                            <\/div>\n            \t\t\t\t<\/div>\n\t\t\t\t<\/div>\n\t\t\t\t\t<\/div>\n\t\t<\/div>\n\t\t\t\t\t<\/div>\n\t\t<\/section>\n\t\t\t\t<section class=\"elementor-section elementor-top-section elementor-element elementor-element-fe82979 elementor-section-boxed elementor-section-height-default elementor-section-height-default\" data-id=\"fe82979\" data-element_type=\"section\" data-e-type=\"section\">\n\t\t\t\t\t\t<div class=\"elementor-container elementor-column-gap-default\">\n\t\t\t\t\t<div class=\"elementor-column elementor-col-100 elementor-top-column elementor-element elementor-element-acaf9d8\" data-id=\"acaf9d8\" data-element_type=\"column\" data-e-type=\"column\">\n\t\t\t<div class=\"elementor-widget-wrap elementor-element-populated\">\n\t\t\t\t\t\t<div class=\"elementor-element elementor-element-c44a712 elementor-widget elementor-widget-text-editor\" data-id=\"c44a712\" data-element_type=\"widget\" data-e-type=\"widget\" data-widget_type=\"text-editor.default\">\n\t\t\t\t\t\t\t\t\t<p>En tant que vendeur, nous vous donnons l'assurance que votre propri\u00e9t\u00e9 recevra l'attention sur mesure et personnalis\u00e9e avec la strat\u00e9gie marketing qu'elle m\u00e9rite: Notre \u00e9quipe de r\u00e9f\u00e9rencement et de marketing veillera \u00e0 ce que votre propri\u00e9t\u00e9 soit pr\u00e9sent\u00e9e sous son meilleur jour - et qu'elle trouve le bon client.<\/p><p>Si vous vendez votre propri\u00e9t\u00e9 avec Adam &amp; Behrens S.L., cela signifie que vous vendrez votre propri\u00e9t\u00e9 au prix juste du march\u00e9, sans aucun stress. Voici<\/p>\t\t\t\t\t\t\t\t<\/div>\n\t\t\t\t<div class=\"elementor-element elementor-element-be94eba elementor-widget elementor-widget-heading\" data-id=\"be94eba\" data-element_type=\"widget\" data-e-type=\"widget\" data-widget_type=\"heading.default\">\n\t\t\t\t\t<h2 class=\"elementor-heading-title elementor-size-default\">15 bonnes raisons de vender avec Adam &amp; Behrens<\/h2>\t\t\t\t<\/div>\n\t\t\t\t<div class=\"elementor-element elementor-element-9b65ebc elementor-widget elementor-widget-text-editor\" data-id=\"9b65ebc\" data-element_type=\"widget\" data-e-type=\"widget\" data-widget_type=\"text-editor.default\">\n\t\t\t\t\t\t\t\t\t<p><strong>Vendez le plus rapidement possible sans prix de dumping<\/strong><\/p>\n<ol>\n<li>La famille Adam &amp; Behrens se compose de professionnels de l'immobilier avec de nombreuses ann\u00e9es d'exp\u00e9rience et une connaissance approfondie de la Marina Alta sur la Costa Blanca et de son march\u00e9 immobilier. De cette mani\u00e8re, nous offrons aux vendeurs une tr\u00e8s bonne opportunit\u00e9 d'\u00e9valuer de mani\u00e8re optimale le d\u00e9veloppement actuel.<\/li>\n<\/ol>\n<ol start=\"2\">\n<li>Comme nous parlons couramment l'allemand, l'espagnol, l'anglais et le fran\u00e7ais, nous pouvons offrir un service parfaitement personnalis\u00e9 \u00e0 des clients de nombreuses nationalit\u00e9s diff\u00e9rentes.<\/li>\n<\/ol>\n<ol start=\"3\">\n<li>Nous investissons dans un marketing \u00e9tendu sur notre site Web, dans les m\u00e9dias sociaux et les portails immobiliers ainsi que dans la presse \u00e9crite, de sorte qu'il sera presque impossible de n\u00e9gliger votre propri\u00e9t\u00e9 sans qu'elle soit \u00abannonc\u00e9e \u00e0 mort\u00bb.<\/li>\n<\/ol>\n<ol start=\"4\">\n<li>Nous laissons votre propri\u00e9t\u00e9 appara\u00eetre sous son meilleur jour gr\u00e2ce \u00e0 des photos pr\u00e9par\u00e9es de mani\u00e8re optimale, des pr\u00e9sentations personnalis\u00e9es et des strat\u00e9gies de marketing.<\/li>\n<\/ol>\n<ol start=\"5\">\n<li>Nous travaillons avec un vaste r\u00e9seau de partenaires internationaux qui donne \u00e0 votre propri\u00e9t\u00e9 plus de visibilit\u00e9 et augmente les chances d'une vente s\u00e9rieuse.<\/li>\n<\/ol>\n<ol start=\"6\">\n<li>L'histoire de notre entreprise, notre professionnalisme et surtout les bonnes exp\u00e9riences de nos clients suscitent la confiance des acheteurs.<\/li>\n<\/ol>\n<p><strong>Verkaufen Sie zum bestm\u00f6glichen Preis<\/strong><\/p>\n<ol start=\"7\">\n<li>Gr\u00e2ce \u00e0 des \u00e9valuations professionnelles du march\u00e9, bas\u00e9es sur la collecte continue de donn\u00e9es de march\u00e9 et de donn\u00e9es d'exp\u00e9rience de notre part, de nos coll\u00e8gues et notaires li\u00e9s d'amiti\u00e9, votre propri\u00e9t\u00e9 est garantie d'obtenir le meilleur prix du march\u00e9 actuel.<\/li>\n<\/ol>\n<ol start=\"8\">\n<li>Nous ne permettons pas \u00e0 votre propri\u00e9t\u00e9 de perdre de la valeur en raison d'un marketing excessif ou d'un temps de r\u00e9ponse lent. Nous contr\u00f4lons le marketing, surveillons le nombre de parties int\u00e9ress\u00e9es et vous conseillons sur les ajustements de prix et le placement sur le march\u00e9.<\/li>\n<\/ol>\n<ol start=\"9\">\n<li>Nous vous conseillons avec le r\u00e9seau associ\u00e9 et vous accompagnons dans toutes les questions juridiques \/ bureaucratiques auxquelles vous devez vous occuper.<\/li>\n<\/ol>\n<p><strong>Profitez d'une vente sans tracas<\/strong><\/p>\n<ol start=\"10\">\n<li>Ne vous inqui\u00e9tez pas - apr\u00e8s pr\u00e8s de 35 ans d'exp\u00e9rience professionnelle, il n'y a vraiment rien que nous n'ayons pas vu ou que nous ne pouvons pas faire pour vous.<\/li>\n<\/ol>\n<ol start=\"11\">\n<li>Une approche sur mesure - avez-vous des demandes particuli\u00e8res ou pr\u00e9f\u00e9rez-vous une certaine fa\u00e7on de travailler? Pas de probl\u00e8me - nous nous adaptons \u00e0 vos souhaits et pr\u00e9f\u00e9rences.<\/li>\n<\/ol>\n<ol start=\"12\">\n<li>\u00c9vitez le risque de travailler avec des agences individuelles inexp\u00e9riment\u00e9es.<\/li>\n<\/ol>\n<ol start=\"13\">\n<li>Nous vous accompagnons tout au long du processus de vente avec des conseils honn\u00eates et transparents dans votre int\u00e9r\u00eat. Nous prenons en charge tous les travaux n\u00e9cessaires et associ\u00e9s \u00e0 la vente et vous proposons un \"package sans soucis\".<\/li>\n<\/ol>\n<ol start=\"14\">\n<li>Empathie - Une vente immobili\u00e8re est une exp\u00e9rience \u00e9motionnelle et chacun d'entre nous comprend ce qui se passe en vous. Par cons\u00e9quent, nous vous accompagnerons tout au long du processus de vente avec empathie, compr\u00e9hension et notre exp\u00e9rience.<br><br><\/li>\n<li>R\u00e9servez une \u00e9valuation gratuite de votre propri\u00e9t\u00e9<span style=\"font-weight: bold;\">&nbsp; &nbsp; &nbsp; &nbsp; &nbsp;&nbsp;<\/span><\/li>\n<\/ol>\t\t\t\t\t\t\t\t<\/div>\n\t\t\t\t<div class=\"elementor-element elementor-element-e6c715d elementor-widget elementor-widget-text-editor\" data-id=\"e6c715d\" data-element_type=\"widget\" data-e-type=\"widget\" data-widget_type=\"text-editor.default\">\n\t\t\t\t\t\t\t\t\t<strong>\u00a0Contactez-nous aujourd'hui et d\u00e9couvrez ce que vaut votre propri\u00e9t\u00e9<\/strong>\t\t\t\t\t\t\t\t<\/div>\n\t\t\t\t\t<\/div>\n\t\t<\/div>\n\t\t\t\t\t<\/div>\n\t\t<\/section>\n\t\t\t\t<\/div>","protected":false},"excerpt":{"rendered":"<p>Verkaufen mit Adam &#038; Behrens Wir geben Ihnen als Verk\u00e4ufer die Sicherheit, dass ihre Immobilie die ma\u00dfgeschneiderte und personalisierte Aufmerksamkeit mit der Marketingstrategie erh\u00e4lt, die sie verdient. Unser Listing- und Marketing-Team wird sicherstellen, dass Ihre Immobilie in ihrem besten Licht gezeigt wird &#8211; und den richtigen Kunden findet. Wenn Sie Ihre Immobilie mit der Adam [&hellip;]<\/p>\n","protected":false},"author":1,"featured_media":46007,"parent":0,"menu_order":0,"comment_status":"closed","ping_status":"closed","template":"template\/template-homepage.php","meta":{"footnotes":""},"class_list":["post-18063","page","type-page","status-publish","has-post-thumbnail","hentry"],"_links":{"self":[{"href":"https:\/\/adam-behrens.com\/fr\/wp-json\/wp\/v2\/pages\/18063","targetHints":{"allow":["GET"]}}],"collection":[{"href":"https:\/\/adam-behrens.com\/fr\/wp-json\/wp\/v2\/pages"}],"about":[{"href":"https:\/\/adam-behrens.com\/fr\/wp-json\/wp\/v2\/types\/page"}],"author":[{"embeddable":true,"href":"https:\/\/adam-behrens.com\/fr\/wp-json\/wp\/v2\/users\/1"}],"replies":[{"embeddable":true,"href":"https:\/\/adam-behrens.com\/fr\/wp-json\/wp\/v2\/comments?post=18063"}],"version-history":[{"count":6,"href":"https:\/\/adam-behrens.com\/fr\/wp-json\/wp\/v2\/pages\/18063\/revisions"}],"predecessor-version":[{"id":45173,"href":"https:\/\/adam-behrens.com\/fr\/wp-json\/wp\/v2\/pages\/18063\/revisions\/45173"}],"wp:featuredmedia":[{"embeddable":true,"href":"https:\/\/adam-behrens.com\/fr\/wp-json\/wp\/v2\/media\/46007"}],"wp:attachment":[{"href":"https:\/\/adam-behrens.com\/fr\/wp-json\/wp\/v2\/media?parent=18063"}],"curies":[{"name":"wp","href":"https:\/\/api.w.org\/{rel}","templated":true}]}}