{"id":17992,"date":"2021-03-15T15:23:15","date_gmt":"2021-03-15T15:23:15","guid":{"rendered":"https:\/\/adam-behrens.com\/?page_id=17992"},"modified":"2026-01-14T12:46:01","modified_gmt":"2026-01-14T12:46:01","slug":"mentions-legales","status":"publish","type":"page","link":"https:\/\/adam-behrens.com\/fr\/impressum\/","title":{"rendered":"Mentions l\u00e9gales"},"content":{"rendered":"<div data-elementor-type=\"wp-page\" data-elementor-id=\"17992\" class=\"elementor elementor-17992\" data-elementor-post-type=\"page\">\n\t\t\t\t\t\t<section class=\"elementor-section elementor-top-section elementor-element elementor-element-73c757de elementor-section-boxed elementor-section-height-default elementor-section-height-default\" data-id=\"73c757de\" data-element_type=\"section\" data-e-type=\"section\">\n\t\t\t\t\t\t<div class=\"elementor-container elementor-column-gap-default\">\n\t\t\t\t\t<div class=\"elementor-column elementor-col-100 elementor-top-column elementor-element elementor-element-2e0dce9b\" data-id=\"2e0dce9b\" data-element_type=\"column\" data-e-type=\"column\">\n\t\t\t<div class=\"elementor-widget-wrap elementor-element-populated\">\n\t\t\t\t\t\t<div class=\"elementor-element elementor-element-6a727a3c elementor-widget elementor-widget-text-editor\" data-id=\"6a727a3c\" data-element_type=\"widget\" data-e-type=\"widget\" data-widget_type=\"text-editor.default\">\n\t\t\t\t\t\t\t\t\t<p><strong>Adam &amp; Behrens S.L.<\/strong><br><strong>Administrador \u00danico: Fabrice Adler<\/strong><br><strong>E-03700 Denia \/ Alicante<\/strong><br><strong>C\/Riu Serpis 18,14A<\/strong><br><strong>Tel +34 96575 0987<\/strong><\/p>\n<p>www.adam-behrens.com<br>contact@adam-behrens.com<\/p>\n<p>Si\u00e8ge social: Denia, Espagne<br>Registro Mercantil Alicante<br>Num\u00e9ro fiscal international: CIF: ESB54791504<\/p>\n<p>D\u00e9veloppement web: <a href=\"https:\/\/seofoxx.de\" target=\"_blank\" rel=\"noopener\">SeoFoxx<\/a><\/p>\n<p><strong>D\u00e9ni de responsabilit\u00e9<\/strong><br>Adam et Behrens S.L. ne garantit pas que les informations fournies sur ce site Web sont compl\u00e8tes, correctes et toujours \u00e0 jour. Ceci s'applique \u00e9galement \u00e0 toutes les connexions (liens) auxquelles ce site Web renvoie directement ou indirectement. Adam et Behrens S.L. n'est pas responsable du contenu d'une page accessible via un tel lien. Adam et Behrens S.L. se r\u00e9serve le droit d'apporter des modifications ou des ajouts aux informations fournies sans pr\u00e9avis.<\/p>\n<p><strong>Droits d'auteur<\/strong><br>Le contenu et la structure de ce site Web sont prot\u00e9g\u00e9s par le droit d'auteur. La reproduction d'informations ou de donn\u00e9es, en particulier l'utilisation de textes, de parties de textes ou d'images, n'est pas autoris\u00e9e sans autorisation pr\u00e9alable.<\/p>\t\t\t\t\t\t\t\t<\/div>\n\t\t\t\t<div class=\"elementor-element elementor-element-6894ae0 elementor-widget elementor-widget-text-editor\" data-id=\"6894ae0\" data-element_type=\"widget\" data-e-type=\"widget\" data-widget_type=\"text-editor.default\">\n\t\t\t\t\t\t\t\t\tCr\u00e9dits photo:\n\nRendu 3D d'une villa de style m\u00e9diterran\u00e9en avec piscine et jardin - <a class=\"photographer\" href=\"https:\/\/www.istockphoto.com\/de\/portfolio\/Franck-Boston?mediatype=photography\" target=\"_blank\" rel=\"noopener\">Cr\u00e9dit photo:Franck-Boston<\/a>\n\nHand drafting a modern white villa with a pool \u2013 <a class=\"photographer\" href=\"https:\/\/www.istockphoto.com\/de\/portfolio\/Franck-Boston?mediatype=photography\" target=\"_blank\" rel=\"noopener\">Cr\u00e9dit photo:Franck-Boston<\/a>\nColonial building interior in Old Havana , Cuba \u2013 de javigol860101\n\n&nbsp;\t\t\t\t\t\t\t\t<\/div>\n\t\t\t\t\t<\/div>\n\t\t<\/div>\n\t\t\t\t\t<\/div>\n\t\t<\/section>\n\t\t\t\t<\/div>","protected":false},"excerpt":{"rendered":"<p>Adam &amp; Behrens S.L.Administrador \u00danico: Fabrice AdlerE-03700 Denia \/ AlicanteC\/Riu Serpis 18,14ATel +34 96575 0987 www.adam-behrens.comcontact@adam-behrens.com Sitz der Gesellschaft: Denia, SpanienRegistro Mercantil AlicanteInternationale Steuernummer: CIF:ESB54791504 Webentwicklung: SeoFoxx HaftungsausschlussAdam &amp; Behrens S.L. \u00fcbernimmt keine Garantie daf\u00fcr, dass die auf dieser Website bereitgestellten Informationen vollst\u00e4ndig, richtig und in jedem Fall aktuell sind. Dies gilt auch f\u00fcr alle [&hellip;]<\/p>\n","protected":false},"author":1,"featured_media":46007,"parent":0,"menu_order":0,"comment_status":"closed","ping_status":"closed","template":"elementor_header_footer","meta":{"footnotes":""},"class_list":["post-17992","page","type-page","status-publish","has-post-thumbnail","hentry"],"_links":{"self":[{"href":"https:\/\/adam-behrens.com\/fr\/wp-json\/wp\/v2\/pages\/17992","targetHints":{"allow":["GET"]}}],"collection":[{"href":"https:\/\/adam-behrens.com\/fr\/wp-json\/wp\/v2\/pages"}],"about":[{"href":"https:\/\/adam-behrens.com\/fr\/wp-json\/wp\/v2\/types\/page"}],"author":[{"embeddable":true,"href":"https:\/\/adam-behrens.com\/fr\/wp-json\/wp\/v2\/users\/1"}],"replies":[{"embeddable":true,"href":"https:\/\/adam-behrens.com\/fr\/wp-json\/wp\/v2\/comments?post=17992"}],"version-history":[{"count":7,"href":"https:\/\/adam-behrens.com\/fr\/wp-json\/wp\/v2\/pages\/17992\/revisions"}],"predecessor-version":[{"id":46721,"href":"https:\/\/adam-behrens.com\/fr\/wp-json\/wp\/v2\/pages\/17992\/revisions\/46721"}],"wp:featuredmedia":[{"embeddable":true,"href":"https:\/\/adam-behrens.com\/fr\/wp-json\/wp\/v2\/media\/46007"}],"wp:attachment":[{"href":"https:\/\/adam-behrens.com\/fr\/wp-json\/wp\/v2\/media?parent=17992"}],"curies":[{"name":"wp","href":"https:\/\/api.w.org\/{rel}","templated":true}]}}