{"id":16650,"date":"2020-02-24T22:15:15","date_gmt":"2020-02-24T22:15:15","guid":{"rendered":"https:\/\/demo01.houzez.co\/?page_id=16650"},"modified":"2025-11-25T14:20:54","modified_gmt":"2025-11-25T14:20:54","slug":"a-propos-de-nous-2","status":"publish","type":"page","link":"https:\/\/adam-behrens.com\/fr\/ueber-uns\/","title":{"rendered":"\u00c0 propos de nous"},"content":{"rendered":"<div data-elementor-type=\"wp-page\" data-elementor-id=\"16650\" class=\"elementor elementor-16650\" data-elementor-post-type=\"page\">\n\t\t\t\t\t\t<section class=\"elementor-section elementor-top-section elementor-element elementor-element-3eab5910 elementor-section-full_width elementor-section-height-min-height elementor-section-height-default elementor-section-items-middle\" data-id=\"3eab5910\" data-element_type=\"section\" data-e-type=\"section\" data-settings=\"{&quot;background_background&quot;:&quot;classic&quot;}\">\n\t\t\t\t\t\t<div class=\"elementor-container elementor-column-gap-default\">\n\t\t\t\t\t<div class=\"elementor-column elementor-col-100 elementor-top-column elementor-element elementor-element-579e3c\" data-id=\"579e3c\" data-element_type=\"column\" data-e-type=\"column\">\n\t\t\t<div class=\"elementor-widget-wrap\">\n\t\t\t\t\t\t\t<\/div>\n\t\t<\/div>\n\t\t\t\t\t<\/div>\n\t\t<\/section>\n\t\t\t\t<section class=\"elementor-section elementor-top-section elementor-element elementor-element-09038dc elementor-section-boxed elementor-section-height-default elementor-section-height-default\" data-id=\"09038dc\" data-element_type=\"section\" data-e-type=\"section\" data-settings=\"{&quot;background_background&quot;:&quot;classic&quot;}\">\n\t\t\t\t\t\t<div class=\"elementor-container elementor-column-gap-default\">\n\t\t\t\t\t<div class=\"elementor-column elementor-col-100 elementor-top-column elementor-element elementor-element-c8278ac\" data-id=\"c8278ac\" data-element_type=\"column\" data-e-type=\"column\">\n\t\t\t<div class=\"elementor-widget-wrap elementor-element-populated\">\n\t\t\t\t\t\t<div class=\"elementor-element elementor-element-4e990cb elementor-widget elementor-widget-heading\" data-id=\"4e990cb\" data-element_type=\"widget\" data-e-type=\"widget\" data-widget_type=\"heading.default\">\n\t\t\t\t\t<h2 class=\"elementor-heading-title elementor-size-default\">\u00c0 propos de nous<\/h2>\t\t\t\t<\/div>\n\t\t\t\t<div class=\"elementor-element elementor-element-9bb752d elementor-widget-divider--view-line elementor-widget elementor-widget-divider\" data-id=\"9bb752d\" data-element_type=\"widget\" data-e-type=\"widget\" data-widget_type=\"divider.default\">\n\t\t\t\t\t\t\t<div class=\"elementor-divider\">\n\t\t\t<span class=\"elementor-divider-separator\">\n\t\t\t\t\t\t<\/span>\n\t\t<\/div>\n\t\t\t\t\t\t<\/div>\n\t\t\t\t<div class=\"elementor-element elementor-element-ad3246a elementor-widget elementor-widget-spacer\" data-id=\"ad3246a\" data-element_type=\"widget\" data-e-type=\"widget\" data-widget_type=\"spacer.default\">\n\t\t\t\t\t\t\t<div class=\"elementor-spacer\">\n\t\t\t<div class=\"elementor-spacer-inner\"><\/div>\n\t\t<\/div>\n\t\t\t\t\t\t<\/div>\n\t\t\t\t<div class=\"elementor-element elementor-element-e7372b6 animated-slow elementor-invisible elementor-widget elementor-widget-houzez_elementor_section_title\" data-id=\"e7372b6\" data-element_type=\"widget\" data-e-type=\"widget\" data-settings=\"{&quot;_animation&quot;:&quot;fadeIn&quot;}\" data-widget_type=\"houzez_elementor_section_title.default\">\n\t\t\t\t<div class=\"elementor-widget-container\">\n\t\t\t\t\t            <div class=\"houzez_section_title_wrap section-title-module\">\n                                    <h2 class=\"houzez_section_title\">Adam &amp; Behrens\n<\/h2>\n                \n                            <\/div>\n            \t\t\t\t<\/div>\n\t\t\t\t<\/div>\n\t\t\t\t<div class=\"elementor-element elementor-element-69fe9b8 elementor-widget elementor-widget-text-editor\" data-id=\"69fe9b8\" data-element_type=\"widget\" data-e-type=\"widget\" data-widget_type=\"text-editor.default\">\n\t\t\t\t\t\t\t\t\t<p>Nous sommes actifs dans le secteur immobilier en Espagne et en Allemagne depuis plus de 30 ans et nous comptons parmi les prestataires de services les plus exp\u00e9riment\u00e9s de ce segment. Notre portefeuille est vaste, s\u00e9lectionn\u00e9 et nous sommes en constante expansion. Cependant, nous ne commercialisons pas toutes les propri\u00e9t\u00e9s, vous n'avez donc pas \u00e0 faire face \u00e0 des centaines d'offres pour trouver la propri\u00e9t\u00e9 de vos r\u00eaves.<\/p><p>Adam &amp; Behrens est un partenaire fiable et comp\u00e9tent qui vous accompagne aussi bien dans l'achat que dans la vente. Des conseils sp\u00e9cialement adapt\u00e9s \u00e0 vos besoins sont notre priorit\u00e9 absolue.<\/p><p>Notre attention individuelle et ininterrompue \u00e0 votre propri\u00e9t\u00e9 sont les valeurs de notre marque.<\/p><p>En g\u00e9n\u00e9ral, nos clients n'ont pas (encore) leur centre de vie en Espagne. Nous vous aidons \u00e0 trouver la bonne propri\u00e9t\u00e9 gr\u00e2ce \u00e0 notre pr\u00e9sence sur place, notre connaissance des conditions locales et de la langue espagnole. La satisfaction de nos clients est notre priorit\u00e9 absolue. Cela s'applique \u00e0 la fois \u00e0 nos acheteurs et \u00e0 nos vendeurs.<\/p><h2>Conseil individuel<\/h2><p>Nous aimons prendre du temps pour nos clients et les \u00e9couter attentivement. Cela nous donne une id\u00e9e pr\u00e9cise des souhaits et des exigences que vous souhaitez dans votre propri\u00e9t\u00e9 parfaite. Avec nous, vous n'\u00eates pas seulement l'un des nombreux. Afin de garantir cela, nous gardons volontairement notre portefeuille plus g\u00e9rable. De cette fa\u00e7on, nous pouvons nous assurer que nous pouvons nous consacrer \u00e0 chaque propri\u00e9t\u00e9 et \u00e0 chaque client.<\/p><h2>Offre individuelle<\/h2><p>Nous savons que les clients qui viennent de l'\u00e9tranger en particulier veulent seulement regarder de plus pr\u00e8s les propri\u00e9t\u00e9s vraiment pertinentes et ne veulent pas perdre leur temps \u00e0 regarder des propri\u00e9t\u00e9s al\u00e9atoires. Sur la base de ces connaissances, vous recevrez des offres immobili\u00e8res qui vous sont pr\u00e9cis\u00e9ment adapt\u00e9es.<\/p><h2>Prix \u200b\u200b\/ qualit\u00e9<\/h2><p>Nous v\u00e9rifions personnellement toutes les propri\u00e9t\u00e9s propos\u00e9es pour le prix et la qualit\u00e9 - pas d'innombrables propri\u00e9t\u00e9s avec des prix demand\u00e9s irr\u00e9alistes sont propos\u00e9es ici. L'ensemble du processus de vente peut \u00eatre g\u00e9r\u00e9 par nous en coop\u00e9ration avec des conseillers fiscaux et juridiques exp\u00e9riment\u00e9s, afin que vous puissiez \u00eatre s\u00fbr que tout r\u00e9pond aux exigences l\u00e9gales.<\/p><h2>Documentation compl\u00e8te<\/h2><p>Nous concevons une pr\u00e9sentation r\u00e9aliste et bien document\u00e9e des objets - cela facilite la d\u00e9cision pr\u00e9liminaire pour nos clients, m\u00eame \u00e0 distance.<\/p><h2>Visite virtuelle<\/h2><p>Avec l'aide d'une visite num\u00e9rique de la propri\u00e9t\u00e9, nous pouvons parfaitement r\u00e9pondre aux souhaits et int\u00e9r\u00eats individuels et discuter des d\u00e9tails importants lors de l'inspection d\u00e9taill\u00e9e de la cam\u00e9ra.<\/p>\t\t\t\t\t\t\t\t<\/div>\n\t\t\t\t<div class=\"elementor-element elementor-element-7f45f65 animated-slow elementor-invisible elementor-widget elementor-widget-houzez_elementor_section_title\" data-id=\"7f45f65\" data-element_type=\"widget\" data-e-type=\"widget\" data-settings=\"{&quot;_animation&quot;:&quot;fadeIn&quot;}\" data-widget_type=\"houzez_elementor_section_title.default\">\n\t\t\t\t<div class=\"elementor-widget-container\">\n\t\t\t\t\t            <div class=\"houzez_section_title_wrap section-title-module\">\n                                    <h2 class=\"houzez_section_title\">Service de A \u00e0 Z\n\n<\/h2>\n                \n                            <\/div>\n            \t\t\t\t<\/div>\n\t\t\t\t<\/div>\n\t\t\t\t<div class=\"elementor-element elementor-element-91e34d3 elementor-widget elementor-widget-text-editor\" data-id=\"91e34d3\" data-element_type=\"widget\" data-e-type=\"widget\" data-widget_type=\"text-editor.default\">\n\t\t\t\t\t\t\t\t\t<p>En plus de l'activit\u00e9 immobili\u00e8re classique, nous vous proposons tous les services li\u00e9s \u00e0 votre propri\u00e9t\u00e9 et \u00e0 votre vie sur la Costa Blanca.<\/p><p>Vous trouverez ici des r\u00e9ponses \u00e0 des questions sp\u00e9cifiques sur l'achat et la vente de biens immobiliers, des informations sur le march\u00e9 immobilier actuel et des faits int\u00e9ressants pour votre vie sur la Costa Blanca.<\/p><p><em><strong>Notre service pour vous<\/strong><\/em><\/p><p>Que vous soyez \u00e0 la recherche d'un entretien fiable de la piscine, que vous ayez besoin d'un jardinier, que vous souhaitiez que votre maison soit bien entretenue m\u00eame en votre absence, un \u00e9lectricien est n\u00e9cessaire\u2026. - Notre \u00e9quipe de sp\u00e9cialistes s\u00e9lectionn\u00e9s est \u00e0 votre disposition.<\/p>\t\t\t\t\t\t\t\t<\/div>\n\t\t\t\t<div class=\"elementor-element elementor-element-960e3c4 elementor-widget elementor-widget-text-editor\" data-id=\"960e3c4\" data-element_type=\"widget\" data-e-type=\"widget\" data-widget_type=\"text-editor.default\">\n\t\t\t\t\t\t\t\t\t<p><a href=\"https:\/\/adam-behrens.com\/fr\/contact\/\">Appelez-nous ou envoyez-nous un e-mail - nous prendrons en charge votre demande.<\/a><\/p>\t\t\t\t\t\t\t\t<\/div>\n\t\t\t\t<div class=\"elementor-element elementor-element-a040eaf elementor-widget elementor-widget-spacer\" data-id=\"a040eaf\" data-element_type=\"widget\" data-e-type=\"widget\" data-widget_type=\"spacer.default\">\n\t\t\t\t\t\t\t<div class=\"elementor-spacer\">\n\t\t\t<div class=\"elementor-spacer-inner\"><\/div>\n\t\t<\/div>\n\t\t\t\t\t\t<\/div>\n\t\t\t\t<div class=\"elementor-element elementor-element-89a95a6 elementor-widget elementor-widget-spacer\" data-id=\"89a95a6\" data-element_type=\"widget\" data-e-type=\"widget\" data-widget_type=\"spacer.default\">\n\t\t\t\t\t\t\t<div class=\"elementor-spacer\">\n\t\t\t<div class=\"elementor-spacer-inner\"><\/div>\n\t\t<\/div>\n\t\t\t\t\t\t<\/div>\n\t\t\t\t\t<\/div>\n\t\t<\/div>\n\t\t\t\t\t<\/div>\n\t\t<\/section>\n\t\t\t\t<section class=\"elementor-section elementor-top-section elementor-element elementor-element-f29f090 elementor-section-boxed elementor-section-height-default elementor-section-height-default\" data-id=\"f29f090\" data-element_type=\"section\" data-e-type=\"section\" id=\"team\">\n\t\t\t\t\t\t<div class=\"elementor-container elementor-column-gap-default\">\n\t\t\t\t\t<div class=\"elementor-column elementor-col-100 elementor-top-column elementor-element elementor-element-1348619\" data-id=\"1348619\" data-element_type=\"column\" data-e-type=\"column\">\n\t\t\t<div class=\"elementor-widget-wrap elementor-element-populated\">\n\t\t\t\t\t\t<div class=\"elementor-element elementor-element-d8431e2 animated-slow elementor-invisible elementor-widget elementor-widget-houzez_elementor_section_title\" data-id=\"d8431e2\" data-element_type=\"widget\" data-e-type=\"widget\" data-settings=\"{&quot;_animation&quot;:&quot;fadeIn&quot;}\" data-widget_type=\"houzez_elementor_section_title.default\">\n\t\t\t\t<div class=\"elementor-widget-container\">\n\t\t\t\t\t            <div class=\"houzez_section_title_wrap section-title-module\">\n                                    <h2 class=\"houzez_section_title\">Notre \u00e9quipe<\/h2>\n                \n                            <\/div>\n            \t\t\t\t<\/div>\n\t\t\t\t<\/div>\n\t\t\t\t<div class=\"elementor-element elementor-element-d264b03 elementor-widget elementor-widget-houzez_elementor_agents\" data-id=\"d264b03\" data-element_type=\"widget\" data-e-type=\"widget\" data-widget_type=\"houzez_elementor_agents.default\">\n\t\t\t\t<div class=\"elementor-widget-container\">\n\t\t\t\t\t\n        <!--start agents module-->\n                    <div class=\"agent-module agents-grid\">\n                <div class=\"grid-view row row-cols-1 row-cols-md-2 row-cols-lg-3 row-cols-xl-3\">\n\n                <div class=\"agent-grid-wrap agent-item d-flex flex-column align-items-center text-center\">\n\t<div class=\"agent-grid-image-wrap mb-3\">\n\t\t<a class=\"agent-grid-image d-block\" href=\"https:\/\/adam-behrens.com\/fr\/agent\/fabrice-adler\/\">\n\t\t\t<img decoding=\"async\" width=\"150\" height=\"150\" src=\"https:\/\/adam-behrens.com\/wp-content\/uploads\/2025\/09\/P5040135-e1757146708506-150x150.jpg\" class=\"img-fluid rounded-circle wp-post-image\" alt=\"\" srcset=\"https:\/\/adam-behrens.com\/wp-content\/uploads\/2025\/09\/P5040135-e1757146708506-150x150.jpg 150w, https:\/\/adam-behrens.com\/wp-content\/uploads\/2025\/09\/P5040135-e1757146708506-11x12.jpg 11w, https:\/\/adam-behrens.com\/wp-content\/uploads\/2025\/09\/P5040135-e1757146708506-780x780.jpg 780w, https:\/\/adam-behrens.com\/wp-content\/uploads\/2025\/09\/P5040135-e1757146708506-300x300.jpg 300w, https:\/\/adam-behrens.com\/wp-content\/uploads\/2025\/09\/P5040135-e1757146708506-400x400.jpg 400w, https:\/\/adam-behrens.com\/wp-content\/uploads\/2025\/09\/P5040135-e1757146708506-600x600.jpg 600w\" sizes=\"(max-width: 150px) 100vw, 150px\" \/>\t\t\t\n\t\t<\/a>\n\t<\/div>\n\n\t<div class=\"agent-info\">\n\t\t<div class=\"agent-name\">\n\t\t\t<a href=\"https:\/\/adam-behrens.com\/fr\/agent\/fabrice-adler\/\" class=\"text-decoration-none\">Fabrice Adler - Adam Behrens<\/a>\n\t\t<\/div>\n\n\t\t<div class=\"agent-company\">\n\t\t\t                Propri\u00e9taire et directeur g\u00e9n\u00e9ral                            \t\t<\/div>\n\t<\/div>\n\t<div class=\"agent-body py-3\">\n\t\t<p>En 2025, Fabrice Adler a repris l'entreprise Adam &amp; Behrens SL...<\/p>\n\t<\/div>\n\t<div class=\"agent-link\">\n\t\t<a href=\"https:\/\/adam-behrens.com\/fr\/agent\/fabrice-adler\/\">Voir le profil<\/a>\n\t<\/div>\n<\/div><div class=\"agent-grid-wrap agent-item d-flex flex-column align-items-center text-center\">\n\t<div class=\"agent-grid-image-wrap mb-3\">\n\t\t<a class=\"agent-grid-image d-block\" href=\"https:\/\/adam-behrens.com\/fr\/agent\/guenter-adam\/\">\n\t\t\t<img decoding=\"async\" width=\"150\" height=\"150\" src=\"https:\/\/adam-behrens.com\/wp-content\/uploads\/2021\/03\/Guenter-1-150x150.jpg\" class=\"img-fluid rounded-circle wp-post-image\" alt=\"\" srcset=\"https:\/\/adam-behrens.com\/wp-content\/uploads\/2021\/03\/Guenter-1-150x150.jpg 150w, https:\/\/adam-behrens.com\/wp-content\/uploads\/2021\/03\/Guenter-1-300x300.jpg 300w, https:\/\/adam-behrens.com\/wp-content\/uploads\/2021\/03\/Guenter-1-12x12.jpg 12w, https:\/\/adam-behrens.com\/wp-content\/uploads\/2021\/03\/Guenter-1.jpg 400w\" sizes=\"(max-width: 150px) 100vw, 150px\" \/>\t\t\t\n\t\t<\/a>\n\t<\/div>\n\n\t<div class=\"agent-info\">\n\t\t<div class=\"agent-name\">\n\t\t\t<a href=\"https:\/\/adam-behrens.com\/fr\/agent\/guenter-adam\/\" class=\"text-decoration-none\">G\u00fcnter Adam<\/a>\n\t\t<\/div>\n\n\t\t<div class=\"agent-company\">\n\t\t\t                Fondateur de l'entreprise                            \t\t<\/div>\n\t<\/div>\n\t<div class=\"agent-body py-3\">\n\t\t<p>&nbsp; En 1981, M. Adam a pris sa retraite du secteur public afin de se consacrer...<\/p>\n\t<\/div>\n\t<div class=\"agent-link\">\n\t\t<a href=\"https:\/\/adam-behrens.com\/fr\/agent\/guenter-adam\/\">Voir le profil<\/a>\n\t<\/div>\n<\/div><div class=\"agent-grid-wrap agent-item d-flex flex-column align-items-center text-center\">\n\t<div class=\"agent-grid-image-wrap mb-3\">\n\t\t<a class=\"agent-grid-image d-block\" href=\"https:\/\/adam-behrens.com\/fr\/agent\/susanne-behrens\/\">\n\t\t\t<img decoding=\"async\" width=\"150\" height=\"150\" src=\"https:\/\/adam-behrens.com\/wp-content\/uploads\/2016\/02\/Susanne-150x150.jpg\" class=\"img-fluid rounded-circle wp-post-image\" alt=\"\" srcset=\"https:\/\/adam-behrens.com\/wp-content\/uploads\/2016\/02\/Susanne-150x150.jpg 150w, https:\/\/adam-behrens.com\/wp-content\/uploads\/2016\/02\/Susanne-300x300.jpg 300w, https:\/\/adam-behrens.com\/wp-content\/uploads\/2016\/02\/Susanne-12x12.jpg 12w, https:\/\/adam-behrens.com\/wp-content\/uploads\/2016\/02\/Susanne.jpg 400w\" sizes=\"(max-width: 150px) 100vw, 150px\" \/>\t\t\t\n\t\t<\/a>\n\t<\/div>\n\n\t<div class=\"agent-info\">\n\t\t<div class=\"agent-name\">\n\t\t\t<a href=\"https:\/\/adam-behrens.com\/fr\/agent\/susanne-behrens\/\" class=\"text-decoration-none\">Susanne Behrens<\/a>\n\t\t<\/div>\n\n\t\t<div class=\"agent-company\">\n\t\t\t                Fondatrice de l'entreprise                            \t\t<\/div>\n\t<\/div>\n\t<div class=\"agent-body py-3\">\n\t\t<p>Susanne Behrens est cofondatrice d'Adam &amp; Behrens S.L.. Elle travaille sur la Costa Blanca...<\/p>\n\t<\/div>\n\t<div class=\"agent-link\">\n\t\t<a href=\"https:\/\/adam-behrens.com\/fr\/agent\/susanne-behrens\/\">Voir le profil<\/a>\n\t<\/div>\n<\/div><div class=\"agent-grid-wrap agent-item d-flex flex-column align-items-center text-center\">\n\t<div class=\"agent-grid-image-wrap mb-3\">\n\t\t<a class=\"agent-grid-image d-block\" href=\"https:\/\/adam-behrens.com\/fr\/agent\/renate-wienerroither\/\">\n\t\t\t<img loading=\"lazy\" decoding=\"async\" width=\"150\" height=\"150\" src=\"https:\/\/adam-behrens.com\/wp-content\/uploads\/2021\/03\/Passfoto-150x150.jpg\" class=\"img-fluid rounded-circle wp-post-image\" alt=\"\" srcset=\"https:\/\/adam-behrens.com\/wp-content\/uploads\/2021\/03\/Passfoto-150x150.jpg 150w, https:\/\/adam-behrens.com\/wp-content\/uploads\/2021\/03\/Passfoto-12x12.jpg 12w\" sizes=\"(max-width: 150px) 100vw, 150px\" \/>\t\t\t\n\t\t<\/a>\n\t<\/div>\n\n\t<div class=\"agent-info\">\n\t\t<div class=\"agent-name\">\n\t\t\t<a href=\"https:\/\/adam-behrens.com\/fr\/agent\/renate-wienerroither\/\" class=\"text-decoration-none\">Renate Wienerroither<\/a>\n\t\t<\/div>\n\n\t\t<div class=\"agent-company\">\n\t\t\t                Sales &amp; Backoffice                            \t\t<\/div>\n\t<\/div>\n\t<div class=\"agent-body py-3\">\n\t\t<p>Renate est autrichienne et travaille chez Adam &amp; Behrens S.L. depuis 2015. Elle est notre tr\u00e9sor au bureau...<\/p>\n\t<\/div>\n\t<div class=\"agent-link\">\n\t\t<a href=\"https:\/\/adam-behrens.com\/fr\/agent\/renate-wienerroither\/\">Voir le profil<\/a>\n\t<\/div>\n<\/div><div class=\"agent-grid-wrap agent-item d-flex flex-column align-items-center text-center\">\n\t<div class=\"agent-grid-image-wrap mb-3\">\n\t\t<a class=\"agent-grid-image d-block\" href=\"https:\/\/adam-behrens.com\/fr\/agent\/nicola-middendorf\/\">\n\t\t\t<img loading=\"lazy\" decoding=\"async\" width=\"150\" height=\"150\" src=\"https:\/\/adam-behrens.com\/wp-content\/uploads\/2021\/03\/Nicola-1-150x150.jpg\" class=\"img-fluid rounded-circle wp-post-image\" alt=\"\" srcset=\"https:\/\/adam-behrens.com\/wp-content\/uploads\/2021\/03\/Nicola-1-150x150.jpg 150w, https:\/\/adam-behrens.com\/wp-content\/uploads\/2021\/03\/Nicola-1-300x300.jpg 300w, https:\/\/adam-behrens.com\/wp-content\/uploads\/2021\/03\/Nicola-1-12x12.jpg 12w, https:\/\/adam-behrens.com\/wp-content\/uploads\/2021\/03\/Nicola-1.jpg 400w\" sizes=\"(max-width: 150px) 100vw, 150px\" \/>\t\t\t\n\t\t<\/a>\n\t<\/div>\n\n\t<div class=\"agent-info\">\n\t\t<div class=\"agent-name\">\n\t\t\t<a href=\"https:\/\/adam-behrens.com\/fr\/agent\/nicola-middendorf\/\" class=\"text-decoration-none\">Nicola Middendorf<\/a>\n\t\t<\/div>\n\n\t\t<div class=\"agent-company\">\n\t\t\t                Location de vacances                            \t\t<\/div>\n\t<\/div>\n\t<div class=\"agent-body py-3\">\n\t\t<p>Nicola est responsable du conseil \u00e0 la client\u00e8le dans le domaine des locations de vacances...<\/p>\n\t<\/div>\n\t<div class=\"agent-link\">\n\t\t<a href=\"https:\/\/adam-behrens.com\/fr\/agent\/nicola-middendorf\/\">Voir le profil<\/a>\n\t<\/div>\n<\/div><div class=\"agent-grid-wrap agent-item d-flex flex-column align-items-center text-center\">\n\t<div class=\"agent-grid-image-wrap mb-3\">\n\t\t<a class=\"agent-grid-image d-block\" href=\"https:\/\/adam-behrens.com\/fr\/agent\/michael-jaspers\/\">\n\t\t\t<img loading=\"lazy\" decoding=\"async\" width=\"150\" height=\"150\" src=\"https:\/\/adam-behrens.com\/wp-content\/uploads\/2021\/03\/Bild-Michael-150x150.jpg\" class=\"img-fluid rounded-circle wp-post-image\" alt=\"\" srcset=\"https:\/\/adam-behrens.com\/wp-content\/uploads\/2021\/03\/Bild-Michael-150x150.jpg 150w, https:\/\/adam-behrens.com\/wp-content\/uploads\/2021\/03\/Bild-Michael-780x780.jpg 780w\" sizes=\"(max-width: 150px) 100vw, 150px\" \/>\t\t\t\n\t\t<\/a>\n\t<\/div>\n\n\t<div class=\"agent-info\">\n\t\t<div class=\"agent-name\">\n\t\t\t<a href=\"https:\/\/adam-behrens.com\/fr\/agent\/michael-jaspers\/\" class=\"text-decoration-none\">Michael Jaspers<\/a>\n\t\t<\/div>\n\n\t\t<div class=\"agent-company\">\n\t\t\t                Vente                            \t\t<\/div>\n\t<\/div>\n\t<div class=\"agent-body py-3\">\n\t\t<p>M. Jaspers est un vendeur immobilier passionn\u00e9 et exp\u00e9riment\u00e9 ...<\/p>\n\t<\/div>\n\t<div class=\"agent-link\">\n\t\t<a href=\"https:\/\/adam-behrens.com\/fr\/agent\/michael-jaspers\/\">Voir le profil<\/a>\n\t<\/div>\n<\/div>                <\/div>\n            <\/div><!-- agent-module -->\n\n                <!--end post agents module-->\n\n\n        \t\t\t\t<\/div>\n\t\t\t\t<\/div>\n\t\t\t\t\t<\/div>\n\t\t<\/div>\n\t\t\t\t\t<\/div>\n\t\t<\/section>\n\t\t\t\t<\/div>","protected":false},"excerpt":{"rendered":"<p>\u00dcber Uns Adam &#038; Behrens Wir sind seit \u00fcber 30 Jahren in der Vermittlung von Immobilien sowohl in Spanien als auch in Deutschland t\u00e4tig und geh\u00f6ren zu den erfahrenen Anbietern in diesem Segment. Unser Portfolio ist umfangreich, ausgesucht und wir befinden uns in einem kontinuierlichen Ausbau. Wir nehmen jedoch nicht jedes Objekt in den Vertrieb, [&hellip;]<\/p>\n","protected":false},"author":1,"featured_media":46007,"parent":0,"menu_order":0,"comment_status":"closed","ping_status":"closed","template":"template\/template-homepage.php","meta":{"footnotes":""},"class_list":["post-16650","page","type-page","status-publish","has-post-thumbnail","hentry"],"_links":{"self":[{"href":"https:\/\/adam-behrens.com\/fr\/wp-json\/wp\/v2\/pages\/16650","targetHints":{"allow":["GET"]}}],"collection":[{"href":"https:\/\/adam-behrens.com\/fr\/wp-json\/wp\/v2\/pages"}],"about":[{"href":"https:\/\/adam-behrens.com\/fr\/wp-json\/wp\/v2\/types\/page"}],"author":[{"embeddable":true,"href":"https:\/\/adam-behrens.com\/fr\/wp-json\/wp\/v2\/users\/1"}],"replies":[{"embeddable":true,"href":"https:\/\/adam-behrens.com\/fr\/wp-json\/wp\/v2\/comments?post=16650"}],"version-history":[{"count":6,"href":"https:\/\/adam-behrens.com\/fr\/wp-json\/wp\/v2\/pages\/16650\/revisions"}],"predecessor-version":[{"id":45155,"href":"https:\/\/adam-behrens.com\/fr\/wp-json\/wp\/v2\/pages\/16650\/revisions\/45155"}],"wp:featuredmedia":[{"embeddable":true,"href":"https:\/\/adam-behrens.com\/fr\/wp-json\/wp\/v2\/media\/46007"}],"wp:attachment":[{"href":"https:\/\/adam-behrens.com\/fr\/wp-json\/wp\/v2\/media?parent=16650"}],"curies":[{"name":"wp","href":"https:\/\/api.w.org\/{rel}","templated":true}]}}