{"id":46018,"date":"2025-11-25T14:50:48","date_gmt":"2025-11-25T14:50:48","guid":{"rendered":"https:\/\/adam-behrens.com\/?page_id=46018"},"modified":"2025-11-26T11:15:03","modified_gmt":"2025-11-26T11:15:03","slug":"experienciahotelera","status":"publish","type":"page","link":"https:\/\/adam-behrens.com\/es\/hotelexpertise\/","title":{"rendered":"Experiencia hotelera"},"content":{"rendered":"<div data-elementor-type=\"wp-page\" data-elementor-id=\"46018\" class=\"elementor elementor-46018\" data-elementor-post-type=\"page\">\n\t\t\t\t<div class=\"elementor-element elementor-element-971d0da e-flex e-con-boxed e-con e-parent\" data-id=\"971d0da\" data-element_type=\"container\" data-e-type=\"container\">\n\t\t\t\t\t<div class=\"e-con-inner\">\n\t\t\t\t<div class=\"elementor-element elementor-element-5bf7434 elementor-widget elementor-widget-image\" data-id=\"5bf7434\" data-element_type=\"widget\" data-e-type=\"widget\" data-widget_type=\"image.default\">\n\t\t\t\t\t\t\t\t\t\t\t\t\t\t\t<img fetchpriority=\"high\" decoding=\"async\" width=\"2560\" height=\"1920\" src=\"https:\/\/adam-behrens.com\/wp-content\/uploads\/2025\/11\/1-scaled.png\" class=\"attachment-full size-full wp-image-46035\" alt=\"\" srcset=\"https:\/\/adam-behrens.com\/wp-content\/uploads\/2025\/11\/1-scaled.png 2560w, https:\/\/adam-behrens.com\/wp-content\/uploads\/2025\/11\/1-1536x1152.png 1536w, https:\/\/adam-behrens.com\/wp-content\/uploads\/2025\/11\/1-2048x1536.png 2048w, https:\/\/adam-behrens.com\/wp-content\/uploads\/2025\/11\/1-16x12.png 16w, https:\/\/adam-behrens.com\/wp-content\/uploads\/2025\/11\/1-584x438.png 584w\" sizes=\"(max-width: 2560px) 100vw, 2560px\" \/>\t\t\t\t\t\t\t\t\t\t\t\t\t\t\t<\/div>\n\t\t\t\t\t<\/div>\n\t\t\t\t<\/div>\n\t\t<div class=\"elementor-element elementor-element-188ea3e e-flex e-con-boxed e-con e-parent\" data-id=\"188ea3e\" data-element_type=\"container\" data-e-type=\"container\">\n\t\t\t\t\t<div class=\"e-con-inner\">\n\t\t\t\t<div class=\"elementor-element elementor-element-1fc629e elementor-widget elementor-widget-text-editor\" data-id=\"1fc629e\" data-element_type=\"widget\" data-e-type=\"widget\" data-widget_type=\"text-editor.default\">\n\t\t\t\t\t\t\t\t\t<h3><\/h3>\n<h3>\ud83c\udfe8 <strong data-start=\"285\" data-end=\"314\">Acerca de m\u00ed \u2013 Fabrice Adler<\/strong><\/h3>\n<p data-start=\"316\" data-end=\"827\">La hosteler\u00eda es desde hace muchos a\u00f1os no solo mi pasi\u00f3n profesional, sino tambi\u00e9n personal.<br data-start=\"426\" data-end=\"429\" \/>Mi trayectoria me ha llevado paso a paso desde la hosteler\u00eda operativa hasta la gesti\u00f3n estrat\u00e9gica y el acompa\u00f1amiento de complejos proyectos inmobiliarios hoteleros.<br data-start=\"592\" data-end=\"595\" \/>Hoy en d\u00eda combino <strong data-start=\"616\" data-end=\"644\">mi experiencia operativa en hosteler\u00eda<\/strong>, <strong data-start=\"646\" data-end=\"683\">, mis competencias en gesti\u00f3n empresarial<\/strong> y <strong data-start=\"688\" data-end=\"727\">mis conocimientos en econom\u00eda inmobiliaria<\/strong>para actuar de la mejor manera posible en el \u00e1mbito inmobiliario hotelero.<\/p>\n\n\n<hr data-start=\"829\" data-end=\"832\" \/>\n\n<h3><\/h3>\n<h3>\ud83d\udcbc <strong data-start=\"841\" data-end=\"881\">Trayectoria profesional y \u00e1reas de especializaci\u00f3n<\/strong><\/h3>\n<h5><strong data-start=\"883\" data-end=\"941\">1.\u00a0<\/strong><strong data-start=\"883\" data-end=\"941\">Operative Hotellerie \u2013 die Basis des Verst\u00e4ndnisses<\/strong><\/h5>\n<ul>\n \t<li data-start=\"944\" data-end=\"1031\">Estudios en Gesti\u00f3n Hotelera Internacional y primeras etapas profesionales en prestigiosos establecimientos de la hosteler\u00eda internacional, as\u00ed como en consultor\u00eda operativa.<\/li>\n \t<li data-start=\"1034\" data-end=\"1112\">Amplios conocimientos en las diferentes \u00e1reas de la gesti\u00f3n operativa hotelera<\/li>\n \t<li data-start=\"1115\" data-end=\"1217\">Desarrollo de un profundo conocimiento de los procesos operativos, las necesidades de los hu\u00e9spedes, la calidad del servicio y la optimizaci\u00f3n de procesos<\/li>\n<\/ul>\n<h5><span style=\"font-weight: bold;\" data-start=\"1563\" data-end=\"1601\">2.\u00a0<\/span><strong style=\"font-size: 1.25rem;\" data-start=\"1219\" data-end=\"1248\">Gesti\u00f3n y estrategia<\/strong><\/h5>\n<ul>\n \t<li data-start=\"1115\" data-end=\"1217\">M\u00e1ster adicional en gesti\u00f3n empresarial<\/li>\n \t<li data-start=\"1882\" data-end=\"2008\">Basado en el m\u00e1ster en gesti\u00f3n empresarial <span data-start=\"1951\" data-end=\"1975\">ejercicio de puestos directivos en el sector hotelero e inmobiliario<\/span> im Hotel- und Immobilienumfeld<\/li>\n \t<li data-start=\"2011\" data-end=\"2133\">Responsable de la direcci\u00f3n de equipos, el presupuesto y los resultados de la divisi\u00f3n, el desarrollo organizativo y la planificaci\u00f3n estrat\u00e9gica<\/li>\n \t<li data-start=\"2136\" data-end=\"2234\">Combinaci\u00f3n de mentalidad empresarial y competencia pr\u00e1ctica en la implementaci\u00f3n en mercados din\u00e1micos<\/li>\n<\/ul>\n<h5><span style=\"font-weight: bold;\" data-start=\"1563\" data-end=\"1601\">3. Inmuebles hoteleros: fusi\u00f3n de operaciones, estrategia e inmuebles<\/span><\/h5>\n<ul>\n \t<li data-start=\"1604\" data-end=\"1666\">Responsable del \u00e1rea de inmuebles hoteleros en una de las mayores consultoras internacionales (en total, casi 7 a\u00f1os):\n<ul>\n \t<li>Acompa\u00f1amiento en transacciones inmobiliarias hoteleras y transacciones de operadores<\/li>\n \t<li>Due diligence por parte del comprador\/vendedor<\/li>\n \t<li>Valoraci\u00f3n de inmuebles hoteleros<\/li>\n \t<li>Gesti\u00f3n de activos<\/li>\n \t<li>An\u00e1lisis de modelos de negocio (auditor\u00edas integrales)<\/li>\n \t<li>Servicios de desarrollo de proyectos (estudios de viabilidad, alquiler, etc.)<\/li>\n \t<li>y mucho m\u00e1s.<\/li>\n<\/ul>\n<\/li>\n \t<li data-start=\"295\" data-end=\"410\" class=\"translation-block\">Amplia experiencia en conciliar el rendimiento operativo y el valor inmobiliario<\/li>\n \t<li data-start=\"556\" data-end=\"665\" class=\"translation-block\">Comprensi\u00f3n de c\u00f3mo los modelos contractuales (arrendamiento, gesti\u00f3n, franquicia) influyen en el valor inmobiliario a largo plazo<\/li>\n \t<li data-start=\"919\" data-end=\"1075\" class=\"translation-block\">Experiencia en traducir el rendimiento operativo en l\u00f3gica inversora<\/li>\n \t<li data-start=\"1078\" data-end=\"1204\">Visi\u00f3n integral del ciclo de vida de un inmueble hotelero, desde su desarrollo y explotaci\u00f3n hasta su reposicionamiento o salida<\/li>\n \t<li data-start=\"1207\" data-end=\"1322\" class=\"translation-block\">Capacidad para moderar los intereses de inversores y operadores y convertirlos en asociaciones sostenibles<\/li>\n<\/ul>\n\n<hr data-start=\"1918\" data-end=\"1921\" \/>\n\n<h3><\/h3>\n<h3>\ud83c\udfaf\u00a0<b style=\"font-size: 1.75rem;\">Hotel-<\/b><strong style=\"font-size: 1.75rem;\" data-start=\"1930\" data-end=\"1962\">Actuales prioridades de los hoteles<\/strong><\/h3>\n<ul>\n \t<li data-start=\"1965\" data-end=\"2057\">Asistencia en <span data-start=\"2078\" data-end=\"2134\">transacciones inmobiliarias hoteleras en Espa\u00f1a<\/span><\/li>\n \t<li data-start=\"2139\" data-end=\"2210\">Valoraci\u00f3n de estos inmuebles teniendo en cuenta las expectativas de precios<\/li>\n \t<li data-start=\"2139\" data-end=\"2210\">Contacto con inversores y operadores nacionales e internacionales de renombre<\/li>\n \t<li data-start=\"2139\" data-end=\"2210\">Medidas preparatorias para la apertura prevista de un hotel boutique propio (actualmente, acompa\u00f1amiento en la remodelaci\u00f3n del inmueble)<\/li>\n<\/ul>\t\t\t\t\t\t\t\t<\/div>\n\t\t\t\t\t<\/div>\n\t\t\t\t<\/div>\n\t\t<div class=\"elementor-element elementor-element-4efc1fc e-flex e-con-boxed e-con e-parent\" data-id=\"4efc1fc\" data-element_type=\"container\" data-e-type=\"container\">\n\t\t\t\t\t<div class=\"e-con-inner\">\n\t\t\t\t<div class=\"elementor-element elementor-element-461cdd1 elementor-position-top elementor-widget elementor-widget-image-box\" data-id=\"461cdd1\" data-element_type=\"widget\" data-e-type=\"widget\" data-widget_type=\"image-box.default\">\n\t\t\t\t\t<div class=\"elementor-image-box-wrapper\"><figure class=\"elementor-image-box-img\"><a href=\"https:\/\/adam-behrens.com\/es\/comprar\/hoteles\/\" tabindex=\"-1\"><img decoding=\"async\" width=\"1140\" height=\"750\" src=\"https:\/\/adam-behrens.com\/wp-content\/uploads\/2025\/10\/1-2.png\" class=\"attachment-full size-full wp-image-45174\" alt=\"\" srcset=\"https:\/\/adam-behrens.com\/wp-content\/uploads\/2025\/10\/1-2.png 1140w, https:\/\/adam-behrens.com\/wp-content\/uploads\/2025\/10\/1-2-18x12.png 18w\" sizes=\"(max-width: 1140px) 100vw, 1140px\" \/><\/a><\/figure><div class=\"elementor-image-box-content\"><h3 class=\"elementor-image-box-title\"><a href=\"https:\/\/adam-behrens.com\/es\/comprar\/hoteles\/\">Para ver las ofertas actuales de hoteles, haga clic aqu\u00ed<\/a><\/h3><\/div><\/div>\t\t\t\t<\/div>\n\t\t\t\t\t<\/div>\n\t\t\t\t<\/div>\n\t\t\t\t<\/div>","protected":false},"excerpt":{"rendered":"<p>\ud83c\udfe8 \u00dcber mich \u2013 Fabrice Adler Die Hotellerie ist seit vielen Jahren nicht nur meine berufliche, sondern auch meine pers\u00f6nliche Leidenschaft.Mein Weg f\u00fchrte mich Schritt f\u00fcr Schritt von der operativen Hotellerie \u00fcber das strategische Management bis hin zur Begleitung komplexer Hotelimmobilienprojekte.Heute kombiniere ich operative Hotelerfahrung, betriebswirtschaftliche Kompetenz und immobilienwirtschaftliches Know-how, um bestm\u00f6glich im Hotelimmobilienumfeld zu [&hellip;]<\/p>\n","protected":false},"author":3,"featured_media":46035,"parent":0,"menu_order":0,"comment_status":"closed","ping_status":"closed","template":"template\/template-homepage.php","meta":{"footnotes":""},"class_list":["post-46018","page","type-page","status-publish","has-post-thumbnail","hentry"],"_links":{"self":[{"href":"https:\/\/adam-behrens.com\/es\/wp-json\/wp\/v2\/pages\/46018","targetHints":{"allow":["GET"]}}],"collection":[{"href":"https:\/\/adam-behrens.com\/es\/wp-json\/wp\/v2\/pages"}],"about":[{"href":"https:\/\/adam-behrens.com\/es\/wp-json\/wp\/v2\/types\/page"}],"author":[{"embeddable":true,"href":"https:\/\/adam-behrens.com\/es\/wp-json\/wp\/v2\/users\/3"}],"replies":[{"embeddable":true,"href":"https:\/\/adam-behrens.com\/es\/wp-json\/wp\/v2\/comments?post=46018"}],"version-history":[{"count":43,"href":"https:\/\/adam-behrens.com\/es\/wp-json\/wp\/v2\/pages\/46018\/revisions"}],"predecessor-version":[{"id":46068,"href":"https:\/\/adam-behrens.com\/es\/wp-json\/wp\/v2\/pages\/46018\/revisions\/46068"}],"wp:featuredmedia":[{"embeddable":true,"href":"https:\/\/adam-behrens.com\/es\/wp-json\/wp\/v2\/media\/46035"}],"wp:attachment":[{"href":"https:\/\/adam-behrens.com\/es\/wp-json\/wp\/v2\/media?parent=46018"}],"curies":[{"name":"wp","href":"https:\/\/api.w.org\/{rel}","templated":true}]}}