{"id":40571,"date":"2023-08-04T12:19:33","date_gmt":"2023-08-04T12:19:33","guid":{"rendered":"https:\/\/adam-behrens.com\/?page_id=40571"},"modified":"2025-11-25T14:34:17","modified_gmt":"2025-11-25T14:34:17","slug":"agente-inmobiliario-licenciado","status":"publish","type":"page","link":"https:\/\/adam-behrens.com\/es\/zugelassener-makler\/","title":{"rendered":"Agente inmobiliario licenciado"},"content":{"rendered":"<div data-elementor-type=\"wp-page\" data-elementor-id=\"40571\" class=\"elementor elementor-40571\" data-elementor-post-type=\"page\">\n\t\t\t\t\t\t<section class=\"elementor-section elementor-top-section elementor-element elementor-element-dbfd832 elementor-section-full_width elementor-section-height-min-height elementor-section-height-default elementor-section-items-middle\" data-id=\"dbfd832\" data-element_type=\"section\" data-e-type=\"section\" data-settings=\"{&quot;background_background&quot;:&quot;classic&quot;}\">\n\t\t\t\t\t\t<div class=\"elementor-container elementor-column-gap-default\">\n\t\t\t\t\t<div class=\"elementor-column elementor-col-100 elementor-top-column elementor-element elementor-element-0fa1d56\" data-id=\"0fa1d56\" data-element_type=\"column\" data-e-type=\"column\">\n\t\t\t<div class=\"elementor-widget-wrap\">\n\t\t\t\t\t\t\t<\/div>\n\t\t<\/div>\n\t\t\t\t\t<\/div>\n\t\t<\/section>\n\t\t\t\t<section class=\"elementor-section elementor-top-section elementor-element elementor-element-278e6fe elementor-section-boxed elementor-section-height-default elementor-section-height-default\" data-id=\"278e6fe\" data-element_type=\"section\" data-e-type=\"section\">\n\t\t\t\t\t\t<div class=\"elementor-container elementor-column-gap-default\">\n\t\t\t\t\t<div class=\"elementor-column elementor-col-100 elementor-top-column elementor-element elementor-element-8d9f993\" data-id=\"8d9f993\" data-element_type=\"column\" data-e-type=\"column\">\n\t\t\t<div class=\"elementor-widget-wrap elementor-element-populated\">\n\t\t\t\t\t\t<div class=\"elementor-element elementor-element-b276201 elementor-widget elementor-widget-houzez-property-breadcrumb\" data-id=\"b276201\" data-element_type=\"widget\" data-e-type=\"widget\" data-widget_type=\"houzez-property-breadcrumb.default\">\n\t\t\t\t<div class=\"elementor-widget-container\">\n\t\t\t\t\t<div class=\"breadcrumb-wrap\"><ol class=\"breadcrumb\"><li class=\"breadcrumb-item breadcrumb-item-home\"><i class=\"houzez-icon icon-house\"><\/i><a href=\"https:\/\/adam-behrens.com\/es\/\">Inicio<\/a><\/li><li class=\"breadcrumb-item active\">P\u00e1ginas<\/li><\/ol><\/div>\t\t\t\t<\/div>\n\t\t\t\t<\/div>\n\t\t\t\t<div class=\"elementor-element elementor-element-5a9884c elementor-widget elementor-widget-spacer\" data-id=\"5a9884c\" data-element_type=\"widget\" data-e-type=\"widget\" data-widget_type=\"spacer.default\">\n\t\t\t\t\t\t\t<div class=\"elementor-spacer\">\n\t\t\t<div class=\"elementor-spacer-inner\"><\/div>\n\t\t<\/div>\n\t\t\t\t\t\t<\/div>\n\t\t\t\t\t<\/div>\n\t\t<\/div>\n\t\t\t\t\t<\/div>\n\t\t<\/section>\n\t\t\t\t<section class=\"elementor-section elementor-top-section elementor-element elementor-element-49f27ee elementor-section-boxed elementor-section-height-default elementor-section-height-default\" data-id=\"49f27ee\" data-element_type=\"section\" data-e-type=\"section\">\n\t\t\t\t\t\t<div class=\"elementor-container elementor-column-gap-default\">\n\t\t\t\t\t<div class=\"elementor-column elementor-col-100 elementor-top-column elementor-element elementor-element-6e64b73\" data-id=\"6e64b73\" data-element_type=\"column\" data-e-type=\"column\">\n\t\t\t<div class=\"elementor-widget-wrap elementor-element-populated\">\n\t\t\t\t\t\t<div class=\"elementor-element elementor-element-408a24c elementor-widget elementor-widget-heading\" data-id=\"408a24c\" data-element_type=\"widget\" data-e-type=\"widget\" data-widget_type=\"heading.default\">\n\t\t\t\t\t<h2 class=\"elementor-heading-title elementor-size-default\">Agente inmobiliario licenciado en la Comunidad Valenciana<\/h2>\t\t\t\t<\/div>\n\t\t\t\t<div class=\"elementor-element elementor-element-79073ca elementor-widget elementor-widget-heading\" data-id=\"79073ca\" data-element_type=\"widget\" data-e-type=\"widget\" data-widget_type=\"heading.default\">\n\t\t\t\t\t<h2 class=\"elementor-heading-title elementor-size-default\">Inscrito en<br>\nRegistro de Agentes de Intermediaci\u00f3n Inmobiliaria de la Comunitat Valenciana<\/h2>\t\t\t\t<\/div>\n\t\t\t\t<section class=\"elementor-section elementor-inner-section elementor-element elementor-element-f16d8b9 elementor-section-boxed elementor-section-height-default elementor-section-height-default\" data-id=\"f16d8b9\" data-element_type=\"section\" data-e-type=\"section\">\n\t\t\t\t\t\t<div class=\"elementor-container elementor-column-gap-default\">\n\t\t\t\t\t<div class=\"elementor-column elementor-col-50 elementor-inner-column elementor-element elementor-element-c4daf89\" data-id=\"c4daf89\" data-element_type=\"column\" data-e-type=\"column\">\n\t\t\t<div class=\"elementor-widget-wrap elementor-element-populated\">\n\t\t\t\t\t\t<div class=\"elementor-element elementor-element-4a044af elementor-widget elementor-widget-image\" data-id=\"4a044af\" data-element_type=\"widget\" data-e-type=\"widget\" data-widget_type=\"image.default\">\n\t\t\t\t\t\t\t\t\t\t\t\t\t\t\t<img fetchpriority=\"high\" decoding=\"async\" width=\"600\" height=\"600\" src=\"https:\/\/adam-behrens.com\/wp-content\/uploads\/2023\/08\/apial.jpg\" class=\"attachment-full size-full wp-image-40557\" alt=\"\" srcset=\"https:\/\/adam-behrens.com\/wp-content\/uploads\/2023\/08\/apial.jpg 600w, https:\/\/adam-behrens.com\/wp-content\/uploads\/2023\/08\/apial-300x300.jpg 300w, https:\/\/adam-behrens.com\/wp-content\/uploads\/2023\/08\/apial-150x150.jpg 150w, https:\/\/adam-behrens.com\/wp-content\/uploads\/2023\/08\/apial-12x12.jpg 12w, https:\/\/adam-behrens.com\/wp-content\/uploads\/2023\/08\/apial-496x496.jpg 496w\" sizes=\"(max-width: 600px) 100vw, 600px\" \/>\t\t\t\t\t\t\t\t\t\t\t\t\t\t\t<\/div>\n\t\t\t\t\t<\/div>\n\t\t<\/div>\n\t\t\t\t<div class=\"elementor-column elementor-col-50 elementor-inner-column elementor-element elementor-element-8ae5520\" data-id=\"8ae5520\" data-element_type=\"column\" data-e-type=\"column\">\n\t\t\t<div class=\"elementor-widget-wrap elementor-element-populated\">\n\t\t\t\t\t\t<div class=\"elementor-element elementor-element-170a3fa elementor-widget elementor-widget-image\" data-id=\"170a3fa\" data-element_type=\"widget\" data-e-type=\"widget\" data-widget_type=\"image.default\">\n\t\t\t\t\t\t\t\t\t\t\t\t\t\t\t<img decoding=\"async\" width=\"635\" height=\"640\" src=\"https:\/\/adam-behrens.com\/wp-content\/uploads\/2025\/11\/Screenshot-2025-11-06-160512.png\" class=\"attachment-large size-large wp-image-45781\" alt=\"\" srcset=\"https:\/\/adam-behrens.com\/wp-content\/uploads\/2025\/11\/Screenshot-2025-11-06-160512.png 635w, https:\/\/adam-behrens.com\/wp-content\/uploads\/2025\/11\/Screenshot-2025-11-06-160512-12x12.png 12w\" sizes=\"(max-width: 635px) 100vw, 635px\" \/>\t\t\t\t\t\t\t\t\t\t\t\t\t\t\t<\/div>\n\t\t\t\t\t<\/div>\n\t\t<\/div>\n\t\t\t\t\t<\/div>\n\t\t<\/section>\n\t\t\t\t\t<\/div>\n\t\t<\/div>\n\t\t\t\t\t<\/div>\n\t\t<\/section>\n\t\t\t\t<section class=\"elementor-section elementor-top-section elementor-element elementor-element-a26d36a elementor-section-boxed elementor-section-height-default elementor-section-height-default\" data-id=\"a26d36a\" data-element_type=\"section\" data-e-type=\"section\">\n\t\t\t\t\t\t<div class=\"elementor-container elementor-column-gap-default\">\n\t\t\t\t\t<div class=\"elementor-column elementor-col-100 elementor-top-column elementor-element elementor-element-3d32fc2\" data-id=\"3d32fc2\" data-element_type=\"column\" data-e-type=\"column\">\n\t\t\t<div class=\"elementor-widget-wrap elementor-element-populated\">\n\t\t\t\t\t\t<div class=\"elementor-element elementor-element-0c4b29e elementor-widget elementor-widget-text-editor\" data-id=\"0c4b29e\" data-element_type=\"widget\" data-e-type=\"widget\" data-widget_type=\"text-editor.default\">\n\t\t\t\t\t\t\t\t\t<p>Hasta 2022, para actuar como agente inmobiliario en la Comunitat Valenciana (incluidas las regiones de Alicante, Castell\u00f3n y Valencia) no se requer\u00edan cualificaciones especiales ni garant\u00edas especiales para los clientes.<\/p><p>En 2022 se aprob\u00f3 un decreto de registro que obliga a todos los agentes que operan en la Comunitat Valenciana a estar registrados antes de agosto de 2023 para poder seguir operando legalmente. El objetivo de esta normativa es proteger a los clientes (tanto vendedores como compradores) y garantizar la pr\u00e1ctica profesional y la seguridad de las transacciones inmobiliarias.<\/p><p>Adam &amp; Behrens S.L. es una agencia inmobiliaria autorizada en la Comunidad Valenciana y est\u00e1 inscrita con el n\u00famero \u00abRAICV 5994\u00bb en el Registro de Agentes Inmobiliarios, dependiente de la Consejer\u00eda de Vivienda de la Generalitat Valenciana.<\/p><p>Adem\u00e1s, Adam &amp; Behrens S.L. es miembro de \"APIAL\". La Asociaci\u00f3n de Agentes e Intermediarios Inmobiliarios de la Provincia de Alicante, creada de conformidad con lo dispuesto en el art\u00edculo 22 de la Constituci\u00f3n, la Ley Org\u00e1nica 1\/2002, de 22 de marzo, reguladora del derecho de asociaci\u00f3n, y dem\u00e1s disposiciones aplicables en la materia. \"APIAL\" nace al amparo del Colegio Oficial de Agentes de la Propiedad Inmobiliaria de Alicante y ofrece a sus colegiados los mismos beneficios de los que disfrutan los miembros de \"API\".<\/p><p>Para inscribirse en el \"Registro de Agentes de Intermediaci\u00f3n Inmobiliaria de la Comunitat Valenciana\" o ser miembro de la \"APIAL\", deben cumplirse varias condiciones que sirven para proteger a los clientes. Entre otras:<\/p>\t\t\t\t\t\t\t\t<\/div>\n\t\t\t\t\t<\/div>\n\t\t<\/div>\n\t\t\t\t\t<\/div>\n\t\t<\/section>\n\t\t\t\t<section class=\"elementor-section elementor-top-section elementor-element elementor-element-fcd7a66 elementor-section-boxed elementor-section-height-default elementor-section-height-default\" data-id=\"fcd7a66\" data-element_type=\"section\" data-e-type=\"section\">\n\t\t\t\t\t\t<div class=\"elementor-container elementor-column-gap-default\">\n\t\t\t\t\t<div class=\"elementor-column elementor-col-100 elementor-top-column elementor-element elementor-element-5a9b7d5\" data-id=\"5a9b7d5\" data-element_type=\"column\" data-e-type=\"column\">\n\t\t\t<div class=\"elementor-widget-wrap elementor-element-populated\">\n\t\t\t\t\t\t<div class=\"elementor-element elementor-element-b8f361d elementor-position-inline-start elementor-view-default elementor-mobile-position-block-start elementor-widget elementor-widget-icon-box\" data-id=\"b8f361d\" data-element_type=\"widget\" data-e-type=\"widget\" data-widget_type=\"icon-box.default\">\n\t\t\t\t\t\t\t<div class=\"elementor-icon-box-wrapper\">\n\n\t\t\t\t\t\t<div class=\"elementor-icon-box-icon\">\n\t\t\t\t<span  class=\"elementor-icon\">\n\t\t\t\t<svg aria-hidden=\"true\" class=\"e-font-icon-svg e-fas-check\" viewbox=\"0 0 512 512\" xmlns=\"http:\/\/www.w3.org\/2000\/svg\"><path d=\"M173.898 439.404l-166.4-166.4c-9.997-9.997-9.997-26.206 0-36.204l36.203-36.204c9.997-9.998 26.207-9.998 36.204 0L192 312.69 432.095 72.596c9.997-9.997 26.207-9.997 36.204 0l36.203 36.204c9.997 9.997 9.997 26.206 0 36.204l-294.4 294.401c-9.998 9.997-26.207 9.997-36.204-.001z\"><\/path><\/svg>\t\t\t\t<\/span>\n\t\t\t<\/div>\n\t\t\t\n\t\t\t\t\t\t<div class=\"elementor-icon-box-content\">\n\n\t\t\t\t\t\t\t\t\t<h3 class=\"elementor-icon-box-title\">\n\t\t\t\t\t\t<span  >\n\t\t\t\t\t\t\tFormaci\u00f3n\t\t\t\t\t\t<\/span>\n\t\t\t\t\t<\/h3>\n\t\t\t\t\n\t\t\t\t\t\t\t\t\t<p class=\"elementor-icon-box-description\">\n\t\t\t\t\t\tPrueba de haber superado un examen que acredite que el agente posee la experiencia y los conocimientos necesarios para actuar como agente en el sector inmobiliario y est\u00e1 al d\u00eda de la normativa vigente. \t\t\t\t\t<\/p>\n\t\t\t\t\n\t\t\t<\/div>\n\t\t\t\n\t\t<\/div>\n\t\t\t\t\t\t<\/div>\n\t\t\t\t<div class=\"elementor-element elementor-element-8358210 elementor-position-inline-start elementor-view-default elementor-mobile-position-block-start elementor-widget elementor-widget-icon-box\" data-id=\"8358210\" data-element_type=\"widget\" data-e-type=\"widget\" data-widget_type=\"icon-box.default\">\n\t\t\t\t\t\t\t<div class=\"elementor-icon-box-wrapper\">\n\n\t\t\t\t\t\t<div class=\"elementor-icon-box-icon\">\n\t\t\t\t<span  class=\"elementor-icon\">\n\t\t\t\t<svg aria-hidden=\"true\" class=\"e-font-icon-svg e-fas-check\" viewbox=\"0 0 512 512\" xmlns=\"http:\/\/www.w3.org\/2000\/svg\"><path d=\"M173.898 439.404l-166.4-166.4c-9.997-9.997-9.997-26.206 0-36.204l36.203-36.204c9.997-9.998 26.207-9.998 36.204 0L192 312.69 432.095 72.596c9.997-9.997 26.207-9.997 36.204 0l36.203 36.204c9.997 9.997 9.997 26.206 0 36.204l-294.4 294.401c-9.998 9.997-26.207 9.997-36.204-.001z\"><\/path><\/svg>\t\t\t\t<\/span>\n\t\t\t<\/div>\n\t\t\t\n\t\t\t\t\t\t<div class=\"elementor-icon-box-content\">\n\n\t\t\t\t\t\t\t\t\t<h3 class=\"elementor-icon-box-title\">\n\t\t\t\t\t\t<span  >\n\t\t\t\t\t\t\tObligaci\u00f3n de disponer de un sitio p\u00fablico\t\t\t\t\t\t<\/span>\n\t\t\t\t\t<\/h3>\n\t\t\t\t\n\t\t\t\t\t\t\t\t\t<p class=\"elementor-icon-box-description\">\n\t\t\t\t\t\tPrueba de un establecimiento abierto al p\u00fablico con todas las licencias y permisos necesarios.\t\t\t\t\t<\/p>\n\t\t\t\t\n\t\t\t<\/div>\n\t\t\t\n\t\t<\/div>\n\t\t\t\t\t\t<\/div>\n\t\t\t\t<div class=\"elementor-element elementor-element-cd143ee elementor-position-inline-start elementor-view-default elementor-mobile-position-block-start elementor-widget elementor-widget-icon-box\" data-id=\"cd143ee\" data-element_type=\"widget\" data-e-type=\"widget\" data-widget_type=\"icon-box.default\">\n\t\t\t\t\t\t\t<div class=\"elementor-icon-box-wrapper\">\n\n\t\t\t\t\t\t<div class=\"elementor-icon-box-icon\">\n\t\t\t\t<span  class=\"elementor-icon\">\n\t\t\t\t<svg aria-hidden=\"true\" class=\"e-font-icon-svg e-fas-check\" viewbox=\"0 0 512 512\" xmlns=\"http:\/\/www.w3.org\/2000\/svg\"><path d=\"M173.898 439.404l-166.4-166.4c-9.997-9.997-9.997-26.206 0-36.204l36.203-36.204c9.997-9.998 26.207-9.998 36.204 0L192 312.69 432.095 72.596c9.997-9.997 26.207-9.997 36.204 0l36.203 36.204c9.997 9.997 9.997 26.206 0 36.204l-294.4 294.401c-9.998 9.997-26.207 9.997-36.204-.001z\"><\/path><\/svg>\t\t\t\t<\/span>\n\t\t\t<\/div>\n\t\t\t\n\t\t\t\t\t\t<div class=\"elementor-icon-box-content\">\n\n\t\t\t\t\t\t\t\t\t<h3 class=\"elementor-icon-box-title\">\n\t\t\t\t\t\t<span  >\n\t\t\t\t\t\t\tRequisitos de solvencia y seguro de dep\u00f3sitos\t\t\t\t\t\t<\/span>\n\t\t\t\t\t<\/h3>\n\t\t\t\t\n\t\t\t\t\t\t\t\t\t<p class=\"elementor-icon-box-description\">\n\t\t\t\t\t\tJustificante de aval emitido por entidad financiera o seguro de dep\u00f3sito por importe m\u00ednimo de 60.000 euros por empresa abierta al p\u00fablico y a\u00f1o de cobertura.<br><br>\nPrueba de un seguro de responsabilidad civil profesional u otra garant\u00eda financiera que cubra la responsabilidad por negligencia profesional en toda la Uni\u00f3n Europea.  La suma asegurada es de 600.000 euros por siniestro y a\u00f1o de seguro, con un l\u00edmite inferior de 150.000 euros por v\u00edctima.\t\t\t\t\t<\/p>\n\t\t\t\t\n\t\t\t<\/div>\n\t\t\t\n\t\t<\/div>\n\t\t\t\t\t\t<\/div>\n\t\t\t\t\t<\/div>\n\t\t<\/div>\n\t\t\t\t\t<\/div>\n\t\t<\/section>\n\t\t\t\t<section class=\"elementor-section elementor-top-section elementor-element elementor-element-0f2d264 elementor-section-boxed elementor-section-height-default elementor-section-height-default\" data-id=\"0f2d264\" data-element_type=\"section\" data-e-type=\"section\">\n\t\t\t\t\t\t<div class=\"elementor-container elementor-column-gap-default\">\n\t\t\t\t\t<div class=\"elementor-column elementor-col-100 elementor-top-column elementor-element elementor-element-186e418\" data-id=\"186e418\" data-element_type=\"column\" data-e-type=\"column\">\n\t\t\t<div class=\"elementor-widget-wrap elementor-element-populated\">\n\t\t\t\t\t\t<div class=\"elementor-element elementor-element-6706f94 elementor-widget elementor-widget-text-editor\" data-id=\"6706f94\" data-element_type=\"widget\" data-e-type=\"widget\" data-widget_type=\"text-editor.default\">\n\t\t\t\t\t\t\t\t\t<p>Adam &amp; Behrens S.L. cumple todos los requisitos y ha obtenido la licencia correspondiente con el n\u00famero \u00abRAICV 5994\u00bb.<\/p><p>La inscripci\u00f3n legal en la Comunitat Valenciana y la colegiaci\u00f3n en el API proporcionan a nuestros compradores y vendedores las m\u00e1ximas garant\u00edas sobre nuestros m\u00e9todos de trabajo y cualificaci\u00f3n.<\/p>\t\t\t\t\t\t\t\t<\/div>\n\t\t\t\t\t<\/div>\n\t\t<\/div>\n\t\t\t\t\t<\/div>\n\t\t<\/section>\n\t\t\t\t<\/div>","protected":false},"excerpt":{"rendered":"<p>Zugelassener Makler der Comunidad Valencia Eingetragen im Registro de Agentes de Intermediaci\u00f3n Inmobiliaria de la Comunitat Valenciana Bis 2022 waren f\u00fcr die T\u00e4tigkeit als Immobilienmakler in der Comunitat Valenciana (einschlie\u00dflich der Regionen Alicante, Castell\u00f3n und Valencia) keine besondere Qualifikationen oder besondere Garantien gegen\u00fcber Kunden erforderlich. Im Jahr 2022 wurde eine Registerverordnung verabschiedet, nach der alle [&hellip;]<\/p>\n","protected":false},"author":1,"featured_media":46007,"parent":0,"menu_order":0,"comment_status":"closed","ping_status":"closed","template":"template\/template-homepage.php","meta":{"footnotes":""},"class_list":["post-40571","page","type-page","status-publish","has-post-thumbnail","hentry"],"_links":{"self":[{"href":"https:\/\/adam-behrens.com\/es\/wp-json\/wp\/v2\/pages\/40571","targetHints":{"allow":["GET"]}}],"collection":[{"href":"https:\/\/adam-behrens.com\/es\/wp-json\/wp\/v2\/pages"}],"about":[{"href":"https:\/\/adam-behrens.com\/es\/wp-json\/wp\/v2\/types\/page"}],"author":[{"embeddable":true,"href":"https:\/\/adam-behrens.com\/es\/wp-json\/wp\/v2\/users\/1"}],"replies":[{"embeddable":true,"href":"https:\/\/adam-behrens.com\/es\/wp-json\/wp\/v2\/comments?post=40571"}],"version-history":[{"count":9,"href":"https:\/\/adam-behrens.com\/es\/wp-json\/wp\/v2\/pages\/40571\/revisions"}],"predecessor-version":[{"id":45788,"href":"https:\/\/adam-behrens.com\/es\/wp-json\/wp\/v2\/pages\/40571\/revisions\/45788"}],"wp:featuredmedia":[{"embeddable":true,"href":"https:\/\/adam-behrens.com\/es\/wp-json\/wp\/v2\/media\/46007"}],"wp:attachment":[{"href":"https:\/\/adam-behrens.com\/es\/wp-json\/wp\/v2\/media?parent=40571"}],"curies":[{"name":"wp","href":"https:\/\/api.w.org\/{rel}","templated":true}]}}