{"id":18072,"date":"2021-03-16T18:47:02","date_gmt":"2021-03-16T18:47:02","guid":{"rendered":"https:\/\/adam-behrens.com\/?page_id=18072"},"modified":"2025-11-25T14:29:46","modified_gmt":"2025-11-25T14:29:46","slug":"vender-con-adam-behrens","status":"publish","type":"page","link":"https:\/\/adam-behrens.com\/es\/mit-adam-behrens-verkaufen\/","title":{"rendered":"15 buenas razones para comprar con Adam &amp; Behrens"},"content":{"rendered":"<div data-elementor-type=\"wp-page\" data-elementor-id=\"18072\" class=\"elementor elementor-18072\" data-elementor-post-type=\"page\">\n\t\t\t\t\t\t<section class=\"elementor-section elementor-top-section elementor-element elementor-element-0d6c9f3 elementor-section-full_width elementor-section-height-min-height elementor-section-height-default elementor-section-items-middle\" data-id=\"0d6c9f3\" data-element_type=\"section\" data-e-type=\"section\" data-settings=\"{&quot;background_background&quot;:&quot;classic&quot;}\">\n\t\t\t\t\t\t<div class=\"elementor-container elementor-column-gap-default\">\n\t\t\t\t\t<div class=\"elementor-column elementor-col-100 elementor-top-column elementor-element elementor-element-8b02d76\" data-id=\"8b02d76\" data-element_type=\"column\" data-e-type=\"column\">\n\t\t\t<div class=\"elementor-widget-wrap\">\n\t\t\t\t\t\t\t<\/div>\n\t\t<\/div>\n\t\t\t\t\t<\/div>\n\t\t<\/section>\n\t\t\t\t<section class=\"elementor-section elementor-top-section elementor-element elementor-element-f8cd262 elementor-section-boxed elementor-section-height-default elementor-section-height-default\" data-id=\"f8cd262\" data-element_type=\"section\" data-e-type=\"section\">\n\t\t\t\t\t\t<div class=\"elementor-container elementor-column-gap-default\">\n\t\t\t\t\t<div class=\"elementor-column elementor-col-100 elementor-top-column elementor-element elementor-element-4666e4e\" data-id=\"4666e4e\" data-element_type=\"column\" data-e-type=\"column\">\n\t\t\t<div class=\"elementor-widget-wrap elementor-element-populated\">\n\t\t\t\t\t\t<div class=\"elementor-element elementor-element-368bd69 elementor-widget elementor-widget-spacer\" data-id=\"368bd69\" data-element_type=\"widget\" data-e-type=\"widget\" data-widget_type=\"spacer.default\">\n\t\t\t\t\t\t\t<div class=\"elementor-spacer\">\n\t\t\t<div class=\"elementor-spacer-inner\"><\/div>\n\t\t<\/div>\n\t\t\t\t\t\t<\/div>\n\t\t\t\t<div class=\"elementor-element elementor-element-7a9ceeab animated-slow elementor-invisible elementor-widget elementor-widget-houzez_elementor_section_title\" data-id=\"7a9ceeab\" data-element_type=\"widget\" data-e-type=\"widget\" data-settings=\"{&quot;_animation&quot;:&quot;fadeIn&quot;}\" data-widget_type=\"houzez_elementor_section_title.default\">\n\t\t\t\t<div class=\"elementor-widget-container\">\n\t\t\t\t\t            <div class=\"houzez_section_title_wrap section-title-module\">\n                                    <h2 class=\"houzez_section_title\">15 buenas razones para comprar con Adam &amp; Behrens\n<\/h2>\n                \n                            <\/div>\n            \t\t\t\t<\/div>\n\t\t\t\t<\/div>\n\t\t\t\t<div class=\"elementor-element elementor-element-e3a4bbb animated-slow elementor-invisible elementor-widget elementor-widget-houzez_elementor_section_title\" data-id=\"e3a4bbb\" data-element_type=\"widget\" data-e-type=\"widget\" data-settings=\"{&quot;_animation&quot;:&quot;fadeIn&quot;}\" data-widget_type=\"houzez_elementor_section_title.default\">\n\t\t\t\t<div class=\"elementor-widget-container\">\n\t\t\t\t\t            <div class=\"houzez_section_title_wrap section-title-module\">\n                                    <h2 class=\"houzez_section_title\">Encuentre la propiedad de sus sue\u00f1os<\/h2>\n                \n                            <\/div>\n            \t\t\t\t<\/div>\n\t\t\t\t<\/div>\n\t\t\t\t\t<\/div>\n\t\t<\/div>\n\t\t\t\t\t<\/div>\n\t\t<\/section>\n\t\t\t\t<section class=\"elementor-section elementor-top-section elementor-element elementor-element-4dbd54e elementor-section-boxed elementor-section-height-default elementor-section-height-default\" data-id=\"4dbd54e\" data-element_type=\"section\" data-e-type=\"section\">\n\t\t\t\t\t\t<div class=\"elementor-container elementor-column-gap-default\">\n\t\t\t\t\t<div class=\"elementor-column elementor-col-50 elementor-top-column elementor-element elementor-element-df3fd49\" data-id=\"df3fd49\" data-element_type=\"column\" data-e-type=\"column\">\n\t\t\t<div class=\"elementor-widget-wrap elementor-element-populated\">\n\t\t\t\t\t\t<div class=\"elementor-element elementor-element-f0fe64e elementor-widget elementor-widget-image\" data-id=\"f0fe64e\" data-element_type=\"widget\" data-e-type=\"widget\" data-widget_type=\"image.default\">\n\t\t\t\t\t\t\t\t\t\t\t\t\t\t\t<img fetchpriority=\"high\" decoding=\"async\" width=\"768\" height=\"505\" src=\"https:\/\/adam-behrens.com\/wp-content\/uploads\/2025\/10\/13.png\" class=\"attachment-medium_large size-medium_large wp-image-45235\" alt=\"\" srcset=\"https:\/\/adam-behrens.com\/wp-content\/uploads\/2025\/10\/13.png 1140w, https:\/\/adam-behrens.com\/wp-content\/uploads\/2025\/10\/13-18x12.png 18w\" sizes=\"(max-width: 768px) 100vw, 768px\" \/>\t\t\t\t\t\t\t\t\t\t\t\t\t\t\t<\/div>\n\t\t\t\t\t<\/div>\n\t\t<\/div>\n\t\t\t\t<div class=\"elementor-column elementor-col-50 elementor-top-column elementor-element elementor-element-f6cef4c\" data-id=\"f6cef4c\" data-element_type=\"column\" data-e-type=\"column\">\n\t\t\t<div class=\"elementor-widget-wrap elementor-element-populated\">\n\t\t\t\t\t\t<div class=\"elementor-element elementor-element-c44a712 elementor-widget elementor-widget-text-editor\" data-id=\"c44a712\" data-element_type=\"widget\" data-e-type=\"widget\" data-widget_type=\"text-editor.default\">\n\t\t\t\t\t\t\t\t\t<p>Hemos hecho nuestra misi\u00f3n de hacer feliz a la gente trabajando con usted para encontrar calidad de vida aqu\u00ed con nosotros en la gran \u00e1rea de Denia.<\/p><p>Wir m\u00f6chten dass Ihre Wohntr\u00e4ume wahr werden und nachfolgend zeigen wir Ihnen 15 gute Gr\u00fcnde dies stressfrei und qualifiziert gemeinsam anzugehen:<\/p>\t\t\t\t\t\t\t\t<\/div>\n\t\t\t\t\t<\/div>\n\t\t<\/div>\n\t\t\t\t\t<\/div>\n\t\t<\/section>\n\t\t\t\t<section class=\"elementor-section elementor-top-section elementor-element elementor-element-fe82979 elementor-section-boxed elementor-section-height-default elementor-section-height-default\" data-id=\"fe82979\" data-element_type=\"section\" data-e-type=\"section\">\n\t\t\t\t\t\t<div class=\"elementor-container elementor-column-gap-default\">\n\t\t\t\t\t<div class=\"elementor-column elementor-col-100 elementor-top-column elementor-element elementor-element-acaf9d8\" data-id=\"acaf9d8\" data-element_type=\"column\" data-e-type=\"column\">\n\t\t\t<div class=\"elementor-widget-wrap elementor-element-populated\">\n\t\t\t\t\t\t<div class=\"elementor-element elementor-element-acb88e3 elementor-widget-divider--view-line elementor-widget elementor-widget-divider\" data-id=\"acb88e3\" data-element_type=\"widget\" data-e-type=\"widget\" data-widget_type=\"divider.default\">\n\t\t\t\t\t\t\t<div class=\"elementor-divider\">\n\t\t\t<span class=\"elementor-divider-separator\">\n\t\t\t\t\t\t<\/span>\n\t\t<\/div>\n\t\t\t\t\t\t<\/div>\n\t\t\t\t<div class=\"elementor-element elementor-element-9b65ebc elementor-widget elementor-widget-text-editor\" data-id=\"9b65ebc\" data-element_type=\"widget\" data-e-type=\"widget\" data-widget_type=\"text-editor.default\">\n\t\t\t\t\t\t\t\t\t<p><strong>1. Nuestra cartera inmobiliaria seleccionada <\/strong>- Tiene una amplia selecci\u00f3n de las propiedades m\u00e1s seleccionadas en el \u00e1rea de Denia a Altea. Somos m\u00e1s una boutique inmobiliaria que un supermercado, ya que solo vendemos propiedades que han sido probadas y est\u00e1n en l\u00ednea con el mercado<\/p>\n<p><strong>2. Nuestra experiencia local&nbsp;<\/strong>- Conocemos el \u00e1rea de influencia y sus propiedades como ning\u00fan otro. Si la propiedad de sus sue\u00f1os existe, la encontraremos por usted<\/p>\n<p><strong>3. Nuestra extensa red de socios <\/strong>- Si creemos que un objeto cumple con sus criterios de b\u00fasqueda, se lo mostraremos incluso si no forma parte de nuestro portfolio directo y si a\u00fan no ha tenido contacto con el agente<\/p>\n<p><strong>4. Nuestro enfoque individual <\/strong>- Tiene un apoyo absolutamente personal y no tiene que ir cambiando de agente. Esto nos permite responder y dedicarnos a cada uno de sus deseos<\/p>\n<p><strong>5. Nuestras habilidades ling\u00fc\u00edsticas&nbsp;<\/strong>- Hablamos castellano, alem\u00e1n, ingl\u00e9s y franc\u00e9s. Esto significa que los detalles importantes no se pierden durante la traducci\u00f3n y sus deseos se comprenden e implementan al 100%<\/p>\n<h4><strong>No pierda su precioso tiempo<\/strong><\/h4>\n<p><strong>6. Entendemos sus necesidades <\/strong>- Gracias a m\u00e1s de 35 a\u00f1os de experiencia, hemos aprendido a satisfacer las necesidades de nuestros clientes y a encontrar la propiedad perfecta para cada uno, de forma r\u00e1pida y eficaz.<\/p>\n<p><strong>7. Nuestro equipo profesional <\/strong>siempre le asesorar\u00e1 de manera honesta y competente<\/p>\n<p><strong>8. Conocemos personalmente cada una de nuestros inmuebles <\/strong>y no tenemos miedo de decirle si algo no le conviene<\/p>\n<p><strong>9. Somos flexibles <\/strong>y por lo tanto podemos adaptarnos f\u00e1cilmente a su agenda. No estamos presionados por el tiempo y podemos ver la propiedad de sus sue\u00f1os en paz y luego asesorarle<\/p>\n<h4><strong>Todo sin estr\u00e9s<\/strong><\/h4>\n<p><strong>10. Le mantendremos informado de cualquier cambio en el mercado inmobiliario.<\/strong> As\u00ed que no se preocupe, no perder\u00e1 ninguna oportunidad de compra<\/p>\n<p><strong>11. Destaca entre la multitud <\/strong>\u2013 Jeder unserer Kunden ist einzigartig. So soll er auch behandelt werden und wir lieben es!<\/p>\n<p><strong>12. Somos sus ojos <\/strong>- Si no puede venir a vernos personalmente, no hay problema en absoluto. Le llevaremos a un recorrido privado por la propiedad de sus sue\u00f1os como parte de un recorrido en video.<\/p>\n<p><strong>13. Nos encargamos de todo <\/strong>- \u00bfHa encontrado la propiedad perfecta? Pu\u00e9s, si\u00e9ntese y abra la botella de champ\u00e1n. Nos encargamos de todo el proceso<\/p>\n<p><strong>14. Siempre estamos a su lado <\/strong>- Tambi\u00e9n estamos a su disposici\u00f3n despu\u00e9s de la compra. Por ejemplo, nos complace ayudarlo con asuntos burocr\u00e1ticos o establecer contactos con otros especialistas y proveedores de servicios que pueda necesitar en el futuro. Independientemente de si est\u00e1 negociando con su empresa de servicios p\u00fablicos o si est\u00e1 considerando una renovaci\u00f3n completa: estamos a su lado con el asesoramiento competente.<\/p>\t\t\t\t\t\t\t\t<\/div>\n\t\t\t\t<div class=\"elementor-element elementor-element-1002d71 elementor-widget elementor-widget-text-editor\" data-id=\"1002d71\" data-element_type=\"widget\" data-e-type=\"widget\" data-widget_type=\"text-editor.default\">\n\t\t\t\t\t\t\t\t\t<h4><strong>M\u00c1S<\/strong><\/h4>\t\t\t\t\t\t\t\t<\/div>\n\t\t\t\t<div class=\"elementor-element elementor-element-d0b4084 elementor-widget elementor-widget-text-editor\" data-id=\"d0b4084\" data-element_type=\"widget\" data-e-type=\"widget\" data-widget_type=\"text-editor.default\">\n\t\t\t\t\t\t\t\t\t<p><strong>15. Servicio personal para el comprador <\/strong>\u2013 <strong>\u00a1la alternativa realmente libre de estr\u00e9s!<\/strong><\/p>\t\t\t\t\t\t\t\t<\/div>\n\t\t\t\t<div class=\"elementor-element elementor-element-140bb54 elementor-widget elementor-widget-text-editor\" data-id=\"140bb54\" data-element_type=\"widget\" data-e-type=\"widget\" data-widget_type=\"text-editor.default\">\n\t\t\t\t\t\t\t\t\tD\u00e9jenos la b\u00fasqueda exclusiva de la propiedad de sus sue\u00f1os y reciba las mejores opciones disponibles en todo el mercado inmobiliario\n\n<strong>Conv\u00e9ncete a ti mismo <\/strong>\u2013 <a href=\"https:\/\/www.google.com\/search?q=adam+behrens+denia&#038;sxsrf=AJOqlzWJyJ7Bk9EfEyP3HEysEAqPDpDSKg%3A1673342399534&#038;ei=vy29Y_aYIK-Gxc8Pv7uO8AM&#038;ved=0ahUKEwi29L6a1rz8AhUvQ_EDHb-dAz4Q4dUDCA8&#038;uact=5&#038;oq=adam+behrens+denia&#038;gs_lcp=Cgxnd3Mtd2l6LXNlcnAQAzILCC4QgAQQxwEQrwE6CggAEEcQ1gQQsAM6CgguEMcBENEDECc6BAgjECc6EQguEIAEELEDEIMBEMcBENEDOhEILhCDARDHARCxAxDRAxCABDoICC4QsQMQgwE6CwgAEIAEELEDEIMBOggIABCABBCxAzoECAAQQzoKCC4QxwEQrwEQQzoFCAAQgAQ6DgguEIAEELEDEMcBENEDOgQILhBDOgsILhCABBCxAxCDAToNCC4Q1AIQsQMQgAQQCjoKCAAQgAQQhwIQFDoFCC4QgAQ6CAguEIAEENQCOgQIABADOgoILhCxAxCDARBDOggILhCABBCxAzoKCAAQgAQQsQMQCjoHCAAQgAQQCjoICAAQgAQQywE6CwguEIAEENQCEMsBOgYIABAWEB5KBAhBGABKBAhGGABQwAhY-jRgojloA3ABeACAAXaIAZAMkgEEMTYuMpgBAKABAcgBCMABAQ&#038;sclient=gws-wiz-serp#\" target=\"_blank\" rel=\"noopener\">Lea lo que dicen nuestros clientes sobre nuestro trabajo<\/a>\t\t\t\t\t\t\t\t<\/div>\n\t\t\t\t\t<\/div>\n\t\t<\/div>\n\t\t\t\t\t<\/div>\n\t\t<\/section>\n\t\t\t\t<\/div>","protected":false},"excerpt":{"rendered":"<p>15 gute Gr\u00fcnde die daf\u00fcr sprechen gemeinsam mit Adam &#038; Behrens zu kaufen Finden Sie Ihre Traumimmobilie Wir haben es uns zur Aufgabe gemacht Menschen gl\u00fccklich zu machen, indem wir zusammen mit Ihnen ein St\u00fcck Lebensqualit\u00e4t hier bei uns im Gro\u00dfraum Denia finden. Wir m\u00f6chten dass Ihre Wohntr\u00e4ume wahr werden und nachfolgend zeigen wir Ihnen [&hellip;]<\/p>\n","protected":false},"author":1,"featured_media":46007,"parent":0,"menu_order":0,"comment_status":"closed","ping_status":"closed","template":"template\/template-homepage.php","meta":{"footnotes":""},"class_list":["post-18072","page","type-page","status-publish","has-post-thumbnail","hentry"],"_links":{"self":[{"href":"https:\/\/adam-behrens.com\/es\/wp-json\/wp\/v2\/pages\/18072","targetHints":{"allow":["GET"]}}],"collection":[{"href":"https:\/\/adam-behrens.com\/es\/wp-json\/wp\/v2\/pages"}],"about":[{"href":"https:\/\/adam-behrens.com\/es\/wp-json\/wp\/v2\/types\/page"}],"author":[{"embeddable":true,"href":"https:\/\/adam-behrens.com\/es\/wp-json\/wp\/v2\/users\/1"}],"replies":[{"embeddable":true,"href":"https:\/\/adam-behrens.com\/es\/wp-json\/wp\/v2\/comments?post=18072"}],"version-history":[{"count":6,"href":"https:\/\/adam-behrens.com\/es\/wp-json\/wp\/v2\/pages\/18072\/revisions"}],"predecessor-version":[{"id":45238,"href":"https:\/\/adam-behrens.com\/es\/wp-json\/wp\/v2\/pages\/18072\/revisions\/45238"}],"wp:featuredmedia":[{"embeddable":true,"href":"https:\/\/adam-behrens.com\/es\/wp-json\/wp\/v2\/media\/46007"}],"wp:attachment":[{"href":"https:\/\/adam-behrens.com\/es\/wp-json\/wp\/v2\/media?parent=18072"}],"curies":[{"name":"wp","href":"https:\/\/api.w.org\/{rel}","templated":true}]}}