{"id":18063,"date":"2021-03-16T18:42:35","date_gmt":"2021-03-16T18:42:35","guid":{"rendered":"https:\/\/adam-behrens.com\/?page_id=18063"},"modified":"2025-11-25T14:34:13","modified_gmt":"2025-11-25T14:34:13","slug":"vender","status":"publish","type":"page","link":"https:\/\/adam-behrens.com\/es\/verkaufen\/","title":{"rendered":"Vender"},"content":{"rendered":"<div data-elementor-type=\"wp-page\" data-elementor-id=\"18063\" class=\"elementor elementor-18063\" data-elementor-post-type=\"page\">\n\t\t\t\t\t\t<section class=\"elementor-section elementor-top-section elementor-element elementor-element-0d6c9f3 elementor-section-full_width elementor-section-height-min-height elementor-section-height-default elementor-section-items-middle\" data-id=\"0d6c9f3\" data-element_type=\"section\" data-e-type=\"section\" data-settings=\"{&quot;background_background&quot;:&quot;classic&quot;}\">\n\t\t\t\t\t\t<div class=\"elementor-container elementor-column-gap-default\">\n\t\t\t\t\t<div class=\"elementor-column elementor-col-100 elementor-top-column elementor-element elementor-element-8b02d76\" data-id=\"8b02d76\" data-element_type=\"column\" data-e-type=\"column\">\n\t\t\t<div class=\"elementor-widget-wrap\">\n\t\t\t\t\t\t\t<\/div>\n\t\t<\/div>\n\t\t\t\t\t<\/div>\n\t\t<\/section>\n\t\t\t\t<section class=\"elementor-section elementor-top-section elementor-element elementor-element-f8cd262 elementor-section-boxed elementor-section-height-default elementor-section-height-default\" data-id=\"f8cd262\" data-element_type=\"section\" data-e-type=\"section\">\n\t\t\t\t\t\t<div class=\"elementor-container elementor-column-gap-default\">\n\t\t\t\t\t<div class=\"elementor-column elementor-col-100 elementor-top-column elementor-element elementor-element-4666e4e\" data-id=\"4666e4e\" data-element_type=\"column\" data-e-type=\"column\">\n\t\t\t<div class=\"elementor-widget-wrap elementor-element-populated\">\n\t\t\t\t\t\t<div class=\"elementor-element elementor-element-368bd69 elementor-widget elementor-widget-spacer\" data-id=\"368bd69\" data-element_type=\"widget\" data-e-type=\"widget\" data-widget_type=\"spacer.default\">\n\t\t\t\t\t\t\t<div class=\"elementor-spacer\">\n\t\t\t<div class=\"elementor-spacer-inner\"><\/div>\n\t\t<\/div>\n\t\t\t\t\t\t<\/div>\n\t\t\t\t<div class=\"elementor-element elementor-element-7a9ceeab animated-slow elementor-invisible elementor-widget elementor-widget-houzez_elementor_section_title\" data-id=\"7a9ceeab\" data-element_type=\"widget\" data-e-type=\"widget\" data-settings=\"{&quot;_animation&quot;:&quot;fadeIn&quot;}\" data-widget_type=\"houzez_elementor_section_title.default\">\n\t\t\t\t<div class=\"elementor-widget-container\">\n\t\t\t\t\t            <div class=\"houzez_section_title_wrap section-title-module\">\n                                    <h2 class=\"houzez_section_title\">Vender con Adam &amp; Behrens<\/h2>\n                \n                            <\/div>\n            \t\t\t\t<\/div>\n\t\t\t\t<\/div>\n\t\t\t\t\t<\/div>\n\t\t<\/div>\n\t\t\t\t\t<\/div>\n\t\t<\/section>\n\t\t\t\t<section class=\"elementor-section elementor-top-section elementor-element elementor-element-fe82979 elementor-section-boxed elementor-section-height-default elementor-section-height-default\" data-id=\"fe82979\" data-element_type=\"section\" data-e-type=\"section\">\n\t\t\t\t\t\t<div class=\"elementor-container elementor-column-gap-default\">\n\t\t\t\t\t<div class=\"elementor-column elementor-col-100 elementor-top-column elementor-element elementor-element-acaf9d8\" data-id=\"acaf9d8\" data-element_type=\"column\" data-e-type=\"column\">\n\t\t\t<div class=\"elementor-widget-wrap elementor-element-populated\">\n\t\t\t\t\t\t<div class=\"elementor-element elementor-element-c44a712 elementor-widget elementor-widget-text-editor\" data-id=\"c44a712\" data-element_type=\"widget\" data-e-type=\"widget\" data-widget_type=\"text-editor.default\">\n\t\t\t\t\t\t\t\t\t<p>Como vendedor, le damos la seguridad de que su propiedad recibir\u00e1 la atenci\u00f3n personalizada y a medida con la estrategia de marketing que se merece: Nuestro equipo de posicionamiento y marketing asegurar\u00e1 de que su propiedad se muestre de la mejor manera posible, y que encuentre el cliente adecuado.<\/p><p>Si vende su propiedad con Adam &amp; Behrens S.L., esto significa que vender\u00e1 su propiedad a un precio justo de mercado, sin ning\u00fan tipo de estr\u00e9s. Aqu\u00ed est\u00e1n<\/p>\t\t\t\t\t\t\t\t<\/div>\n\t\t\t\t<div class=\"elementor-element elementor-element-be94eba elementor-widget elementor-widget-heading\" data-id=\"be94eba\" data-element_type=\"widget\" data-e-type=\"widget\" data-widget_type=\"heading.default\">\n\t\t\t\t\t<h2 class=\"elementor-heading-title elementor-size-default\">15 buenas razones para vender con Adam &amp; Behrens<\/h2>\t\t\t\t<\/div>\n\t\t\t\t<div class=\"elementor-element elementor-element-9b65ebc elementor-widget elementor-widget-text-editor\" data-id=\"9b65ebc\" data-element_type=\"widget\" data-e-type=\"widget\" data-widget_type=\"text-editor.default\">\n\t\t\t\t\t\t\t\t\t<p><strong>Vende lo m\u00e1s r\u00e1pido posible sin hacer precios dumping<\/strong><\/p>\n<ol>\n<li>La familia de Adam &amp; Behrens est\u00e1 formada por profesionales del sector inmobiliario con muchos a\u00f1os de experiencia y un profundo conocimiento de la Marina Alta en la Costa Blanca y su mercado inmobiliario. De esta manera, ofrecemos a los vendedores una muy buena oportunidad para evaluar de manera \u00f3ptima el desarrollo actual.<\/li>\n<\/ol>\n<ol start=\"2\">\n<li>Dado que hablamos alem\u00e1n, espa\u00f1ol, ingl\u00e9s y franc\u00e9s con fluidez, podemos ofrecer un servicio perfectamente personalizado para clientes de muy diversas nacionalidades.<\/li>\n<\/ol>\n<ol start=\"3\">\n<li>Invertimos en marketing extensivo en nuestro sitio web, en las redes sociales y portales inmobiliarios, as\u00ed como en los medios impresos, por lo que ser\u00e1 casi imposible pasar por alto su propiedad sin que sea \u201canunciada hasta la muerte\u201d.<\/li>\n<\/ol>\n<ol start=\"4\">\n<li>Dejamos que su propiedad aparezca en su mejor momento gracias a fotos preparadas de manera \u00f3ptima, presentaciones personalizadas y estrategias de marketing.<\/li>\n<\/ol>\n<ol start=\"5\">\n<li>rabajamos con una extensa red de socios internacionales que le da a su propiedad m\u00e1s visibilidad y aumenta las posibilidades de una venta seria.<\/li>\n<\/ol>\n<ol start=\"6\">\n<li>La trayectoria de nuestra empresa, la profesionalidad y sobre todo las buenas experiencias de nuestros clientes despiertan la confianza de los compradores.<\/li>\n<\/ol>\n<p><strong>Verkaufen Sie zum bestm\u00f6glichen Preis<\/strong><\/p>\n<ol start=\"7\">\n<li>Gracias a las evaluaciones de mercado profesionales, que se basan en la recopilaci\u00f3n continua de datos de mercado y datos de experiencia de nosotros, colegas y notarios allegados, su propiedad seguramente lograr\u00e1 el mejor precio de mercado actual.<\/li>\n<\/ol>\n<ol start=\"8\">\n<li>No permitimos que su propiedad pierda valor debido a un marketing excesivo o tiempo de respuesta lento. Controlamos el marketing, monitoreamos la cantidad de interesados y le asesoramos sobre ajustes de precios y colocaci\u00f3n en el mercado.<\/li>\n<\/ol>\n<ol start=\"9\">\n<li>Le asesoramos junto con la red asociada y le apoyamos en todos los asuntos legales \/ burocr\u00e1ticos que tenga que atender.<\/li>\n<\/ol>\n<p><strong>Disfrute de una venta sin complicaciones<\/strong><\/p>\n<ol start=\"10\">\n<li>No se preocupe, despu\u00e9s de casi 35 a\u00f1os de experiencia laboral, realmente no hay nada que no hayamos visto o no podamos hacer por usted.<\/li>\n<\/ol>\n<ol start=\"11\">\n<li>Un enfoque a medida: \u00bftiene solicitudes especiales o prefiere una determinada forma de trabajar? No hay problema, nos adaptamos a sus deseos y preferencias.<\/li>\n<\/ol>\n<ol start=\"12\">\n<li>Evite el riesgo de trabajar con agencias unipersonales sin experiencia.<\/li>\n<\/ol>\n<ol start=\"13\">\n<li>Le acompa\u00f1amos durante todo el proceso de venta con un asesoramiento honesto y transparente en su inter\u00e9s. Nos encargamos de todo el trabajo que se requiere y asociado con la venta y le ofrecemos un \"paquete completo sin preocupaciones\".<\/li>\n<\/ol>\n<ol start=\"14\">\n<li>Empat\u00eda: la venta de una propiedad es una experiencia emocional y todos y cada uno de nosotros entendemos lo que est\u00e1 sucediendo dentro de usted. Por ello, te acompa\u00f1aremos en todo el proceso de venta con empat\u00eda, comprensi\u00f3n y nuestra experiencia.<br><br><\/li>\n<li>Reserve una tasaci\u00f3n gratuita de su propiedad<span style=\"font-weight: bold;\">&nbsp; &nbsp; &nbsp; &nbsp; &nbsp;&nbsp;<\/span><\/li>\n<\/ol>\t\t\t\t\t\t\t\t<\/div>\n\t\t\t\t<div class=\"elementor-element elementor-element-e6c715d elementor-widget elementor-widget-text-editor\" data-id=\"e6c715d\" data-element_type=\"widget\" data-e-type=\"widget\" data-widget_type=\"text-editor.default\">\n\t\t\t\t\t\t\t\t\t<strong>\u00a0Cont\u00e1ctenos hoy y descubra el valor de su propiedad<\/strong>\t\t\t\t\t\t\t\t<\/div>\n\t\t\t\t\t<\/div>\n\t\t<\/div>\n\t\t\t\t\t<\/div>\n\t\t<\/section>\n\t\t\t\t<\/div>","protected":false},"excerpt":{"rendered":"<p>Verkaufen mit Adam &#038; Behrens Wir geben Ihnen als Verk\u00e4ufer die Sicherheit, dass ihre Immobilie die ma\u00dfgeschneiderte und personalisierte Aufmerksamkeit mit der Marketingstrategie erh\u00e4lt, die sie verdient. Unser Listing- und Marketing-Team wird sicherstellen, dass Ihre Immobilie in ihrem besten Licht gezeigt wird &#8211; und den richtigen Kunden findet. Wenn Sie Ihre Immobilie mit der Adam [&hellip;]<\/p>\n","protected":false},"author":1,"featured_media":46007,"parent":0,"menu_order":0,"comment_status":"closed","ping_status":"closed","template":"template\/template-homepage.php","meta":{"footnotes":""},"class_list":["post-18063","page","type-page","status-publish","has-post-thumbnail","hentry"],"_links":{"self":[{"href":"https:\/\/adam-behrens.com\/es\/wp-json\/wp\/v2\/pages\/18063","targetHints":{"allow":["GET"]}}],"collection":[{"href":"https:\/\/adam-behrens.com\/es\/wp-json\/wp\/v2\/pages"}],"about":[{"href":"https:\/\/adam-behrens.com\/es\/wp-json\/wp\/v2\/types\/page"}],"author":[{"embeddable":true,"href":"https:\/\/adam-behrens.com\/es\/wp-json\/wp\/v2\/users\/1"}],"replies":[{"embeddable":true,"href":"https:\/\/adam-behrens.com\/es\/wp-json\/wp\/v2\/comments?post=18063"}],"version-history":[{"count":6,"href":"https:\/\/adam-behrens.com\/es\/wp-json\/wp\/v2\/pages\/18063\/revisions"}],"predecessor-version":[{"id":45173,"href":"https:\/\/adam-behrens.com\/es\/wp-json\/wp\/v2\/pages\/18063\/revisions\/45173"}],"wp:featuredmedia":[{"embeddable":true,"href":"https:\/\/adam-behrens.com\/es\/wp-json\/wp\/v2\/media\/46007"}],"wp:attachment":[{"href":"https:\/\/adam-behrens.com\/es\/wp-json\/wp\/v2\/media?parent=18063"}],"curies":[{"name":"wp","href":"https:\/\/api.w.org\/{rel}","templated":true}]}}