{"id":16650,"date":"2020-02-24T22:15:15","date_gmt":"2020-02-24T22:15:15","guid":{"rendered":"https:\/\/demo01.houzez.co\/?page_id=16650"},"modified":"2025-11-25T14:20:54","modified_gmt":"2025-11-25T14:20:54","slug":"sobre-nosotros","status":"publish","type":"page","link":"https:\/\/adam-behrens.com\/es\/ueber-uns\/","title":{"rendered":"Sobre nosotros"},"content":{"rendered":"<div data-elementor-type=\"wp-page\" data-elementor-id=\"16650\" class=\"elementor elementor-16650\" data-elementor-post-type=\"page\">\n\t\t\t\t\t\t<section class=\"elementor-section elementor-top-section elementor-element elementor-element-3eab5910 elementor-section-full_width elementor-section-height-min-height elementor-section-height-default elementor-section-items-middle\" data-id=\"3eab5910\" data-element_type=\"section\" data-e-type=\"section\" data-settings=\"{&quot;background_background&quot;:&quot;classic&quot;}\">\n\t\t\t\t\t\t<div class=\"elementor-container elementor-column-gap-default\">\n\t\t\t\t\t<div class=\"elementor-column elementor-col-100 elementor-top-column elementor-element elementor-element-579e3c\" data-id=\"579e3c\" data-element_type=\"column\" data-e-type=\"column\">\n\t\t\t<div class=\"elementor-widget-wrap\">\n\t\t\t\t\t\t\t<\/div>\n\t\t<\/div>\n\t\t\t\t\t<\/div>\n\t\t<\/section>\n\t\t\t\t<section class=\"elementor-section elementor-top-section elementor-element elementor-element-09038dc elementor-section-boxed elementor-section-height-default elementor-section-height-default\" data-id=\"09038dc\" data-element_type=\"section\" data-e-type=\"section\" data-settings=\"{&quot;background_background&quot;:&quot;classic&quot;}\">\n\t\t\t\t\t\t<div class=\"elementor-container elementor-column-gap-default\">\n\t\t\t\t\t<div class=\"elementor-column elementor-col-100 elementor-top-column elementor-element elementor-element-c8278ac\" data-id=\"c8278ac\" data-element_type=\"column\" data-e-type=\"column\">\n\t\t\t<div class=\"elementor-widget-wrap elementor-element-populated\">\n\t\t\t\t\t\t<div class=\"elementor-element elementor-element-4e990cb elementor-widget elementor-widget-heading\" data-id=\"4e990cb\" data-element_type=\"widget\" data-e-type=\"widget\" data-widget_type=\"heading.default\">\n\t\t\t\t\t<h2 class=\"elementor-heading-title elementor-size-default\">Sobre nosotros<\/h2>\t\t\t\t<\/div>\n\t\t\t\t<div class=\"elementor-element elementor-element-9bb752d elementor-widget-divider--view-line elementor-widget elementor-widget-divider\" data-id=\"9bb752d\" data-element_type=\"widget\" data-e-type=\"widget\" data-widget_type=\"divider.default\">\n\t\t\t\t\t\t\t<div class=\"elementor-divider\">\n\t\t\t<span class=\"elementor-divider-separator\">\n\t\t\t\t\t\t<\/span>\n\t\t<\/div>\n\t\t\t\t\t\t<\/div>\n\t\t\t\t<div class=\"elementor-element elementor-element-ad3246a elementor-widget elementor-widget-spacer\" data-id=\"ad3246a\" data-element_type=\"widget\" data-e-type=\"widget\" data-widget_type=\"spacer.default\">\n\t\t\t\t\t\t\t<div class=\"elementor-spacer\">\n\t\t\t<div class=\"elementor-spacer-inner\"><\/div>\n\t\t<\/div>\n\t\t\t\t\t\t<\/div>\n\t\t\t\t<div class=\"elementor-element elementor-element-e7372b6 animated-slow elementor-invisible elementor-widget elementor-widget-houzez_elementor_section_title\" data-id=\"e7372b6\" data-element_type=\"widget\" data-e-type=\"widget\" data-settings=\"{&quot;_animation&quot;:&quot;fadeIn&quot;}\" data-widget_type=\"houzez_elementor_section_title.default\">\n\t\t\t\t<div class=\"elementor-widget-container\">\n\t\t\t\t\t            <div class=\"houzez_section_title_wrap section-title-module\">\n                                    <h2 class=\"houzez_section_title\">Adam &amp; Behrens\n<\/h2>\n                \n                            <\/div>\n            \t\t\t\t<\/div>\n\t\t\t\t<\/div>\n\t\t\t\t<div class=\"elementor-element elementor-element-69fe9b8 elementor-widget elementor-widget-text-editor\" data-id=\"69fe9b8\" data-element_type=\"widget\" data-e-type=\"widget\" data-widget_type=\"text-editor.default\">\n\t\t\t\t\t\t\t\t\t<p>Hemos estado activos en el sector inmobiliaria en Espa\u00f1a y Alemania durante m\u00e1s de 30 a\u00f1os y estamos entre los proveedores de servicios con m\u00e1s experiencia en este segmento. Nuestro portafolio es extenso, seleccionado y estamos en continua expansi\u00f3n. Sin embargo, no comercializamos todas las propiedades, por lo que no tiene que lidiar con cientos de ofertas para encontrar la propiedad de sus sue\u00f1os. Sin embargo, no vendemos cualquier propiedad, por lo que no tiene que luchar con cientos de ofertas para encontrar la propiedad de sus sue\u00f1os.<\/p><p>Adam &amp; Behrens es un socio confiable y competente que lo acompa\u00f1a tanto en la compra como en la venta. Un asesoramiento especialmente adaptado a sus necesidades es nuestra m\u00e1xima prioridad.<\/p><p>Nuestra atenci\u00f3n individual e ininterrumpida a su propiedad son los valores de nuestra marca.<\/p><p>Generalmente, nuestros clientes no tienen (todav\u00eda) su centro de vida en Espa\u00f1a. Le ayudamos a encontrar la propiedad adecuada con nuestra presencia en el lugar, nuestro conocimiento de las condiciones locales y el idioma espa\u00f1ol. La satisfacci\u00f3n de nuestros clientes es nuestra m\u00e1xima prioridad. Esto se aplica tanto a nuestros compradores como a nuestros vendedores.<\/p><h2>Asesoramiento individual<\/h2><p>Nos gusta tomarnos el tiempo para nuestros clientes y escucharlos con atenci\u00f3n. Esto nos da una idea precisa de los deseos y requisitos que quiere usted en su propiedad perfecta. Con nosotros no es solo uno de muchos. Para poder garantizar esto, mantenemos nuestra cartera adrede m\u00e1s manejable. De esta manera podemos asegurarnos de poder dedicarnos a cada propiedad y cada cliente.<\/p><h2>Oferta individual<\/h2><p>Sabemos que los clientes que vienen del extranjero en particular solo quieren ver m\u00e1s de cerca las propiedades realmente relevantes y no quieren perder el tiempo viendo propiedades aleatorias. Sobre la base de este conocimiento, recibir\u00e1 ofertas inmobiliarias que se adaptan con precisi\u00f3n a usted.<\/p><h2>Precio \/ calidad<\/h2><p>Verificamos personalmente todas las propiedades en oferta por precio y calidad; aqu\u00ed no se ofrecen innumerables propiedades con precios de venta poco realistas. Todo el proceso de venta puede ser manejado por nosotros en cooperaci\u00f3n con asesores fiscales y legales experimentados, para que pueda estar seguro de que todo cumple con los requisitos legales.<\/p><h2>Extensa documentaci\u00f3n<\/h2><p>Dise\u00f1amos una presentaci\u00f3n realista y bien documentada de los objetos, lo que facilita la decisi\u00f3n preliminar para nuestros clientes, incluso a distancia.<\/p><h2>Visita virtual<\/h2><p>Con la ayuda de una visita digital a la propiedad, podemos responder perfectamente a los deseos e intereses individuales y discutir detalles importantes durante la inspecci\u00f3n detallada con c\u00e1mara.<\/p>\t\t\t\t\t\t\t\t<\/div>\n\t\t\t\t<div class=\"elementor-element elementor-element-7f45f65 animated-slow elementor-invisible elementor-widget elementor-widget-houzez_elementor_section_title\" data-id=\"7f45f65\" data-element_type=\"widget\" data-e-type=\"widget\" data-settings=\"{&quot;_animation&quot;:&quot;fadeIn&quot;}\" data-widget_type=\"houzez_elementor_section_title.default\">\n\t\t\t\t<div class=\"elementor-widget-container\">\n\t\t\t\t\t            <div class=\"houzez_section_title_wrap section-title-module\">\n                                    <h2 class=\"houzez_section_title\">Servicio de la A a la Z\n\n<\/h2>\n                \n                            <\/div>\n            \t\t\t\t<\/div>\n\t\t\t\t<\/div>\n\t\t\t\t<div class=\"elementor-element elementor-element-91e34d3 elementor-widget elementor-widget-text-editor\" data-id=\"91e34d3\" data-element_type=\"widget\" data-e-type=\"widget\" data-widget_type=\"text-editor.default\">\n\t\t\t\t\t\t\t\t\t<p>Adem\u00e1s de la cl\u00e1sica actividad de inmobiliaria, le ofrecemos todos los servicios relacionados con su propiedad y su vida en la Costa Blanca.<\/p><p>Aqu\u00ed encontrar\u00e1 respuestas a preguntas concretas sobre la compraventa inmobiliaria, informaci\u00f3n sobre el mercado inmobiliario actual y datos interesantes para su vida en la Costa Blanca.<\/p><p><em><strong>Nuestro servicio para usted<\/strong><\/em><\/p><p>Ya sea que est\u00e9 buscando un cuidador de piscina confiable, necesite un jardinero, le gustar\u00eda que su casa estuviera bien cuidada incluso en su ausencia, se necesita un electricista\u2026. - Nuestro equipo de especialistas seleccionados est\u00e1 a su disposici\u00f3n.<\/p>\t\t\t\t\t\t\t\t<\/div>\n\t\t\t\t<div class=\"elementor-element elementor-element-960e3c4 elementor-widget elementor-widget-text-editor\" data-id=\"960e3c4\" data-element_type=\"widget\" data-e-type=\"widget\" data-widget_type=\"text-editor.default\">\n\t\t\t\t\t\t\t\t\t<p><a href=\"https:\/\/adam-behrens.com\/es\/contacto\/\">Ll\u00e1menos o env\u00edenos un correo electr\u00f3nico; nos ocuparemos de su solicitud.<\/a><\/p>\t\t\t\t\t\t\t\t<\/div>\n\t\t\t\t<div class=\"elementor-element elementor-element-a040eaf elementor-widget elementor-widget-spacer\" data-id=\"a040eaf\" data-element_type=\"widget\" data-e-type=\"widget\" data-widget_type=\"spacer.default\">\n\t\t\t\t\t\t\t<div class=\"elementor-spacer\">\n\t\t\t<div class=\"elementor-spacer-inner\"><\/div>\n\t\t<\/div>\n\t\t\t\t\t\t<\/div>\n\t\t\t\t<div class=\"elementor-element elementor-element-89a95a6 elementor-widget elementor-widget-spacer\" data-id=\"89a95a6\" data-element_type=\"widget\" data-e-type=\"widget\" data-widget_type=\"spacer.default\">\n\t\t\t\t\t\t\t<div class=\"elementor-spacer\">\n\t\t\t<div class=\"elementor-spacer-inner\"><\/div>\n\t\t<\/div>\n\t\t\t\t\t\t<\/div>\n\t\t\t\t\t<\/div>\n\t\t<\/div>\n\t\t\t\t\t<\/div>\n\t\t<\/section>\n\t\t\t\t<section class=\"elementor-section elementor-top-section elementor-element elementor-element-f29f090 elementor-section-boxed elementor-section-height-default elementor-section-height-default\" data-id=\"f29f090\" data-element_type=\"section\" data-e-type=\"section\" id=\"team\">\n\t\t\t\t\t\t<div class=\"elementor-container elementor-column-gap-default\">\n\t\t\t\t\t<div class=\"elementor-column elementor-col-100 elementor-top-column elementor-element elementor-element-1348619\" data-id=\"1348619\" data-element_type=\"column\" data-e-type=\"column\">\n\t\t\t<div class=\"elementor-widget-wrap elementor-element-populated\">\n\t\t\t\t\t\t<div class=\"elementor-element elementor-element-d8431e2 animated-slow elementor-invisible elementor-widget elementor-widget-houzez_elementor_section_title\" data-id=\"d8431e2\" data-element_type=\"widget\" data-e-type=\"widget\" data-settings=\"{&quot;_animation&quot;:&quot;fadeIn&quot;}\" data-widget_type=\"houzez_elementor_section_title.default\">\n\t\t\t\t<div class=\"elementor-widget-container\">\n\t\t\t\t\t            <div class=\"houzez_section_title_wrap section-title-module\">\n                                    <h2 class=\"houzez_section_title\">Nuestro equipo<\/h2>\n                \n                            <\/div>\n            \t\t\t\t<\/div>\n\t\t\t\t<\/div>\n\t\t\t\t<div class=\"elementor-element elementor-element-d264b03 elementor-widget elementor-widget-houzez_elementor_agents\" data-id=\"d264b03\" data-element_type=\"widget\" data-e-type=\"widget\" data-widget_type=\"houzez_elementor_agents.default\">\n\t\t\t\t<div class=\"elementor-widget-container\">\n\t\t\t\t\t\n        <!--start agents module-->\n                    <div class=\"agent-module agents-grid\">\n                <div class=\"grid-view row row-cols-1 row-cols-md-2 row-cols-lg-3 row-cols-xl-3\">\n\n                <div class=\"agent-grid-wrap agent-item d-flex flex-column align-items-center text-center\">\n\t<div class=\"agent-grid-image-wrap mb-3\">\n\t\t<a class=\"agent-grid-image d-block\" href=\"https:\/\/adam-behrens.com\/es\/agent\/fabrice-adler\/\">\n\t\t\t<img decoding=\"async\" width=\"150\" height=\"150\" src=\"https:\/\/adam-behrens.com\/wp-content\/uploads\/2025\/09\/P5040135-e1757146708506-150x150.jpg\" class=\"img-fluid rounded-circle wp-post-image\" alt=\"\" srcset=\"https:\/\/adam-behrens.com\/wp-content\/uploads\/2025\/09\/P5040135-e1757146708506-150x150.jpg 150w, https:\/\/adam-behrens.com\/wp-content\/uploads\/2025\/09\/P5040135-e1757146708506-11x12.jpg 11w, https:\/\/adam-behrens.com\/wp-content\/uploads\/2025\/09\/P5040135-e1757146708506-780x780.jpg 780w, https:\/\/adam-behrens.com\/wp-content\/uploads\/2025\/09\/P5040135-e1757146708506-300x300.jpg 300w, https:\/\/adam-behrens.com\/wp-content\/uploads\/2025\/09\/P5040135-e1757146708506-400x400.jpg 400w, https:\/\/adam-behrens.com\/wp-content\/uploads\/2025\/09\/P5040135-e1757146708506-600x600.jpg 600w\" sizes=\"(max-width: 150px) 100vw, 150px\" \/>\t\t\t\n\t\t<\/a>\n\t<\/div>\n\n\t<div class=\"agent-info\">\n\t\t<div class=\"agent-name\">\n\t\t\t<a href=\"https:\/\/adam-behrens.com\/es\/agent\/fabrice-adler\/\" class=\"text-decoration-none\">Fabrice Adler - Adam Behrens<\/a>\n\t\t<\/div>\n\n\t\t<div class=\"agent-company\">\n\t\t\t                Propietario y director general                            \t\t<\/div>\n\t<\/div>\n\t<div class=\"agent-body py-3\">\n\t\t<p>Fabrice Adler se hizo cargo del negocio de Adam &amp; Behrens SL. en 2025...<\/p>\n\t<\/div>\n\t<div class=\"agent-link\">\n\t\t<a href=\"https:\/\/adam-behrens.com\/es\/agent\/fabrice-adler\/\">Ver perfil<\/a>\n\t<\/div>\n<\/div><div class=\"agent-grid-wrap agent-item d-flex flex-column align-items-center text-center\">\n\t<div class=\"agent-grid-image-wrap mb-3\">\n\t\t<a class=\"agent-grid-image d-block\" href=\"https:\/\/adam-behrens.com\/es\/agent\/guenter-adam\/\">\n\t\t\t<img decoding=\"async\" width=\"150\" height=\"150\" src=\"https:\/\/adam-behrens.com\/wp-content\/uploads\/2021\/03\/Guenter-1-150x150.jpg\" class=\"img-fluid rounded-circle wp-post-image\" alt=\"\" srcset=\"https:\/\/adam-behrens.com\/wp-content\/uploads\/2021\/03\/Guenter-1-150x150.jpg 150w, https:\/\/adam-behrens.com\/wp-content\/uploads\/2021\/03\/Guenter-1-300x300.jpg 300w, https:\/\/adam-behrens.com\/wp-content\/uploads\/2021\/03\/Guenter-1-12x12.jpg 12w, https:\/\/adam-behrens.com\/wp-content\/uploads\/2021\/03\/Guenter-1.jpg 400w\" sizes=\"(max-width: 150px) 100vw, 150px\" \/>\t\t\t\n\t\t<\/a>\n\t<\/div>\n\n\t<div class=\"agent-info\">\n\t\t<div class=\"agent-name\">\n\t\t\t<a href=\"https:\/\/adam-behrens.com\/es\/agent\/guenter-adam\/\" class=\"text-decoration-none\">G\u00fcnter Adam<\/a>\n\t\t<\/div>\n\n\t\t<div class=\"agent-company\">\n\t\t\t                Fundador de la empresa                            \t\t<\/div>\n\t<\/div>\n\t<div class=\"agent-body py-3\">\n\t\t<p>&nbsp; En 1981 el Sr. Adam se retir\u00f3 del sector p\u00fablico para dedicarse...<\/p>\n\t<\/div>\n\t<div class=\"agent-link\">\n\t\t<a href=\"https:\/\/adam-behrens.com\/es\/agent\/guenter-adam\/\">Ver perfil<\/a>\n\t<\/div>\n<\/div><div class=\"agent-grid-wrap agent-item d-flex flex-column align-items-center text-center\">\n\t<div class=\"agent-grid-image-wrap mb-3\">\n\t\t<a class=\"agent-grid-image d-block\" href=\"https:\/\/adam-behrens.com\/es\/agent\/susanne-behrens\/\">\n\t\t\t<img decoding=\"async\" width=\"150\" height=\"150\" src=\"https:\/\/adam-behrens.com\/wp-content\/uploads\/2016\/02\/Susanne-150x150.jpg\" class=\"img-fluid rounded-circle wp-post-image\" alt=\"\" srcset=\"https:\/\/adam-behrens.com\/wp-content\/uploads\/2016\/02\/Susanne-150x150.jpg 150w, https:\/\/adam-behrens.com\/wp-content\/uploads\/2016\/02\/Susanne-300x300.jpg 300w, https:\/\/adam-behrens.com\/wp-content\/uploads\/2016\/02\/Susanne-12x12.jpg 12w, https:\/\/adam-behrens.com\/wp-content\/uploads\/2016\/02\/Susanne.jpg 400w\" sizes=\"(max-width: 150px) 100vw, 150px\" \/>\t\t\t\n\t\t<\/a>\n\t<\/div>\n\n\t<div class=\"agent-info\">\n\t\t<div class=\"agent-name\">\n\t\t\t<a href=\"https:\/\/adam-behrens.com\/es\/agent\/susanne-behrens\/\" class=\"text-decoration-none\">Susanne Behrens<\/a>\n\t\t<\/div>\n\n\t\t<div class=\"agent-company\">\n\t\t\t                Fundadora de la empresa                            \t\t<\/div>\n\t<\/div>\n\t<div class=\"agent-body py-3\">\n\t\t<p>Susanne Behrens es cofundadora de Adam &amp; Behrens S.L.. Ella ha estado profesionalmente activa...<\/p>\n\t<\/div>\n\t<div class=\"agent-link\">\n\t\t<a href=\"https:\/\/adam-behrens.com\/es\/agent\/susanne-behrens\/\">Ver perfil<\/a>\n\t<\/div>\n<\/div><div class=\"agent-grid-wrap agent-item d-flex flex-column align-items-center text-center\">\n\t<div class=\"agent-grid-image-wrap mb-3\">\n\t\t<a class=\"agent-grid-image d-block\" href=\"https:\/\/adam-behrens.com\/es\/agent\/renate-wienerroither\/\">\n\t\t\t<img loading=\"lazy\" decoding=\"async\" width=\"150\" height=\"150\" src=\"https:\/\/adam-behrens.com\/wp-content\/uploads\/2021\/03\/Passfoto-150x150.jpg\" class=\"img-fluid rounded-circle wp-post-image\" alt=\"\" srcset=\"https:\/\/adam-behrens.com\/wp-content\/uploads\/2021\/03\/Passfoto-150x150.jpg 150w, https:\/\/adam-behrens.com\/wp-content\/uploads\/2021\/03\/Passfoto-12x12.jpg 12w\" sizes=\"(max-width: 150px) 100vw, 150px\" \/>\t\t\t\n\t\t<\/a>\n\t<\/div>\n\n\t<div class=\"agent-info\">\n\t\t<div class=\"agent-name\">\n\t\t\t<a href=\"https:\/\/adam-behrens.com\/es\/agent\/renate-wienerroither\/\" class=\"text-decoration-none\">Renate Wienerroither<\/a>\n\t\t<\/div>\n\n\t\t<div class=\"agent-company\">\n\t\t\t                Sales &amp; Backoffice                            \t\t<\/div>\n\t<\/div>\n\t<div class=\"agent-body py-3\">\n\t\t<p>Renate es austriaca y trabaja en Adam &amp; Behrens S.L. desde 2015. Es nuestra joya en la oficina...<\/p>\n\t<\/div>\n\t<div class=\"agent-link\">\n\t\t<a href=\"https:\/\/adam-behrens.com\/es\/agent\/renate-wienerroither\/\">Ver perfil<\/a>\n\t<\/div>\n<\/div><div class=\"agent-grid-wrap agent-item d-flex flex-column align-items-center text-center\">\n\t<div class=\"agent-grid-image-wrap mb-3\">\n\t\t<a class=\"agent-grid-image d-block\" href=\"https:\/\/adam-behrens.com\/es\/agent\/nicola-middendorf\/\">\n\t\t\t<img loading=\"lazy\" decoding=\"async\" width=\"150\" height=\"150\" src=\"https:\/\/adam-behrens.com\/wp-content\/uploads\/2021\/03\/Nicola-1-150x150.jpg\" class=\"img-fluid rounded-circle wp-post-image\" alt=\"\" srcset=\"https:\/\/adam-behrens.com\/wp-content\/uploads\/2021\/03\/Nicola-1-150x150.jpg 150w, https:\/\/adam-behrens.com\/wp-content\/uploads\/2021\/03\/Nicola-1-300x300.jpg 300w, https:\/\/adam-behrens.com\/wp-content\/uploads\/2021\/03\/Nicola-1-12x12.jpg 12w, https:\/\/adam-behrens.com\/wp-content\/uploads\/2021\/03\/Nicola-1.jpg 400w\" sizes=\"(max-width: 150px) 100vw, 150px\" \/>\t\t\t\n\t\t<\/a>\n\t<\/div>\n\n\t<div class=\"agent-info\">\n\t\t<div class=\"agent-name\">\n\t\t\t<a href=\"https:\/\/adam-behrens.com\/es\/agent\/nicola-middendorf\/\" class=\"text-decoration-none\">Nicola Middendorf<\/a>\n\t\t<\/div>\n\n\t\t<div class=\"agent-company\">\n\t\t\t                Alquiler de vacaciones                            \t\t<\/div>\n\t<\/div>\n\t<div class=\"agent-body py-3\">\n\t\t<p>Nicola es responsable del asesoramiento a los clientes en el \u00e1mbito de los alquileres de vacaciones...<\/p>\n\t<\/div>\n\t<div class=\"agent-link\">\n\t\t<a href=\"https:\/\/adam-behrens.com\/es\/agent\/nicola-middendorf\/\">Ver perfil<\/a>\n\t<\/div>\n<\/div><div class=\"agent-grid-wrap agent-item d-flex flex-column align-items-center text-center\">\n\t<div class=\"agent-grid-image-wrap mb-3\">\n\t\t<a class=\"agent-grid-image d-block\" href=\"https:\/\/adam-behrens.com\/es\/agent\/michael-jaspers\/\">\n\t\t\t<img loading=\"lazy\" decoding=\"async\" width=\"150\" height=\"150\" src=\"https:\/\/adam-behrens.com\/wp-content\/uploads\/2021\/03\/Bild-Michael-150x150.jpg\" class=\"img-fluid rounded-circle wp-post-image\" alt=\"\" srcset=\"https:\/\/adam-behrens.com\/wp-content\/uploads\/2021\/03\/Bild-Michael-150x150.jpg 150w, https:\/\/adam-behrens.com\/wp-content\/uploads\/2021\/03\/Bild-Michael-780x780.jpg 780w\" sizes=\"(max-width: 150px) 100vw, 150px\" \/>\t\t\t\n\t\t<\/a>\n\t<\/div>\n\n\t<div class=\"agent-info\">\n\t\t<div class=\"agent-name\">\n\t\t\t<a href=\"https:\/\/adam-behrens.com\/es\/agent\/michael-jaspers\/\" class=\"text-decoration-none\">Michael Jaspers<\/a>\n\t\t<\/div>\n\n\t\t<div class=\"agent-company\">\n\t\t\t                Venta                            \t\t<\/div>\n\t<\/div>\n\t<div class=\"agent-body py-3\">\n\t\t<p>El Sr. Jaspers es un apasionado vendedor inmobiliario con experiencia...<\/p>\n\t<\/div>\n\t<div class=\"agent-link\">\n\t\t<a href=\"https:\/\/adam-behrens.com\/es\/agent\/michael-jaspers\/\">Ver perfil<\/a>\n\t<\/div>\n<\/div>                <\/div>\n            <\/div><!-- agent-module -->\n\n                <!--end post agents module-->\n\n\n        \t\t\t\t<\/div>\n\t\t\t\t<\/div>\n\t\t\t\t\t<\/div>\n\t\t<\/div>\n\t\t\t\t\t<\/div>\n\t\t<\/section>\n\t\t\t\t<\/div>","protected":false},"excerpt":{"rendered":"<p>\u00dcber Uns Adam &#038; Behrens Wir sind seit \u00fcber 30 Jahren in der Vermittlung von Immobilien sowohl in Spanien als auch in Deutschland t\u00e4tig und geh\u00f6ren zu den erfahrenen Anbietern in diesem Segment. Unser Portfolio ist umfangreich, ausgesucht und wir befinden uns in einem kontinuierlichen Ausbau. Wir nehmen jedoch nicht jedes Objekt in den Vertrieb, [&hellip;]<\/p>\n","protected":false},"author":1,"featured_media":46007,"parent":0,"menu_order":0,"comment_status":"closed","ping_status":"closed","template":"template\/template-homepage.php","meta":{"footnotes":""},"class_list":["post-16650","page","type-page","status-publish","has-post-thumbnail","hentry"],"_links":{"self":[{"href":"https:\/\/adam-behrens.com\/es\/wp-json\/wp\/v2\/pages\/16650","targetHints":{"allow":["GET"]}}],"collection":[{"href":"https:\/\/adam-behrens.com\/es\/wp-json\/wp\/v2\/pages"}],"about":[{"href":"https:\/\/adam-behrens.com\/es\/wp-json\/wp\/v2\/types\/page"}],"author":[{"embeddable":true,"href":"https:\/\/adam-behrens.com\/es\/wp-json\/wp\/v2\/users\/1"}],"replies":[{"embeddable":true,"href":"https:\/\/adam-behrens.com\/es\/wp-json\/wp\/v2\/comments?post=16650"}],"version-history":[{"count":6,"href":"https:\/\/adam-behrens.com\/es\/wp-json\/wp\/v2\/pages\/16650\/revisions"}],"predecessor-version":[{"id":45155,"href":"https:\/\/adam-behrens.com\/es\/wp-json\/wp\/v2\/pages\/16650\/revisions\/45155"}],"wp:featuredmedia":[{"embeddable":true,"href":"https:\/\/adam-behrens.com\/es\/wp-json\/wp\/v2\/media\/46007"}],"wp:attachment":[{"href":"https:\/\/adam-behrens.com\/es\/wp-json\/wp\/v2\/media?parent=16650"}],"curies":[{"name":"wp","href":"https:\/\/api.w.org\/{rel}","templated":true}]}}