{"id":16,"date":"2020-02-18T11:33:26","date_gmt":"2020-02-18T11:33:26","guid":{"rendered":"https:\/\/demo01.houzez.co\/?page_id=16"},"modified":"2025-11-25T14:31:52","modified_gmt":"2025-11-25T14:31:52","slug":"comprar","status":"publish","type":"page","link":"https:\/\/adam-behrens.com\/es\/kaufen\/","title":{"rendered":"Compra"},"content":{"rendered":"<div data-elementor-type=\"wp-page\" data-elementor-id=\"16\" class=\"elementor elementor-16\" data-elementor-post-type=\"page\">\n\t\t\t\t\t\t<section class=\"elementor-section elementor-top-section elementor-element elementor-element-0d6c9f3 elementor-section-full_width elementor-section-height-min-height elementor-section-height-default elementor-section-items-middle\" data-id=\"0d6c9f3\" data-element_type=\"section\" data-e-type=\"section\" data-settings=\"{&quot;background_background&quot;:&quot;classic&quot;}\">\n\t\t\t\t\t\t<div class=\"elementor-container elementor-column-gap-default\">\n\t\t\t\t\t<div class=\"elementor-column elementor-col-100 elementor-top-column elementor-element elementor-element-8b02d76\" data-id=\"8b02d76\" data-element_type=\"column\" data-e-type=\"column\">\n\t\t\t<div class=\"elementor-widget-wrap\">\n\t\t\t\t\t\t\t<\/div>\n\t\t<\/div>\n\t\t\t\t\t<\/div>\n\t\t<\/section>\n\t\t\t\t<section class=\"elementor-section elementor-top-section elementor-element elementor-element-f8cd262 elementor-section-boxed elementor-section-height-default elementor-section-height-default\" data-id=\"f8cd262\" data-element_type=\"section\" data-e-type=\"section\">\n\t\t\t\t\t\t<div class=\"elementor-container elementor-column-gap-default\">\n\t\t\t\t\t<div class=\"elementor-column elementor-col-100 elementor-top-column elementor-element elementor-element-4666e4e\" data-id=\"4666e4e\" data-element_type=\"column\" data-e-type=\"column\">\n\t\t\t<div class=\"elementor-widget-wrap elementor-element-populated\">\n\t\t\t\t\t\t<div class=\"elementor-element elementor-element-de8df8b elementor-widget elementor-widget-houzez-property-breadcrumb\" data-id=\"de8df8b\" data-element_type=\"widget\" data-e-type=\"widget\" data-widget_type=\"houzez-property-breadcrumb.default\">\n\t\t\t\t<div class=\"elementor-widget-container\">\n\t\t\t\t\t<div class=\"breadcrumb-wrap\"><ol class=\"breadcrumb\"><li class=\"breadcrumb-item breadcrumb-item-home\"><i class=\"houzez-icon icon-house\"><\/i><a href=\"https:\/\/adam-behrens.com\/es\/\">Inicio<\/a><\/li><li class=\"breadcrumb-item active\">P\u00e1ginas<\/li><\/ol><\/div>\t\t\t\t<\/div>\n\t\t\t\t<\/div>\n\t\t\t\t<div class=\"elementor-element elementor-element-368bd69 elementor-widget elementor-widget-spacer\" data-id=\"368bd69\" data-element_type=\"widget\" data-e-type=\"widget\" data-widget_type=\"spacer.default\">\n\t\t\t\t\t\t\t<div class=\"elementor-spacer\">\n\t\t\t<div class=\"elementor-spacer-inner\"><\/div>\n\t\t<\/div>\n\t\t\t\t\t\t<\/div>\n\t\t\t\t<div class=\"elementor-element elementor-element-7a9ceeab animated-slow elementor-invisible elementor-widget elementor-widget-houzez_elementor_section_title\" data-id=\"7a9ceeab\" data-element_type=\"widget\" data-e-type=\"widget\" data-settings=\"{&quot;_animation&quot;:&quot;fadeIn&quot;}\" data-widget_type=\"houzez_elementor_section_title.default\">\n\t\t\t\t<div class=\"elementor-widget-container\">\n\t\t\t\t\t            <div class=\"houzez_section_title_wrap section-title-module\">\n                                    <h2 class=\"houzez_section_title\">Nuestros inmuebles<\/h2>\n                \n                                    <p class=\"houzez_section_subtitle\">nuestras ofertas de venta actuales<\/p>\n                            <\/div>\n            \t\t\t\t<\/div>\n\t\t\t\t<\/div>\n\t\t\t\t\t<\/div>\n\t\t<\/div>\n\t\t\t\t\t<\/div>\n\t\t<\/section>\n\t\t\t\t<section class=\"elementor-section elementor-top-section elementor-element elementor-element-8cff0bf elementor-section-boxed elementor-section-height-default elementor-section-height-default\" data-id=\"8cff0bf\" data-element_type=\"section\" data-e-type=\"section\">\n\t\t\t\t\t\t<div class=\"elementor-container elementor-column-gap-default\">\n\t\t\t\t\t<div class=\"elementor-column elementor-col-33 elementor-top-column elementor-element elementor-element-bdc866c\" data-id=\"bdc866c\" data-element_type=\"column\" data-e-type=\"column\">\n\t\t\t<div class=\"elementor-widget-wrap elementor-element-populated\">\n\t\t\t\t\t\t<div class=\"elementor-element elementor-element-0c7355a elementor-widget elementor-widget-image\" data-id=\"0c7355a\" data-element_type=\"widget\" data-e-type=\"widget\" data-widget_type=\"image.default\">\n\t\t\t\t\t\t\t\t\t\t\t\t\t\t\t\t<a href=\"\/es\/comprar\/hoteles\/\">\n\t\t\t\t\t\t\t<img fetchpriority=\"high\" decoding=\"async\" width=\"1140\" height=\"750\" src=\"https:\/\/adam-behrens.com\/wp-content\/uploads\/2025\/10\/1-2.png\" class=\"elementor-animation-grow attachment-full size-full wp-image-45174\" alt=\"\" srcset=\"https:\/\/adam-behrens.com\/wp-content\/uploads\/2025\/10\/1-2.png 1140w, https:\/\/adam-behrens.com\/wp-content\/uploads\/2025\/10\/1-2-18x12.png 18w\" sizes=\"(max-width: 1140px) 100vw, 1140px\" \/>\t\t\t\t\t\t\t\t<\/a>\n\t\t\t\t\t\t\t\t\t\t\t\t\t\t\t<\/div>\n\t\t\t\t<div class=\"elementor-element elementor-element-0f14ece elementor-widget elementor-widget-text-editor\" data-id=\"0f14ece\" data-element_type=\"widget\" data-e-type=\"widget\" data-widget_type=\"text-editor.default\">\n\t\t\t\t\t\t\t\t\t<p><a href=\"https:\/\/adam-behrens.com\/es\/comprar\/\/villas-y-casas\/\">Inmuebles hoteleros<\/a><\/p>\t\t\t\t\t\t\t\t<\/div>\n\t\t\t\t\t<\/div>\n\t\t<\/div>\n\t\t\t\t<div class=\"elementor-column elementor-col-33 elementor-top-column elementor-element elementor-element-8f7eaba\" data-id=\"8f7eaba\" data-element_type=\"column\" data-e-type=\"column\">\n\t\t\t<div class=\"elementor-widget-wrap elementor-element-populated\">\n\t\t\t\t\t\t<div class=\"elementor-element elementor-element-d8f9df8 elementor-widget elementor-widget-image\" data-id=\"d8f9df8\" data-element_type=\"widget\" data-e-type=\"widget\" data-widget_type=\"image.default\">\n\t\t\t\t\t\t\t\t\t\t\t\t\t\t\t\t<a href=\"\/es\/comprar\/villas-y-casas\/\">\n\t\t\t\t\t\t\t<img decoding=\"async\" width=\"1024\" height=\"674\" src=\"https:\/\/adam-behrens.com\/wp-content\/uploads\/2025\/10\/Webseite-Foto.png\" class=\"elementor-animation-grow attachment-large size-large wp-image-45211\" alt=\"\" srcset=\"https:\/\/adam-behrens.com\/wp-content\/uploads\/2025\/10\/Webseite-Foto.png 1140w, https:\/\/adam-behrens.com\/wp-content\/uploads\/2025\/10\/Webseite-Foto-18x12.png 18w\" sizes=\"(max-width: 1024px) 100vw, 1024px\" \/>\t\t\t\t\t\t\t\t<\/a>\n\t\t\t\t\t\t\t\t\t\t\t\t\t\t\t<\/div>\n\t\t\t\t<div class=\"elementor-element elementor-element-7358149 elementor-widget elementor-widget-text-editor\" data-id=\"7358149\" data-element_type=\"widget\" data-e-type=\"widget\" data-widget_type=\"text-editor.default\">\n\t\t\t\t\t\t\t\t\t<p><a href=\"\/es\/comprar\/\/villas-y-casas\/\">Villas &amp; casas<\/a><\/p>\t\t\t\t\t\t\t\t<\/div>\n\t\t\t\t\t<\/div>\n\t\t<\/div>\n\t\t\t\t<div class=\"elementor-column elementor-col-33 elementor-top-column elementor-element elementor-element-d328cb9\" data-id=\"d328cb9\" data-element_type=\"column\" data-e-type=\"column\">\n\t\t\t<div class=\"elementor-widget-wrap elementor-element-populated\">\n\t\t\t\t\t\t<div class=\"elementor-element elementor-element-ad867fb elementor-widget elementor-widget-image\" data-id=\"ad867fb\" data-element_type=\"widget\" data-e-type=\"widget\" data-widget_type=\"image.default\">\n\t\t\t\t\t\t\t\t\t\t\t\t\t\t\t\t<a href=\"\/es\/comprar\/apartamentos-y-aticos\/\">\n\t\t\t\t\t\t\t<img decoding=\"async\" width=\"407\" height=\"271\" src=\"https:\/\/adam-behrens.com\/wp-content\/uploads\/2021\/03\/penthaus-small.jpg\" class=\"elementor-animation-grow attachment-large size-large wp-image-33500\" alt=\"\" srcset=\"https:\/\/adam-behrens.com\/wp-content\/uploads\/2021\/03\/penthaus-small.jpg 407w, https:\/\/adam-behrens.com\/wp-content\/uploads\/2021\/03\/penthaus-small-300x200.jpg 300w, https:\/\/adam-behrens.com\/wp-content\/uploads\/2021\/03\/penthaus-small-16x12.jpg 16w\" sizes=\"(max-width: 407px) 100vw, 407px\" \/>\t\t\t\t\t\t\t\t<\/a>\n\t\t\t\t\t\t\t\t\t\t\t\t\t\t\t<\/div>\n\t\t\t\t<div class=\"elementor-element elementor-element-bd2737e elementor-widget elementor-widget-text-editor\" data-id=\"bd2737e\" data-element_type=\"widget\" data-e-type=\"widget\" data-widget_type=\"text-editor.default\">\n\t\t\t\t\t\t\t\t\t<p><a href=\"\/es\/comprar\/apartamentos-y-aticos\/\">Apartamentos y \u00e1ticos<\/a><\/p>\t\t\t\t\t\t\t\t<\/div>\n\t\t\t\t\t<\/div>\n\t\t<\/div>\n\t\t\t\t\t<\/div>\n\t\t<\/section>\n\t\t\t\t<section class=\"elementor-section elementor-top-section elementor-element elementor-element-c1fcdcb elementor-section-boxed elementor-section-height-default elementor-section-height-default\" data-id=\"c1fcdcb\" data-element_type=\"section\" data-e-type=\"section\">\n\t\t\t\t\t\t<div class=\"elementor-container elementor-column-gap-default\">\n\t\t\t\t\t<div class=\"elementor-column elementor-col-33 elementor-top-column elementor-element elementor-element-227d56f\" data-id=\"227d56f\" data-element_type=\"column\" data-e-type=\"column\">\n\t\t\t<div class=\"elementor-widget-wrap elementor-element-populated\">\n\t\t\t\t\t\t<div class=\"elementor-element elementor-element-cea8aa6 elementor-widget elementor-widget-image\" data-id=\"cea8aa6\" data-element_type=\"widget\" data-e-type=\"widget\" data-widget_type=\"image.default\">\n\t\t\t\t\t\t\t\t\t\t\t\t\t\t\t\t<a href=\"\/es\/comprar\/fincas\/\">\n\t\t\t\t\t\t\t<img loading=\"lazy\" decoding=\"async\" width=\"406\" height=\"271\" src=\"https:\/\/adam-behrens.com\/wp-content\/uploads\/2021\/03\/finca-small.jpg\" class=\"elementor-animation-grow attachment-full size-full wp-image-33392\" alt=\"\" srcset=\"https:\/\/adam-behrens.com\/wp-content\/uploads\/2021\/03\/finca-small.jpg 406w, https:\/\/adam-behrens.com\/wp-content\/uploads\/2021\/03\/finca-small-300x200.jpg 300w, https:\/\/adam-behrens.com\/wp-content\/uploads\/2021\/03\/finca-small-16x12.jpg 16w\" sizes=\"(max-width: 406px) 100vw, 406px\" \/>\t\t\t\t\t\t\t\t<\/a>\n\t\t\t\t\t\t\t\t\t\t\t\t\t\t\t<\/div>\n\t\t\t\t<div class=\"elementor-element elementor-element-796b2af elementor-widget elementor-widget-text-editor\" data-id=\"796b2af\" data-element_type=\"widget\" data-e-type=\"widget\" data-widget_type=\"text-editor.default\">\n\t\t\t\t\t\t\t\t\t<p><a href=\"\/es\/comprar\/fincas\/\">Fincas<\/a><\/p>\t\t\t\t\t\t\t\t<\/div>\n\t\t\t\t\t<\/div>\n\t\t<\/div>\n\t\t\t\t<div class=\"elementor-column elementor-col-33 elementor-top-column elementor-element elementor-element-2106512\" data-id=\"2106512\" data-element_type=\"column\" data-e-type=\"column\">\n\t\t\t<div class=\"elementor-widget-wrap elementor-element-populated\">\n\t\t\t\t\t\t<div class=\"elementor-element elementor-element-0d98add elementor-widget elementor-widget-image\" data-id=\"0d98add\" data-element_type=\"widget\" data-e-type=\"widget\" data-widget_type=\"image.default\">\n\t\t\t\t\t\t\t\t\t\t\t\t\t\t\t\t<a href=\"\/es\/comprar\/nuevas-construcciones-y-parcelas-2\/\">\n\t\t\t\t\t\t\t<img loading=\"lazy\" decoding=\"async\" width=\"406\" height=\"271\" src=\"https:\/\/adam-behrens.com\/wp-content\/uploads\/2021\/03\/neubauten-small.jpg\" class=\"elementor-animation-grow attachment-full size-full wp-image-33399\" alt=\"\" srcset=\"https:\/\/adam-behrens.com\/wp-content\/uploads\/2021\/03\/neubauten-small.jpg 406w, https:\/\/adam-behrens.com\/wp-content\/uploads\/2021\/03\/neubauten-small-300x200.jpg 300w, https:\/\/adam-behrens.com\/wp-content\/uploads\/2021\/03\/neubauten-small-16x12.jpg 16w\" sizes=\"(max-width: 406px) 100vw, 406px\" \/>\t\t\t\t\t\t\t\t<\/a>\n\t\t\t\t\t\t\t\t\t\t\t\t\t\t\t<\/div>\n\t\t\t\t<div class=\"elementor-element elementor-element-61de04f elementor-widget elementor-widget-text-editor\" data-id=\"61de04f\" data-element_type=\"widget\" data-e-type=\"widget\" data-widget_type=\"text-editor.default\">\n\t\t\t\t\t\t\t\t\t<p><a href=\"\/es\/nuevas-construcciones-y-parcelas-2\/\">Nuevos edificios &amp; terrenos<\/a><\/p>\t\t\t\t\t\t\t\t<\/div>\n\t\t\t\t\t<\/div>\n\t\t<\/div>\n\t\t\t\t<div class=\"elementor-column elementor-col-33 elementor-top-column elementor-element elementor-element-3277c59\" data-id=\"3277c59\" data-element_type=\"column\" data-e-type=\"column\">\n\t\t\t<div class=\"elementor-widget-wrap elementor-element-populated\">\n\t\t\t\t\t\t<div class=\"elementor-element elementor-element-8207ee4 elementor-widget elementor-widget-image\" data-id=\"8207ee4\" data-element_type=\"widget\" data-e-type=\"widget\" data-widget_type=\"image.default\">\n\t\t\t\t\t\t\t\t\t\t\t\t\t\t\t\t<a href=\"\/es\/comprar\/vivir-en-el-centro\/\">\n\t\t\t\t\t\t\t<img loading=\"lazy\" decoding=\"async\" width=\"1140\" height=\"750\" src=\"https:\/\/adam-behrens.com\/wp-content\/uploads\/2025\/10\/Webseite-Foto-1.png\" class=\"elementor-animation-grow attachment-full size-full wp-image-45215\" alt=\"\" srcset=\"https:\/\/adam-behrens.com\/wp-content\/uploads\/2025\/10\/Webseite-Foto-1.png 1140w, https:\/\/adam-behrens.com\/wp-content\/uploads\/2025\/10\/Webseite-Foto-1-18x12.png 18w\" sizes=\"(max-width: 1140px) 100vw, 1140px\" \/>\t\t\t\t\t\t\t\t<\/a>\n\t\t\t\t\t\t\t\t\t\t\t\t\t\t\t<\/div>\n\t\t\t\t<div class=\"elementor-element elementor-element-7b1e599 elementor-widget elementor-widget-text-editor\" data-id=\"7b1e599\" data-element_type=\"widget\" data-e-type=\"widget\" data-widget_type=\"text-editor.default\">\n\t\t\t\t\t\t\t\t\t<p><a href=\"\/es\/vivir-en-el-centro\/\">Vivir en el centro<\/a><\/p>\t\t\t\t\t\t\t\t<\/div>\n\t\t\t\t\t<\/div>\n\t\t<\/div>\n\t\t\t\t\t<\/div>\n\t\t<\/section>\n\t\t\t\t<section class=\"elementor-section elementor-top-section elementor-element elementor-element-5b6d3baf elementor-section-content-middle elementor-section-stretched elementor-section-full_width elementor-section-height-default elementor-section-height-default\" data-id=\"5b6d3baf\" data-element_type=\"section\" data-e-type=\"section\" data-settings=\"{&quot;stretch_section&quot;:&quot;section-stretched&quot;}\">\n\t\t\t\t\t\t\t<div class=\"elementor-background-overlay\"><\/div>\n\t\t\t\t\t\t\t<div class=\"elementor-container elementor-column-gap-wide\">\n\t\t\t\t\t<div class=\"elementor-column elementor-col-100 elementor-top-column elementor-element elementor-element-3812daa6\" data-id=\"3812daa6\" data-element_type=\"column\" data-e-type=\"column\">\n\t\t\t<div class=\"elementor-widget-wrap elementor-element-populated\">\n\t\t\t\t\t\t<div class=\"elementor-element elementor-element-55482ab3 elementor-widget elementor-widget-houzez_elementor_space\" data-id=\"55482ab3\" data-element_type=\"widget\" data-e-type=\"widget\" data-widget_type=\"houzez_elementor_space.default\">\n\t\t\t\t<div class=\"elementor-widget-container\">\n\t\t\t\t\t        <div class=\"houzez-spacer\">\n            <div class=\"houzez-spacer-inner\"><\/div>\n        <\/div>\n        \t\t\t\t<\/div>\n\t\t\t\t<\/div>\n\t\t\t\t<section class=\"elementor-section elementor-inner-section elementor-element elementor-element-470f19cd elementor-section-boxed elementor-section-height-default elementor-section-height-default\" data-id=\"470f19cd\" data-element_type=\"section\" data-e-type=\"section\">\n\t\t\t\t\t\t<div class=\"elementor-container elementor-column-gap-default\">\n\t\t\t\t\t<div class=\"elementor-column elementor-col-100 elementor-inner-column elementor-element elementor-element-44045685\" data-id=\"44045685\" data-element_type=\"column\" data-e-type=\"column\">\n\t\t\t<div class=\"elementor-widget-wrap elementor-element-populated\">\n\t\t\t\t\t\t<div class=\"elementor-element elementor-element-b602b35 animated-slow elementor-invisible elementor-widget elementor-widget-houzez_elementor_section_title\" data-id=\"b602b35\" data-element_type=\"widget\" data-e-type=\"widget\" data-settings=\"{&quot;_animation&quot;:&quot;fadeIn&quot;}\" data-widget_type=\"houzez_elementor_section_title.default\">\n\t\t\t\t<div class=\"elementor-widget-container\">\n\t\t\t\t\t            <div class=\"houzez_section_title_wrap section-title-module\">\n                                    <h2 class=\"houzez_section_title\">Habla con nosotros<\/h2>\n                \n                            <\/div>\n            \t\t\t\t<\/div>\n\t\t\t\t<\/div>\n\t\t\t\t<div class=\"elementor-element elementor-element-96a45e0 elementor-widget elementor-widget-text-editor\" data-id=\"96a45e0\" data-element_type=\"widget\" data-e-type=\"widget\" data-widget_type=\"text-editor.default\">\n\t\t\t\t\t\t\t\t\t<p>Para poder atender de manera \u00f3ptima todas las preguntas que surgen en relaci\u00f3n con la compra de una propiedad, mantenemos buenos contactos <br \/>con reconocidos promotores inmobiliarios, arquitectos y expertos. Tambi\u00e9n somos parte de una excelente <br \/>extensa red de abogados, notarios, especialistas bancarios y asesores fiscales. <br \/><br \/>Estamos en una excelente posici\u00f3n para gestionar la compraventa de su propiedad y el soporte posterior y, por lo tanto, podemos ofrecerle un \u201cpaquete completo sin preocupaciones\u201d. <br \/>\u00a1Nuestro trabajo siempre se ha caracterizado por la discreci\u00f3n, seriedad y seriedad! Esperamos poder ayudarle profesionalmente al comprar su nueva propiedad. <\/p>\t\t\t\t\t\t\t\t<\/div>\n\t\t\t\t\t<\/div>\n\t\t<\/div>\n\t\t\t\t\t<\/div>\n\t\t<\/section>\n\t\t\t\t<div class=\"elementor-element elementor-element-371fcfbd elementor-widget elementor-widget-spacer\" data-id=\"371fcfbd\" data-element_type=\"widget\" data-e-type=\"widget\" data-widget_type=\"spacer.default\">\n\t\t\t\t\t\t\t<div class=\"elementor-spacer\">\n\t\t\t<div class=\"elementor-spacer-inner\"><\/div>\n\t\t<\/div>\n\t\t\t\t\t\t<\/div>\n\t\t\t\t\t<\/div>\n\t\t<\/div>\n\t\t\t\t\t<\/div>\n\t\t<\/section>\n\t\t\t\t<\/div>","protected":false},"excerpt":{"rendered":"<p>Objektliste unsere aktuellen Verkaufsangebote Hotelimmobilien Villen &amp; H\u00e4user Apartments &amp; Penth\u00e4user Fincas Neubauten &amp; Grundst\u00fccke Leben im Zentrum Sprechen Sie uns an Um alle auftretenden Fragen im Zusammenhang mit dem Erwerb einer Immobilie optimal erf\u00fcllen zu k\u00f6nnen pflegen wir gute Kontakte zu anerkannten Bautr\u00e4gern, Architekten und Sachverst\u00e4ndigen. Wir sind au\u00dferdem Teil eines ausgezeichnet funktionierenden und [&hellip;]<\/p>\n","protected":false},"author":1,"featured_media":46007,"parent":0,"menu_order":0,"comment_status":"closed","ping_status":"closed","template":"template\/template-homepage.php","meta":{"footnotes":""},"class_list":["post-16","page","type-page","status-publish","has-post-thumbnail","hentry"],"_links":{"self":[{"href":"https:\/\/adam-behrens.com\/es\/wp-json\/wp\/v2\/pages\/16","targetHints":{"allow":["GET"]}}],"collection":[{"href":"https:\/\/adam-behrens.com\/es\/wp-json\/wp\/v2\/pages"}],"about":[{"href":"https:\/\/adam-behrens.com\/es\/wp-json\/wp\/v2\/types\/page"}],"author":[{"embeddable":true,"href":"https:\/\/adam-behrens.com\/es\/wp-json\/wp\/v2\/users\/1"}],"replies":[{"embeddable":true,"href":"https:\/\/adam-behrens.com\/es\/wp-json\/wp\/v2\/comments?post=16"}],"version-history":[{"count":21,"href":"https:\/\/adam-behrens.com\/es\/wp-json\/wp\/v2\/pages\/16\/revisions"}],"predecessor-version":[{"id":45440,"href":"https:\/\/adam-behrens.com\/es\/wp-json\/wp\/v2\/pages\/16\/revisions\/45440"}],"wp:featuredmedia":[{"embeddable":true,"href":"https:\/\/adam-behrens.com\/es\/wp-json\/wp\/v2\/media\/46007"}],"wp:attachment":[{"href":"https:\/\/adam-behrens.com\/es\/wp-json\/wp\/v2\/media?parent=16"}],"curies":[{"name":"wp","href":"https:\/\/api.w.org\/{rel}","templated":true}]}}