{"id":46018,"date":"2025-11-25T14:50:48","date_gmt":"2025-11-25T14:50:48","guid":{"rendered":"https:\/\/adam-behrens.com\/?page_id=46018"},"modified":"2025-11-26T11:15:03","modified_gmt":"2025-11-26T11:15:03","slug":"hotelexpertise","status":"publish","type":"page","link":"https:\/\/adam-behrens.com\/en\/hotelexpertise\/","title":{"rendered":"Hotel expertise"},"content":{"rendered":"<div data-elementor-type=\"wp-page\" data-elementor-id=\"46018\" class=\"elementor elementor-46018\" data-elementor-post-type=\"page\">\n\t\t\t\t<div class=\"elementor-element elementor-element-971d0da e-flex e-con-boxed e-con e-parent\" data-id=\"971d0da\" data-element_type=\"container\" data-e-type=\"container\">\n\t\t\t\t\t<div class=\"e-con-inner\">\n\t\t\t\t<div class=\"elementor-element elementor-element-5bf7434 elementor-widget elementor-widget-image\" data-id=\"5bf7434\" data-element_type=\"widget\" data-e-type=\"widget\" data-widget_type=\"image.default\">\n\t\t\t\t\t\t\t\t\t\t\t\t\t\t\t<img fetchpriority=\"high\" decoding=\"async\" width=\"2560\" height=\"1920\" src=\"https:\/\/adam-behrens.com\/wp-content\/uploads\/2025\/11\/1-scaled.png\" class=\"attachment-full size-full wp-image-46035\" alt=\"\" srcset=\"https:\/\/adam-behrens.com\/wp-content\/uploads\/2025\/11\/1-scaled.png 2560w, https:\/\/adam-behrens.com\/wp-content\/uploads\/2025\/11\/1-1536x1152.png 1536w, https:\/\/adam-behrens.com\/wp-content\/uploads\/2025\/11\/1-2048x1536.png 2048w, https:\/\/adam-behrens.com\/wp-content\/uploads\/2025\/11\/1-16x12.png 16w, https:\/\/adam-behrens.com\/wp-content\/uploads\/2025\/11\/1-584x438.png 584w\" sizes=\"(max-width: 2560px) 100vw, 2560px\" \/>\t\t\t\t\t\t\t\t\t\t\t\t\t\t\t<\/div>\n\t\t\t\t\t<\/div>\n\t\t\t\t<\/div>\n\t\t<div class=\"elementor-element elementor-element-188ea3e e-flex e-con-boxed e-con e-parent\" data-id=\"188ea3e\" data-element_type=\"container\" data-e-type=\"container\">\n\t\t\t\t\t<div class=\"e-con-inner\">\n\t\t\t\t<div class=\"elementor-element elementor-element-1fc629e elementor-widget elementor-widget-text-editor\" data-id=\"1fc629e\" data-element_type=\"widget\" data-e-type=\"widget\" data-widget_type=\"text-editor.default\">\n\t\t\t\t\t\t\t\t\t<h3><\/h3>\n<h3>\ud83c\udfe8 <strong data-start=\"285\" data-end=\"314\">About me \u2013 Fabrice Adler<\/strong><\/h3>\n<p data-start=\"316\" data-end=\"827\">For many years, the hotel industry has been not only my professional passion, but also my personal passion.<br data-start=\"426\" data-end=\"429\" \/>My career path has taken me step by step from operational hotel management to strategic management and on to supporting complex hotel real estate projects.<br data-start=\"592\" data-end=\"595\" \/>Today, I combine <strong data-start=\"616\" data-end=\"644\">operational hotel experience<\/strong>, <strong data-start=\"646\" data-end=\"683\">, business management expertise<\/strong> and <strong data-start=\"688\" data-end=\"727\">real estate know-how<\/strong>to operate in the hotel real estate environment in the best possible way.<\/p>\n\n\n<hr data-start=\"829\" data-end=\"832\" \/>\n\n<h3><\/h3>\n<h3>\ud83d\udcbc <strong data-start=\"841\" data-end=\"881\">Professional career &amp; areas of expertise<\/strong><\/h3>\n<h5><strong data-start=\"883\" data-end=\"941\">1.\u00a0<\/strong><strong data-start=\"883\" data-end=\"941\">Operative Hotellerie \u2013 die Basis des Verst\u00e4ndnisses<\/strong><\/h5>\n<ul>\n \t<li data-start=\"944\" data-end=\"1031\">Studied international hotel management and gained initial experience in renowned establishments in the international hotel industry and in operational consulting<\/li>\n \t<li data-start=\"1034\" data-end=\"1112\">Extensive knowledge of the various areas of hotel operations<\/li>\n \t<li data-start=\"1115\" data-end=\"1217\">Developed a deep understanding of operational processes, guest needs, service quality and process optimisation<\/li>\n<\/ul>\n<h5><span style=\"font-weight: bold;\" data-start=\"1563\" data-end=\"1601\">2.\u00a0<\/span><strong style=\"font-size: 1.25rem;\" data-start=\"1219\" data-end=\"1248\">Management &amp; Strategy<\/strong><\/h5>\n<ul>\n \t<li data-start=\"1115\" data-end=\"1217\">Additional master's degree in business management<\/li>\n \t<li data-start=\"1882\" data-end=\"2008\">Building on the master's degree in business management <span data-start=\"1951\" data-end=\"1975\">assuming management positions in the hotel and real estate sector<\/span> im Hotel- und Immobilienumfeld<\/li>\n \t<li data-start=\"2011\" data-end=\"2133\">Responsible for team leadership, budget, and business unit results, organisational development, and strategic planning<\/li>\n \t<li data-start=\"2136\" data-end=\"2234\">Combining entrepreneurial thinking and practical implementation skills in dynamic markets<\/li>\n<\/ul>\n<h5><span style=\"font-weight: bold;\" data-start=\"1563\" data-end=\"1601\">3. Hotel real estate \u2013 a fusion of operations, strategy and property<\/span><\/h5>\n<ul>\n \t<li data-start=\"1604\" data-end=\"1666\">Responsibility for the hotel real estate sector at one of the largest international consulting firms (almost 7 years in total):\n<ul>\n \t<li>Support for hotel real estate transactions and operator transactions<\/li>\n \t<li>Due diligence on the buyer\/seller side<\/li>\n \t<li>Valuation of hotel real estate<\/li>\n \t<li>Asset management<\/li>\n \t<li>Analysis of business models (end-to-end reviews)<\/li>\n \t<li>Project development services (feasibility studies, leasing, etc.)<\/li>\n \t<li>and much more.<\/li>\n<\/ul>\n<\/li>\n \t<li data-start=\"295\" data-end=\"410\" class=\"translation-block\">Extensive experience in balancing operational performance and property value<\/li>\n \t<li data-start=\"556\" data-end=\"665\" class=\"translation-block\">Understanding of how contract models (lease, management, franchise) shape long-term property value<\/li>\n \t<li data-start=\"919\" data-end=\"1075\" class=\"translation-block\">Experience in translating operational performance into investor logic<\/li>\n \t<li data-start=\"1078\" data-end=\"1204\">Holistic view of the life cycle of a hotel property \u2013 from development and operation to repositioning or exit<\/li>\n \t<li data-start=\"1207\" data-end=\"1322\" class=\"translation-block\">Ability to moderate investor and operator interests and translate them into sustainable partnerships<\/li>\n<\/ul>\n\n<hr data-start=\"1918\" data-end=\"1921\" \/>\n\n<h3><\/h3>\n<h3>\ud83c\udfaf\u00a0<b style=\"font-size: 1.75rem;\">Hotel-<\/b><strong style=\"font-size: 1.75rem;\" data-start=\"1930\" data-end=\"1962\">Hotel priorities today<\/strong><\/h3>\n<ul>\n \t<li data-start=\"1965\" data-end=\"2057\">Support with <span data-start=\"2078\" data-end=\"2134\">hotel property transactions in Spain<\/span><\/li>\n \t<li data-start=\"2139\" data-end=\"2210\">Valuation of these properties against the backdrop of price expectations<\/li>\n \t<li data-start=\"2139\" data-end=\"2210\">Contacts with renowned national and international investors and operators<\/li>\n \t<li data-start=\"2139\" data-end=\"2210\">Preparatory measures for the planned opening of our own boutique hotel (currently supporting the renovation of the property)<\/li>\n<\/ul>\t\t\t\t\t\t\t\t<\/div>\n\t\t\t\t\t<\/div>\n\t\t\t\t<\/div>\n\t\t<div class=\"elementor-element elementor-element-4efc1fc e-flex e-con-boxed e-con e-parent\" data-id=\"4efc1fc\" data-element_type=\"container\" data-e-type=\"container\">\n\t\t\t\t\t<div class=\"e-con-inner\">\n\t\t\t\t<div class=\"elementor-element elementor-element-461cdd1 elementor-position-top elementor-widget elementor-widget-image-box\" data-id=\"461cdd1\" data-element_type=\"widget\" data-e-type=\"widget\" data-widget_type=\"image-box.default\">\n\t\t\t\t\t<div class=\"elementor-image-box-wrapper\"><figure class=\"elementor-image-box-img\"><a href=\"https:\/\/adam-behrens.com\/en\/buy\/hotels\/\" tabindex=\"-1\"><img decoding=\"async\" width=\"1140\" height=\"750\" src=\"https:\/\/adam-behrens.com\/wp-content\/uploads\/2025\/10\/1-2.png\" class=\"attachment-full size-full wp-image-45174\" alt=\"\" srcset=\"https:\/\/adam-behrens.com\/wp-content\/uploads\/2025\/10\/1-2.png 1140w, https:\/\/adam-behrens.com\/wp-content\/uploads\/2025\/10\/1-2-18x12.png 18w\" sizes=\"(max-width: 1140px) 100vw, 1140px\" \/><\/a><\/figure><div class=\"elementor-image-box-content\"><h3 class=\"elementor-image-box-title\"><a href=\"https:\/\/adam-behrens.com\/en\/buy\/hotels\/\">For current hotel offers click here<\/a><\/h3><\/div><\/div>\t\t\t\t<\/div>\n\t\t\t\t\t<\/div>\n\t\t\t\t<\/div>\n\t\t\t\t<\/div>","protected":false},"excerpt":{"rendered":"<p>\ud83c\udfe8 \u00dcber mich \u2013 Fabrice Adler Die Hotellerie ist seit vielen Jahren nicht nur meine berufliche, sondern auch meine pers\u00f6nliche Leidenschaft.Mein Weg f\u00fchrte mich Schritt f\u00fcr Schritt von der operativen Hotellerie \u00fcber das strategische Management bis hin zur Begleitung komplexer Hotelimmobilienprojekte.Heute kombiniere ich operative Hotelerfahrung, betriebswirtschaftliche Kompetenz und immobilienwirtschaftliches Know-how, um bestm\u00f6glich im Hotelimmobilienumfeld zu [&hellip;]<\/p>\n","protected":false},"author":3,"featured_media":46035,"parent":0,"menu_order":0,"comment_status":"closed","ping_status":"closed","template":"template\/template-homepage.php","meta":{"footnotes":""},"class_list":["post-46018","page","type-page","status-publish","has-post-thumbnail","hentry"],"_links":{"self":[{"href":"https:\/\/adam-behrens.com\/en\/wp-json\/wp\/v2\/pages\/46018","targetHints":{"allow":["GET"]}}],"collection":[{"href":"https:\/\/adam-behrens.com\/en\/wp-json\/wp\/v2\/pages"}],"about":[{"href":"https:\/\/adam-behrens.com\/en\/wp-json\/wp\/v2\/types\/page"}],"author":[{"embeddable":true,"href":"https:\/\/adam-behrens.com\/en\/wp-json\/wp\/v2\/users\/3"}],"replies":[{"embeddable":true,"href":"https:\/\/adam-behrens.com\/en\/wp-json\/wp\/v2\/comments?post=46018"}],"version-history":[{"count":43,"href":"https:\/\/adam-behrens.com\/en\/wp-json\/wp\/v2\/pages\/46018\/revisions"}],"predecessor-version":[{"id":46068,"href":"https:\/\/adam-behrens.com\/en\/wp-json\/wp\/v2\/pages\/46018\/revisions\/46068"}],"wp:featuredmedia":[{"embeddable":true,"href":"https:\/\/adam-behrens.com\/en\/wp-json\/wp\/v2\/media\/46035"}],"wp:attachment":[{"href":"https:\/\/adam-behrens.com\/en\/wp-json\/wp\/v2\/media?parent=46018"}],"curies":[{"name":"wp","href":"https:\/\/api.w.org\/{rel}","templated":true}]}}