{"id":40571,"date":"2023-08-04T12:19:33","date_gmt":"2023-08-04T12:19:33","guid":{"rendered":"https:\/\/adam-behrens.com\/?page_id=40571"},"modified":"2025-11-25T14:34:17","modified_gmt":"2025-11-25T14:34:17","slug":"licensed-real-estate-agent","status":"publish","type":"page","link":"https:\/\/adam-behrens.com\/en\/zugelassener-makler\/","title":{"rendered":"Licensed real estate agent"},"content":{"rendered":"<div data-elementor-type=\"wp-page\" data-elementor-id=\"40571\" class=\"elementor elementor-40571\" data-elementor-post-type=\"page\">\n\t\t\t\t\t\t<section class=\"elementor-section elementor-top-section elementor-element elementor-element-dbfd832 elementor-section-full_width elementor-section-height-min-height elementor-section-height-default elementor-section-items-middle\" data-id=\"dbfd832\" data-element_type=\"section\" data-e-type=\"section\" data-settings=\"{&quot;background_background&quot;:&quot;classic&quot;}\">\n\t\t\t\t\t\t<div class=\"elementor-container elementor-column-gap-default\">\n\t\t\t\t\t<div class=\"elementor-column elementor-col-100 elementor-top-column elementor-element elementor-element-0fa1d56\" data-id=\"0fa1d56\" data-element_type=\"column\" data-e-type=\"column\">\n\t\t\t<div class=\"elementor-widget-wrap\">\n\t\t\t\t\t\t\t<\/div>\n\t\t<\/div>\n\t\t\t\t\t<\/div>\n\t\t<\/section>\n\t\t\t\t<section class=\"elementor-section elementor-top-section elementor-element elementor-element-278e6fe elementor-section-boxed elementor-section-height-default elementor-section-height-default\" data-id=\"278e6fe\" data-element_type=\"section\" data-e-type=\"section\">\n\t\t\t\t\t\t<div class=\"elementor-container elementor-column-gap-default\">\n\t\t\t\t\t<div class=\"elementor-column elementor-col-100 elementor-top-column elementor-element elementor-element-8d9f993\" data-id=\"8d9f993\" data-element_type=\"column\" data-e-type=\"column\">\n\t\t\t<div class=\"elementor-widget-wrap elementor-element-populated\">\n\t\t\t\t\t\t<div class=\"elementor-element elementor-element-b276201 elementor-widget elementor-widget-houzez-property-breadcrumb\" data-id=\"b276201\" data-element_type=\"widget\" data-e-type=\"widget\" data-widget_type=\"houzez-property-breadcrumb.default\">\n\t\t\t\t<div class=\"elementor-widget-container\">\n\t\t\t\t\t<div class=\"breadcrumb-wrap\"><ol class=\"breadcrumb\"><li class=\"breadcrumb-item breadcrumb-item-home\"><i class=\"houzez-icon icon-house\"><\/i><a href=\"https:\/\/adam-behrens.com\/en\/\">Home<\/a><\/li><li class=\"breadcrumb-item active\">Pages<\/li><\/ol><\/div>\t\t\t\t<\/div>\n\t\t\t\t<\/div>\n\t\t\t\t<div class=\"elementor-element elementor-element-5a9884c elementor-widget elementor-widget-spacer\" data-id=\"5a9884c\" data-element_type=\"widget\" data-e-type=\"widget\" data-widget_type=\"spacer.default\">\n\t\t\t\t\t\t\t<div class=\"elementor-spacer\">\n\t\t\t<div class=\"elementor-spacer-inner\"><\/div>\n\t\t<\/div>\n\t\t\t\t\t\t<\/div>\n\t\t\t\t\t<\/div>\n\t\t<\/div>\n\t\t\t\t\t<\/div>\n\t\t<\/section>\n\t\t\t\t<section class=\"elementor-section elementor-top-section elementor-element elementor-element-49f27ee elementor-section-boxed elementor-section-height-default elementor-section-height-default\" data-id=\"49f27ee\" data-element_type=\"section\" data-e-type=\"section\">\n\t\t\t\t\t\t<div class=\"elementor-container elementor-column-gap-default\">\n\t\t\t\t\t<div class=\"elementor-column elementor-col-100 elementor-top-column elementor-element elementor-element-6e64b73\" data-id=\"6e64b73\" data-element_type=\"column\" data-e-type=\"column\">\n\t\t\t<div class=\"elementor-widget-wrap elementor-element-populated\">\n\t\t\t\t\t\t<div class=\"elementor-element elementor-element-408a24c elementor-widget elementor-widget-heading\" data-id=\"408a24c\" data-element_type=\"widget\" data-e-type=\"widget\" data-widget_type=\"heading.default\">\n\t\t\t\t\t<h2 class=\"elementor-heading-title elementor-size-default\">Licensed real estate agent of the Comunidad Valencia<\/h2>\t\t\t\t<\/div>\n\t\t\t\t<div class=\"elementor-element elementor-element-79073ca elementor-widget elementor-widget-heading\" data-id=\"79073ca\" data-element_type=\"widget\" data-e-type=\"widget\" data-widget_type=\"heading.default\">\n\t\t\t\t\t<h2 class=\"elementor-heading-title elementor-size-default\">Enrolled in<br>\nRegistro de Agentes de Intermediaci\u00f3n Inmobiliaria de la Comunitat Valenciana<\/h2>\t\t\t\t<\/div>\n\t\t\t\t<section class=\"elementor-section elementor-inner-section elementor-element elementor-element-f16d8b9 elementor-section-boxed elementor-section-height-default elementor-section-height-default\" data-id=\"f16d8b9\" data-element_type=\"section\" data-e-type=\"section\">\n\t\t\t\t\t\t<div class=\"elementor-container elementor-column-gap-default\">\n\t\t\t\t\t<div class=\"elementor-column elementor-col-50 elementor-inner-column elementor-element elementor-element-c4daf89\" data-id=\"c4daf89\" data-element_type=\"column\" data-e-type=\"column\">\n\t\t\t<div class=\"elementor-widget-wrap elementor-element-populated\">\n\t\t\t\t\t\t<div class=\"elementor-element elementor-element-4a044af elementor-widget elementor-widget-image\" data-id=\"4a044af\" data-element_type=\"widget\" data-e-type=\"widget\" data-widget_type=\"image.default\">\n\t\t\t\t\t\t\t\t\t\t\t\t\t\t\t<img fetchpriority=\"high\" decoding=\"async\" width=\"600\" height=\"600\" src=\"https:\/\/adam-behrens.com\/wp-content\/uploads\/2023\/08\/apial.jpg\" class=\"attachment-full size-full wp-image-40557\" alt=\"\" srcset=\"https:\/\/adam-behrens.com\/wp-content\/uploads\/2023\/08\/apial.jpg 600w, https:\/\/adam-behrens.com\/wp-content\/uploads\/2023\/08\/apial-300x300.jpg 300w, https:\/\/adam-behrens.com\/wp-content\/uploads\/2023\/08\/apial-150x150.jpg 150w, https:\/\/adam-behrens.com\/wp-content\/uploads\/2023\/08\/apial-12x12.jpg 12w, https:\/\/adam-behrens.com\/wp-content\/uploads\/2023\/08\/apial-496x496.jpg 496w\" sizes=\"(max-width: 600px) 100vw, 600px\" \/>\t\t\t\t\t\t\t\t\t\t\t\t\t\t\t<\/div>\n\t\t\t\t\t<\/div>\n\t\t<\/div>\n\t\t\t\t<div class=\"elementor-column elementor-col-50 elementor-inner-column elementor-element elementor-element-8ae5520\" data-id=\"8ae5520\" data-element_type=\"column\" data-e-type=\"column\">\n\t\t\t<div class=\"elementor-widget-wrap elementor-element-populated\">\n\t\t\t\t\t\t<div class=\"elementor-element elementor-element-170a3fa elementor-widget elementor-widget-image\" data-id=\"170a3fa\" data-element_type=\"widget\" data-e-type=\"widget\" data-widget_type=\"image.default\">\n\t\t\t\t\t\t\t\t\t\t\t\t\t\t\t<img decoding=\"async\" width=\"635\" height=\"640\" src=\"https:\/\/adam-behrens.com\/wp-content\/uploads\/2025\/11\/Screenshot-2025-11-06-160512.png\" class=\"attachment-large size-large wp-image-45781\" alt=\"\" srcset=\"https:\/\/adam-behrens.com\/wp-content\/uploads\/2025\/11\/Screenshot-2025-11-06-160512.png 635w, https:\/\/adam-behrens.com\/wp-content\/uploads\/2025\/11\/Screenshot-2025-11-06-160512-12x12.png 12w\" sizes=\"(max-width: 635px) 100vw, 635px\" \/>\t\t\t\t\t\t\t\t\t\t\t\t\t\t\t<\/div>\n\t\t\t\t\t<\/div>\n\t\t<\/div>\n\t\t\t\t\t<\/div>\n\t\t<\/section>\n\t\t\t\t\t<\/div>\n\t\t<\/div>\n\t\t\t\t\t<\/div>\n\t\t<\/section>\n\t\t\t\t<section class=\"elementor-section elementor-top-section elementor-element elementor-element-a26d36a elementor-section-boxed elementor-section-height-default elementor-section-height-default\" data-id=\"a26d36a\" data-element_type=\"section\" data-e-type=\"section\">\n\t\t\t\t\t\t<div class=\"elementor-container elementor-column-gap-default\">\n\t\t\t\t\t<div class=\"elementor-column elementor-col-100 elementor-top-column elementor-element elementor-element-3d32fc2\" data-id=\"3d32fc2\" data-element_type=\"column\" data-e-type=\"column\">\n\t\t\t<div class=\"elementor-widget-wrap elementor-element-populated\">\n\t\t\t\t\t\t<div class=\"elementor-element elementor-element-0c4b29e elementor-widget elementor-widget-text-editor\" data-id=\"0c4b29e\" data-element_type=\"widget\" data-e-type=\"widget\" data-widget_type=\"text-editor.default\">\n\t\t\t\t\t\t\t\t\t<p>Until 2022, no special qualifications or special guarantees to clients were required to act as an estate agent in the Comunitat Valenciana (including the regions of Alicante, Castell\u00f3n and Valencia).<\/p><p>In 2022, a registration decree was passed that requires all agents operating in the Comunitat Valenciana to be registered by August 2023 in order to continue to operate legally. The aim of this regulation is to protect clients (both sellers and buyers) and to ensure professional practice and safe real estate transactions.<\/p><p>Adam &amp; Behrens S.L. is a licensed real estate agent in the Valencian Community and is registered under number \u2018RAICV 5994\u2019 in the Register of Real Estate Agents, which is under the authority of the Regional Ministry of Housing of the Autonomous Community of Valencia.<\/p><p>Additionally, Adam &amp; Behrens S.L. is a member of \"APIAL\". The Association of Real Estate Agents and Brokers of the Province of Alicante, created in accordance with the provisions of Article 22 of the Constitution, Organic Law 1\/2002 of 22 March, which regulates the right of association, and other applicable provisions in this area. \"APIAL\" was created under the protection of the official College of Estate Agents of Alicante and offers its members the same benefits enjoyed by \"API\" members.<\/p><p>In order to be registered in the \"Registro de Agentes de Intermediaci\u00f3n Inmobiliaria de la Comunitat Valenciana\" or to become a member of the \"APIAL\", various conditions must be met which serve to protect clients. These include, among others:<\/p>\t\t\t\t\t\t\t\t<\/div>\n\t\t\t\t\t<\/div>\n\t\t<\/div>\n\t\t\t\t\t<\/div>\n\t\t<\/section>\n\t\t\t\t<section class=\"elementor-section elementor-top-section elementor-element elementor-element-fcd7a66 elementor-section-boxed elementor-section-height-default elementor-section-height-default\" data-id=\"fcd7a66\" data-element_type=\"section\" data-e-type=\"section\">\n\t\t\t\t\t\t<div class=\"elementor-container elementor-column-gap-default\">\n\t\t\t\t\t<div class=\"elementor-column elementor-col-100 elementor-top-column elementor-element elementor-element-5a9b7d5\" data-id=\"5a9b7d5\" data-element_type=\"column\" data-e-type=\"column\">\n\t\t\t<div class=\"elementor-widget-wrap elementor-element-populated\">\n\t\t\t\t\t\t<div class=\"elementor-element elementor-element-b8f361d elementor-position-inline-start elementor-view-default elementor-mobile-position-block-start elementor-widget elementor-widget-icon-box\" data-id=\"b8f361d\" data-element_type=\"widget\" data-e-type=\"widget\" data-widget_type=\"icon-box.default\">\n\t\t\t\t\t\t\t<div class=\"elementor-icon-box-wrapper\">\n\n\t\t\t\t\t\t<div class=\"elementor-icon-box-icon\">\n\t\t\t\t<span  class=\"elementor-icon\">\n\t\t\t\t<svg aria-hidden=\"true\" class=\"e-font-icon-svg e-fas-check\" viewbox=\"0 0 512 512\" xmlns=\"http:\/\/www.w3.org\/2000\/svg\"><path d=\"M173.898 439.404l-166.4-166.4c-9.997-9.997-9.997-26.206 0-36.204l36.203-36.204c9.997-9.998 26.207-9.998 36.204 0L192 312.69 432.095 72.596c9.997-9.997 26.207-9.997 36.204 0l36.203 36.204c9.997 9.997 9.997 26.206 0 36.204l-294.4 294.401c-9.998 9.997-26.207 9.997-36.204-.001z\"><\/path><\/svg>\t\t\t\t<\/span>\n\t\t\t<\/div>\n\t\t\t\n\t\t\t\t\t\t<div class=\"elementor-icon-box-content\">\n\n\t\t\t\t\t\t\t\t\t<h3 class=\"elementor-icon-box-title\">\n\t\t\t\t\t\t<span  >\n\t\t\t\t\t\t\tTraining\t\t\t\t\t\t<\/span>\n\t\t\t\t\t<\/h3>\n\t\t\t\t\n\t\t\t\t\t\t\t\t\t<p class=\"elementor-icon-box-description\">\n\t\t\t\t\t\tEvidence of passing an examination proving that the agent has the necessary experience and knowledge to act as an agent in the real estate industry and is up to date with current regulations. \t\t\t\t\t<\/p>\n\t\t\t\t\n\t\t\t<\/div>\n\t\t\t\n\t\t<\/div>\n\t\t\t\t\t\t<\/div>\n\t\t\t\t<div class=\"elementor-element elementor-element-8358210 elementor-position-inline-start elementor-view-default elementor-mobile-position-block-start elementor-widget elementor-widget-icon-box\" data-id=\"8358210\" data-element_type=\"widget\" data-e-type=\"widget\" data-widget_type=\"icon-box.default\">\n\t\t\t\t\t\t\t<div class=\"elementor-icon-box-wrapper\">\n\n\t\t\t\t\t\t<div class=\"elementor-icon-box-icon\">\n\t\t\t\t<span  class=\"elementor-icon\">\n\t\t\t\t<svg aria-hidden=\"true\" class=\"e-font-icon-svg e-fas-check\" viewbox=\"0 0 512 512\" xmlns=\"http:\/\/www.w3.org\/2000\/svg\"><path d=\"M173.898 439.404l-166.4-166.4c-9.997-9.997-9.997-26.206 0-36.204l36.203-36.204c9.997-9.998 26.207-9.998 36.204 0L192 312.69 432.095 72.596c9.997-9.997 26.207-9.997 36.204 0l36.203 36.204c9.997 9.997 9.997 26.206 0 36.204l-294.4 294.401c-9.998 9.997-26.207 9.997-36.204-.001z\"><\/path><\/svg>\t\t\t\t<\/span>\n\t\t\t<\/div>\n\t\t\t\n\t\t\t\t\t\t<div class=\"elementor-icon-box-content\">\n\n\t\t\t\t\t\t\t\t\t<h3 class=\"elementor-icon-box-title\">\n\t\t\t\t\t\t<span  >\n\t\t\t\t\t\t\tObligation to provide a public site\t\t\t\t\t\t<\/span>\n\t\t\t\t\t<\/h3>\n\t\t\t\t\n\t\t\t\t\t\t\t\t\t<p class=\"elementor-icon-box-description\">\n\t\t\t\t\t\tProof of a place of business open to the public with all necessary licences and permits.\t\t\t\t\t<\/p>\n\t\t\t\t\n\t\t\t<\/div>\n\t\t\t\n\t\t<\/div>\n\t\t\t\t\t\t<\/div>\n\t\t\t\t<div class=\"elementor-element elementor-element-cd143ee elementor-position-inline-start elementor-view-default elementor-mobile-position-block-start elementor-widget elementor-widget-icon-box\" data-id=\"cd143ee\" data-element_type=\"widget\" data-e-type=\"widget\" data-widget_type=\"icon-box.default\">\n\t\t\t\t\t\t\t<div class=\"elementor-icon-box-wrapper\">\n\n\t\t\t\t\t\t<div class=\"elementor-icon-box-icon\">\n\t\t\t\t<span  class=\"elementor-icon\">\n\t\t\t\t<svg aria-hidden=\"true\" class=\"e-font-icon-svg e-fas-check\" viewbox=\"0 0 512 512\" xmlns=\"http:\/\/www.w3.org\/2000\/svg\"><path d=\"M173.898 439.404l-166.4-166.4c-9.997-9.997-9.997-26.206 0-36.204l36.203-36.204c9.997-9.998 26.207-9.998 36.204 0L192 312.69 432.095 72.596c9.997-9.997 26.207-9.997 36.204 0l36.203 36.204c9.997 9.997 9.997 26.206 0 36.204l-294.4 294.401c-9.998 9.997-26.207 9.997-36.204-.001z\"><\/path><\/svg>\t\t\t\t<\/span>\n\t\t\t<\/div>\n\t\t\t\n\t\t\t\t\t\t<div class=\"elementor-icon-box-content\">\n\n\t\t\t\t\t\t\t\t\t<h3 class=\"elementor-icon-box-title\">\n\t\t\t\t\t\t<span  >\n\t\t\t\t\t\t\tSolvency requirements and deposit insurance\t\t\t\t\t\t<\/span>\n\t\t\t\t\t<\/h3>\n\t\t\t\t\n\t\t\t\t\t\t\t\t\t<p class=\"elementor-icon-box-description\">\n\t\t\t\t\t\tProof of a guarantee issued by a financial institution or a deposit insurance in the amount of at least 60,000 euros per business open to public and year of coverage.<br><br>\nProof of professional indemnity insurance or other financial guarantee covering professional negligence liability throughout the European Union.  The sum insured is 600,000 euros per claim and insurance year with a lower limit of 150,000 euros per victim.\t\t\t\t\t<\/p>\n\t\t\t\t\n\t\t\t<\/div>\n\t\t\t\n\t\t<\/div>\n\t\t\t\t\t\t<\/div>\n\t\t\t\t\t<\/div>\n\t\t<\/div>\n\t\t\t\t\t<\/div>\n\t\t<\/section>\n\t\t\t\t<section class=\"elementor-section elementor-top-section elementor-element elementor-element-0f2d264 elementor-section-boxed elementor-section-height-default elementor-section-height-default\" data-id=\"0f2d264\" data-element_type=\"section\" data-e-type=\"section\">\n\t\t\t\t\t\t<div class=\"elementor-container elementor-column-gap-default\">\n\t\t\t\t\t<div class=\"elementor-column elementor-col-100 elementor-top-column elementor-element elementor-element-186e418\" data-id=\"186e418\" data-element_type=\"column\" data-e-type=\"column\">\n\t\t\t<div class=\"elementor-widget-wrap elementor-element-populated\">\n\t\t\t\t\t\t<div class=\"elementor-element elementor-element-6706f94 elementor-widget elementor-widget-text-editor\" data-id=\"6706f94\" data-element_type=\"widget\" data-e-type=\"widget\" data-widget_type=\"text-editor.default\">\n\t\t\t\t\t\t\t\t\t<p>Adam &amp; Behrens S.L. meets all requirements and has been licensed accordingly under the number \u2018RAICV 5994\u2019.<\/p><p>Legal registration in the Comunitat Valenciana and membership of the API provide our buyers and sellers with maximum guarantees regarding our working methods and qualifications.<\/p>\t\t\t\t\t\t\t\t<\/div>\n\t\t\t\t\t<\/div>\n\t\t<\/div>\n\t\t\t\t\t<\/div>\n\t\t<\/section>\n\t\t\t\t<\/div>","protected":false},"excerpt":{"rendered":"<p>Zugelassener Makler der Comunidad Valencia Eingetragen im Registro de Agentes de Intermediaci\u00f3n Inmobiliaria de la Comunitat Valenciana Bis 2022 waren f\u00fcr die T\u00e4tigkeit als Immobilienmakler in der Comunitat Valenciana (einschlie\u00dflich der Regionen Alicante, Castell\u00f3n und Valencia) keine besondere Qualifikationen oder besondere Garantien gegen\u00fcber Kunden erforderlich. Im Jahr 2022 wurde eine Registerverordnung verabschiedet, nach der alle [&hellip;]<\/p>\n","protected":false},"author":1,"featured_media":46007,"parent":0,"menu_order":0,"comment_status":"closed","ping_status":"closed","template":"template\/template-homepage.php","meta":{"footnotes":""},"class_list":["post-40571","page","type-page","status-publish","has-post-thumbnail","hentry"],"_links":{"self":[{"href":"https:\/\/adam-behrens.com\/en\/wp-json\/wp\/v2\/pages\/40571","targetHints":{"allow":["GET"]}}],"collection":[{"href":"https:\/\/adam-behrens.com\/en\/wp-json\/wp\/v2\/pages"}],"about":[{"href":"https:\/\/adam-behrens.com\/en\/wp-json\/wp\/v2\/types\/page"}],"author":[{"embeddable":true,"href":"https:\/\/adam-behrens.com\/en\/wp-json\/wp\/v2\/users\/1"}],"replies":[{"embeddable":true,"href":"https:\/\/adam-behrens.com\/en\/wp-json\/wp\/v2\/comments?post=40571"}],"version-history":[{"count":9,"href":"https:\/\/adam-behrens.com\/en\/wp-json\/wp\/v2\/pages\/40571\/revisions"}],"predecessor-version":[{"id":45788,"href":"https:\/\/adam-behrens.com\/en\/wp-json\/wp\/v2\/pages\/40571\/revisions\/45788"}],"wp:featuredmedia":[{"embeddable":true,"href":"https:\/\/adam-behrens.com\/en\/wp-json\/wp\/v2\/media\/46007"}],"wp:attachment":[{"href":"https:\/\/adam-behrens.com\/en\/wp-json\/wp\/v2\/media?parent=40571"}],"curies":[{"name":"wp","href":"https:\/\/api.w.org\/{rel}","templated":true}]}}