{"id":18072,"date":"2021-03-16T18:47:02","date_gmt":"2021-03-16T18:47:02","guid":{"rendered":"https:\/\/adam-behrens.com\/?page_id=18072"},"modified":"2025-11-25T14:29:46","modified_gmt":"2025-11-25T14:29:46","slug":"sell-with-adam-behrens","status":"publish","type":"page","link":"https:\/\/adam-behrens.com\/en\/mit-adam-behrens-verkaufen\/","title":{"rendered":"15 good reasons to buy with Adam &amp; Behrens"},"content":{"rendered":"<div data-elementor-type=\"wp-page\" data-elementor-id=\"18072\" class=\"elementor elementor-18072\" data-elementor-post-type=\"page\">\n\t\t\t\t\t\t<section class=\"elementor-section elementor-top-section elementor-element elementor-element-0d6c9f3 elementor-section-full_width elementor-section-height-min-height elementor-section-height-default elementor-section-items-middle\" data-id=\"0d6c9f3\" data-element_type=\"section\" data-e-type=\"section\" data-settings=\"{&quot;background_background&quot;:&quot;classic&quot;}\">\n\t\t\t\t\t\t<div class=\"elementor-container elementor-column-gap-default\">\n\t\t\t\t\t<div class=\"elementor-column elementor-col-100 elementor-top-column elementor-element elementor-element-8b02d76\" data-id=\"8b02d76\" data-element_type=\"column\" data-e-type=\"column\">\n\t\t\t<div class=\"elementor-widget-wrap\">\n\t\t\t\t\t\t\t<\/div>\n\t\t<\/div>\n\t\t\t\t\t<\/div>\n\t\t<\/section>\n\t\t\t\t<section class=\"elementor-section elementor-top-section elementor-element elementor-element-f8cd262 elementor-section-boxed elementor-section-height-default elementor-section-height-default\" data-id=\"f8cd262\" data-element_type=\"section\" data-e-type=\"section\">\n\t\t\t\t\t\t<div class=\"elementor-container elementor-column-gap-default\">\n\t\t\t\t\t<div class=\"elementor-column elementor-col-100 elementor-top-column elementor-element elementor-element-4666e4e\" data-id=\"4666e4e\" data-element_type=\"column\" data-e-type=\"column\">\n\t\t\t<div class=\"elementor-widget-wrap elementor-element-populated\">\n\t\t\t\t\t\t<div class=\"elementor-element elementor-element-368bd69 elementor-widget elementor-widget-spacer\" data-id=\"368bd69\" data-element_type=\"widget\" data-e-type=\"widget\" data-widget_type=\"spacer.default\">\n\t\t\t\t\t\t\t<div class=\"elementor-spacer\">\n\t\t\t<div class=\"elementor-spacer-inner\"><\/div>\n\t\t<\/div>\n\t\t\t\t\t\t<\/div>\n\t\t\t\t<div class=\"elementor-element elementor-element-7a9ceeab animated-slow elementor-invisible elementor-widget elementor-widget-houzez_elementor_section_title\" data-id=\"7a9ceeab\" data-element_type=\"widget\" data-e-type=\"widget\" data-settings=\"{&quot;_animation&quot;:&quot;fadeIn&quot;}\" data-widget_type=\"houzez_elementor_section_title.default\">\n\t\t\t\t<div class=\"elementor-widget-container\">\n\t\t\t\t\t            <div class=\"houzez_section_title_wrap section-title-module\">\n                                    <h2 class=\"houzez_section_title\">15 good reasons to buy with Adam &amp; Behrens\n<\/h2>\n                \n                            <\/div>\n            \t\t\t\t<\/div>\n\t\t\t\t<\/div>\n\t\t\t\t<div class=\"elementor-element elementor-element-e3a4bbb animated-slow elementor-invisible elementor-widget elementor-widget-houzez_elementor_section_title\" data-id=\"e3a4bbb\" data-element_type=\"widget\" data-e-type=\"widget\" data-settings=\"{&quot;_animation&quot;:&quot;fadeIn&quot;}\" data-widget_type=\"houzez_elementor_section_title.default\">\n\t\t\t\t<div class=\"elementor-widget-container\">\n\t\t\t\t\t            <div class=\"houzez_section_title_wrap section-title-module\">\n                                    <h2 class=\"houzez_section_title\">Find your dream property<\/h2>\n                \n                            <\/div>\n            \t\t\t\t<\/div>\n\t\t\t\t<\/div>\n\t\t\t\t\t<\/div>\n\t\t<\/div>\n\t\t\t\t\t<\/div>\n\t\t<\/section>\n\t\t\t\t<section class=\"elementor-section elementor-top-section elementor-element elementor-element-4dbd54e elementor-section-boxed elementor-section-height-default elementor-section-height-default\" data-id=\"4dbd54e\" data-element_type=\"section\" data-e-type=\"section\">\n\t\t\t\t\t\t<div class=\"elementor-container elementor-column-gap-default\">\n\t\t\t\t\t<div class=\"elementor-column elementor-col-50 elementor-top-column elementor-element elementor-element-df3fd49\" data-id=\"df3fd49\" data-element_type=\"column\" data-e-type=\"column\">\n\t\t\t<div class=\"elementor-widget-wrap elementor-element-populated\">\n\t\t\t\t\t\t<div class=\"elementor-element elementor-element-f0fe64e elementor-widget elementor-widget-image\" data-id=\"f0fe64e\" data-element_type=\"widget\" data-e-type=\"widget\" data-widget_type=\"image.default\">\n\t\t\t\t\t\t\t\t\t\t\t\t\t\t\t<img fetchpriority=\"high\" decoding=\"async\" width=\"768\" height=\"505\" src=\"https:\/\/adam-behrens.com\/wp-content\/uploads\/2025\/10\/13.png\" class=\"attachment-medium_large size-medium_large wp-image-45235\" alt=\"\" srcset=\"https:\/\/adam-behrens.com\/wp-content\/uploads\/2025\/10\/13.png 1140w, https:\/\/adam-behrens.com\/wp-content\/uploads\/2025\/10\/13-18x12.png 18w\" sizes=\"(max-width: 768px) 100vw, 768px\" \/>\t\t\t\t\t\t\t\t\t\t\t\t\t\t\t<\/div>\n\t\t\t\t\t<\/div>\n\t\t<\/div>\n\t\t\t\t<div class=\"elementor-column elementor-col-50 elementor-top-column elementor-element elementor-element-f6cef4c\" data-id=\"f6cef4c\" data-element_type=\"column\" data-e-type=\"column\">\n\t\t\t<div class=\"elementor-widget-wrap elementor-element-populated\">\n\t\t\t\t\t\t<div class=\"elementor-element elementor-element-c44a712 elementor-widget elementor-widget-text-editor\" data-id=\"c44a712\" data-element_type=\"widget\" data-e-type=\"widget\" data-widget_type=\"text-editor.default\">\n\t\t\t\t\t\t\t\t\t<p>We have made it our mission to make people happy by working with you to find a piece of quality of life here with us in the greater Denia area.<\/p><p>Wir m\u00f6chten dass Ihre Wohntr\u00e4ume wahr werden und nachfolgend zeigen wir Ihnen 15 gute Gr\u00fcnde dies stressfrei und qualifiziert gemeinsam anzugehen:<\/p>\t\t\t\t\t\t\t\t<\/div>\n\t\t\t\t\t<\/div>\n\t\t<\/div>\n\t\t\t\t\t<\/div>\n\t\t<\/section>\n\t\t\t\t<section class=\"elementor-section elementor-top-section elementor-element elementor-element-fe82979 elementor-section-boxed elementor-section-height-default elementor-section-height-default\" data-id=\"fe82979\" data-element_type=\"section\" data-e-type=\"section\">\n\t\t\t\t\t\t<div class=\"elementor-container elementor-column-gap-default\">\n\t\t\t\t\t<div class=\"elementor-column elementor-col-100 elementor-top-column elementor-element elementor-element-acaf9d8\" data-id=\"acaf9d8\" data-element_type=\"column\" data-e-type=\"column\">\n\t\t\t<div class=\"elementor-widget-wrap elementor-element-populated\">\n\t\t\t\t\t\t<div class=\"elementor-element elementor-element-acb88e3 elementor-widget-divider--view-line elementor-widget elementor-widget-divider\" data-id=\"acb88e3\" data-element_type=\"widget\" data-e-type=\"widget\" data-widget_type=\"divider.default\">\n\t\t\t\t\t\t\t<div class=\"elementor-divider\">\n\t\t\t<span class=\"elementor-divider-separator\">\n\t\t\t\t\t\t<\/span>\n\t\t<\/div>\n\t\t\t\t\t\t<\/div>\n\t\t\t\t<div class=\"elementor-element elementor-element-9b65ebc elementor-widget elementor-widget-text-editor\" data-id=\"9b65ebc\" data-element_type=\"widget\" data-e-type=\"widget\" data-widget_type=\"text-editor.default\">\n\t\t\t\t\t\t\t\t\t<p><strong>1. Our selected real estate portfolio <\/strong>- You have a wide selection of the most selected properties in the greater area Denia to Altea. We are more of a real estate boutique than a supermarket as we only sell properties that have been tested and are in line with the market<\/p>\n<p><strong>2. Our local experience&nbsp;<\/strong>- We know the catchment area and its properties like no other. If your dream property exists, we will find it for you<\/p>\n<p><strong>3. Our extensive partner network <\/strong>- If we believe that an object meets your search criteria, we will show it to you even if it is not directly listed with us and if you have not yet had contact with colleagues<\/p>\n<p><strong>4. Our individual approach <\/strong>- You have absolutely personal support and you do not have to keep changing agents. This enables us to respond and dedicate ourselves to each of your wishes<\/p>\n<p><strong>5. Our language skills&nbsp;<\/strong>- We speak Spanish, German, English and French. This means that important details are not lost during translation and your wishes are 100% understood and implemented<\/p>\n<h4><strong>Don't waste your precious time<\/strong><\/h4>\n<p><strong>6. We understand your needs <\/strong>- Thanks to more than 35 years of experience, we have learned to meet the needs of our customers and to find the perfect property for everyone, quickly and effectively<\/p>\n<p><strong>7. Our professional team <\/strong>will always advise you honestly and competently<\/p>\n<p><strong>8. We know each of our properties personally <\/strong>and we are not afraid of telling you if something is not quite right for you<\/p>\n<p><strong>9. We are flexible <\/strong>and can therefore easily adapt to your agenda. We are not pressed for time and can look at your dream property in peace and then advise you on it<\/p>\n<h4><strong>Everything without stress<\/strong><\/h4>\n<p><strong>10. We will keep you informed of any changes in the real estate market.<\/strong> So don't worry, you won't miss any buying opportunities<\/p>\n<p><strong>11. Stand out from the crowd <\/strong>\u2013 Jeder unserer Kunden ist einzigartig. So soll er auch behandelt werden und wir lieben es!<\/p>\n<p><strong>12. We are your eyes <\/strong>- If you can't come to us personally, that's no problem at all. We'll take you on a private tour of your dream property as part of a video tour<\/p>\n<p><strong>13. We take care of everything <\/strong>- Did you find the perfect property? Then sit back and pop the champagne. We take care of the whole process<\/p>\n<p><strong>14. We are always by your side <\/strong>- We are also at your disposal after the purchase. For example, we are happy to help you with bureaucratic matters or establish contacts with other specialists and service providers that you may need in the future. Regardless of whether you are negotiating with your utility company or considering a complete renovation: We are at your side with competent advice<\/p>\t\t\t\t\t\t\t\t<\/div>\n\t\t\t\t<div class=\"elementor-element elementor-element-1002d71 elementor-widget elementor-widget-text-editor\" data-id=\"1002d71\" data-element_type=\"widget\" data-e-type=\"widget\" data-widget_type=\"text-editor.default\">\n\t\t\t\t\t\t\t\t\t<h4><strong>PLUS<\/strong><\/h4>\t\t\t\t\t\t\t\t<\/div>\n\t\t\t\t<div class=\"elementor-element elementor-element-d0b4084 elementor-widget elementor-widget-text-editor\" data-id=\"d0b4084\" data-element_type=\"widget\" data-e-type=\"widget\" data-widget_type=\"text-editor.default\">\n\t\t\t\t\t\t\t\t\t<p><strong>15. Personal buyer service <\/strong>\u2013 <strong>the really stress-free alternative!<\/strong><\/p>\t\t\t\t\t\t\t\t<\/div>\n\t\t\t\t<div class=\"elementor-element elementor-element-140bb54 elementor-widget elementor-widget-text-editor\" data-id=\"140bb54\" data-element_type=\"widget\" data-e-type=\"widget\" data-widget_type=\"text-editor.default\">\n\t\t\t\t\t\t\t\t\tLeave the exclusive search for your dream property to us and get the best offers available on the entire real estate market\n\n<strong>Convince yourself <\/strong>\u2013 <a href=\"https:\/\/www.google.com\/search?q=adam+behrens+denia&#038;sxsrf=AJOqlzWJyJ7Bk9EfEyP3HEysEAqPDpDSKg%3A1673342399534&#038;ei=vy29Y_aYIK-Gxc8Pv7uO8AM&#038;ved=0ahUKEwi29L6a1rz8AhUvQ_EDHb-dAz4Q4dUDCA8&#038;uact=5&#038;oq=adam+behrens+denia&#038;gs_lcp=Cgxnd3Mtd2l6LXNlcnAQAzILCC4QgAQQxwEQrwE6CggAEEcQ1gQQsAM6CgguEMcBENEDECc6BAgjECc6EQguEIAEELEDEIMBEMcBENEDOhEILhCDARDHARCxAxDRAxCABDoICC4QsQMQgwE6CwgAEIAEELEDEIMBOggIABCABBCxAzoECAAQQzoKCC4QxwEQrwEQQzoFCAAQgAQ6DgguEIAEELEDEMcBENEDOgQILhBDOgsILhCABBCxAxCDAToNCC4Q1AIQsQMQgAQQCjoKCAAQgAQQhwIQFDoFCC4QgAQ6CAguEIAEENQCOgQIABADOgoILhCxAxCDARBDOggILhCABBCxAzoKCAAQgAQQsQMQCjoHCAAQgAQQCjoICAAQgAQQywE6CwguEIAEENQCEMsBOgYIABAWEB5KBAhBGABKBAhGGABQwAhY-jRgojloA3ABeACAAXaIAZAMkgEEMTYuMpgBAKABAcgBCMABAQ&#038;sclient=gws-wiz-serp#\" target=\"_blank\" rel=\"noopener\">Read what our customers say about our work<\/a>\t\t\t\t\t\t\t\t<\/div>\n\t\t\t\t\t<\/div>\n\t\t<\/div>\n\t\t\t\t\t<\/div>\n\t\t<\/section>\n\t\t\t\t<\/div>","protected":false},"excerpt":{"rendered":"<p>15 gute Gr\u00fcnde die daf\u00fcr sprechen gemeinsam mit Adam &#038; Behrens zu kaufen Finden Sie Ihre Traumimmobilie Wir haben es uns zur Aufgabe gemacht Menschen gl\u00fccklich zu machen, indem wir zusammen mit Ihnen ein St\u00fcck Lebensqualit\u00e4t hier bei uns im Gro\u00dfraum Denia finden. Wir m\u00f6chten dass Ihre Wohntr\u00e4ume wahr werden und nachfolgend zeigen wir Ihnen [&hellip;]<\/p>\n","protected":false},"author":1,"featured_media":46007,"parent":0,"menu_order":0,"comment_status":"closed","ping_status":"closed","template":"template\/template-homepage.php","meta":{"footnotes":""},"class_list":["post-18072","page","type-page","status-publish","has-post-thumbnail","hentry"],"_links":{"self":[{"href":"https:\/\/adam-behrens.com\/en\/wp-json\/wp\/v2\/pages\/18072","targetHints":{"allow":["GET"]}}],"collection":[{"href":"https:\/\/adam-behrens.com\/en\/wp-json\/wp\/v2\/pages"}],"about":[{"href":"https:\/\/adam-behrens.com\/en\/wp-json\/wp\/v2\/types\/page"}],"author":[{"embeddable":true,"href":"https:\/\/adam-behrens.com\/en\/wp-json\/wp\/v2\/users\/1"}],"replies":[{"embeddable":true,"href":"https:\/\/adam-behrens.com\/en\/wp-json\/wp\/v2\/comments?post=18072"}],"version-history":[{"count":6,"href":"https:\/\/adam-behrens.com\/en\/wp-json\/wp\/v2\/pages\/18072\/revisions"}],"predecessor-version":[{"id":45238,"href":"https:\/\/adam-behrens.com\/en\/wp-json\/wp\/v2\/pages\/18072\/revisions\/45238"}],"wp:featuredmedia":[{"embeddable":true,"href":"https:\/\/adam-behrens.com\/en\/wp-json\/wp\/v2\/media\/46007"}],"wp:attachment":[{"href":"https:\/\/adam-behrens.com\/en\/wp-json\/wp\/v2\/media?parent=18072"}],"curies":[{"name":"wp","href":"https:\/\/api.w.org\/{rel}","templated":true}]}}