{"id":18063,"date":"2021-03-16T18:42:35","date_gmt":"2021-03-16T18:42:35","guid":{"rendered":"https:\/\/adam-behrens.com\/?page_id=18063"},"modified":"2025-11-25T14:34:13","modified_gmt":"2025-11-25T14:34:13","slug":"sell","status":"publish","type":"page","link":"https:\/\/adam-behrens.com\/en\/verkaufen\/","title":{"rendered":"Sell"},"content":{"rendered":"<div data-elementor-type=\"wp-page\" data-elementor-id=\"18063\" class=\"elementor elementor-18063\" data-elementor-post-type=\"page\">\n\t\t\t\t\t\t<section class=\"elementor-section elementor-top-section elementor-element elementor-element-0d6c9f3 elementor-section-full_width elementor-section-height-min-height elementor-section-height-default elementor-section-items-middle\" data-id=\"0d6c9f3\" data-element_type=\"section\" data-e-type=\"section\" data-settings=\"{&quot;background_background&quot;:&quot;classic&quot;}\">\n\t\t\t\t\t\t<div class=\"elementor-container elementor-column-gap-default\">\n\t\t\t\t\t<div class=\"elementor-column elementor-col-100 elementor-top-column elementor-element elementor-element-8b02d76\" data-id=\"8b02d76\" data-element_type=\"column\" data-e-type=\"column\">\n\t\t\t<div class=\"elementor-widget-wrap\">\n\t\t\t\t\t\t\t<\/div>\n\t\t<\/div>\n\t\t\t\t\t<\/div>\n\t\t<\/section>\n\t\t\t\t<section class=\"elementor-section elementor-top-section elementor-element elementor-element-f8cd262 elementor-section-boxed elementor-section-height-default elementor-section-height-default\" data-id=\"f8cd262\" data-element_type=\"section\" data-e-type=\"section\">\n\t\t\t\t\t\t<div class=\"elementor-container elementor-column-gap-default\">\n\t\t\t\t\t<div class=\"elementor-column elementor-col-100 elementor-top-column elementor-element elementor-element-4666e4e\" data-id=\"4666e4e\" data-element_type=\"column\" data-e-type=\"column\">\n\t\t\t<div class=\"elementor-widget-wrap elementor-element-populated\">\n\t\t\t\t\t\t<div class=\"elementor-element elementor-element-368bd69 elementor-widget elementor-widget-spacer\" data-id=\"368bd69\" data-element_type=\"widget\" data-e-type=\"widget\" data-widget_type=\"spacer.default\">\n\t\t\t\t\t\t\t<div class=\"elementor-spacer\">\n\t\t\t<div class=\"elementor-spacer-inner\"><\/div>\n\t\t<\/div>\n\t\t\t\t\t\t<\/div>\n\t\t\t\t<div class=\"elementor-element elementor-element-7a9ceeab animated-slow elementor-invisible elementor-widget elementor-widget-houzez_elementor_section_title\" data-id=\"7a9ceeab\" data-element_type=\"widget\" data-e-type=\"widget\" data-settings=\"{&quot;_animation&quot;:&quot;fadeIn&quot;}\" data-widget_type=\"houzez_elementor_section_title.default\">\n\t\t\t\t<div class=\"elementor-widget-container\">\n\t\t\t\t\t            <div class=\"houzez_section_title_wrap section-title-module\">\n                                    <h2 class=\"houzez_section_title\">Sell with Adam &amp; Behrens<\/h2>\n                \n                            <\/div>\n            \t\t\t\t<\/div>\n\t\t\t\t<\/div>\n\t\t\t\t\t<\/div>\n\t\t<\/div>\n\t\t\t\t\t<\/div>\n\t\t<\/section>\n\t\t\t\t<section class=\"elementor-section elementor-top-section elementor-element elementor-element-fe82979 elementor-section-boxed elementor-section-height-default elementor-section-height-default\" data-id=\"fe82979\" data-element_type=\"section\" data-e-type=\"section\">\n\t\t\t\t\t\t<div class=\"elementor-container elementor-column-gap-default\">\n\t\t\t\t\t<div class=\"elementor-column elementor-col-100 elementor-top-column elementor-element elementor-element-acaf9d8\" data-id=\"acaf9d8\" data-element_type=\"column\" data-e-type=\"column\">\n\t\t\t<div class=\"elementor-widget-wrap elementor-element-populated\">\n\t\t\t\t\t\t<div class=\"elementor-element elementor-element-c44a712 elementor-widget elementor-widget-text-editor\" data-id=\"c44a712\" data-element_type=\"widget\" data-e-type=\"widget\" data-widget_type=\"text-editor.default\">\n\t\t\t\t\t\t\t\t\t<p>As a seller, we assure you that your property will receive the tailor-made and personalized attention with the marketing strategy that it deserves: Our listing and marketing team will ensure that your property is shown in its best light - and that it finds the right customer .<\/p><p>If you sell your property with Adam &amp; Behrens S.L., this means that you will sell your property at a fair market price, and without any stress. Here are<\/p>\t\t\t\t\t\t\t\t<\/div>\n\t\t\t\t<div class=\"elementor-element elementor-element-be94eba elementor-widget elementor-widget-heading\" data-id=\"be94eba\" data-element_type=\"widget\" data-e-type=\"widget\" data-widget_type=\"heading.default\">\n\t\t\t\t\t<h2 class=\"elementor-heading-title elementor-size-default\">15 good reasons to sell with Adam &amp; Behrens<\/h2>\t\t\t\t<\/div>\n\t\t\t\t<div class=\"elementor-element elementor-element-9b65ebc elementor-widget elementor-widget-text-editor\" data-id=\"9b65ebc\" data-element_type=\"widget\" data-e-type=\"widget\" data-widget_type=\"text-editor.default\">\n\t\t\t\t\t\t\t\t\t<p><strong>Sell as quickly as possible without dumping prices<\/strong><\/p>\n<ol>\n<li>The Adam &amp; Behrens family consists of real estate professionals with many years of experience and in-depth knowledge of the Marina Alta on the Costa Blanca and its real estate market. In this way, we offer sellers a very good opportunity to optimally assess the current development.<\/li>\n<\/ol>\n<ol start=\"2\">\n<li>Since we are fluent in German, Spanish, English and French, we can offer a perfectly personalized service for customers of many different nationalities.<\/li>\n<\/ol>\n<ol start=\"3\">\n<li>We invest in extensive marketing on our website, in social media and real estate portals as well as in the print media, so that it will be almost impossible to overlook your property without it being \u201cadvertised to death\u201d.<\/li>\n<\/ol>\n<ol start=\"4\">\n<li>We let your property appear in its absolute best light thanks to optimally prepared photos, individually tailored presentations and marketing strategies.<\/li>\n<\/ol>\n<ol start=\"5\">\n<li>We work with an extensive, international partner network that gives your property more visibility and increases the chances of a serious sale.<\/li>\n<\/ol>\n<ol start=\"6\">\n<li>Our company history, professionalism and above all the good experiences of our customers arouse the trust of the buyers.<\/li>\n<\/ol>\n<p><strong>Verkaufen Sie zum bestm\u00f6glichen Preis<\/strong><\/p>\n<ol start=\"7\">\n<li>Thanks to professional market evaluations, which are based on the continuous collection of market data and experience data from us, befriended colleagues and notaries, your property is guaranteed to achieve the best, current market price.<\/li>\n<\/ol>\n<ol start=\"8\">\n<li>We do not allow your property to lose value due to excessive marketing or slow response time. We control marketing, monitor the number of interested parties and advise you on price adjustments and market placement.<\/li>\n<\/ol>\n<ol start=\"9\">\n<li>We advise you together with the asociated network and support you in all legal \/ bureaucratic matters that you have to take care of.<\/li>\n<\/ol>\n<p><strong>Enjoy a hassle-free sale<\/strong><\/p>\n<ol start=\"10\">\n<li>Don't worry - after almost 35 years of work experience, there is really nothing we haven't seen or can't do for you.<\/li>\n<\/ol>\n<ol start=\"11\">\n<li>A tailor-made approach - do you have special requests or do you prefer a certain way of working? No problem - we adapt to your wishes and preferences.<\/li>\n<\/ol>\n<ol start=\"12\">\n<li>Avoid the risk of working with inexperienced one-man agencies.<\/li>\n<\/ol>\n<ol start=\"13\">\n<li>We accompany you during the entire sales process with honest, transparent advice in your interest. We handle all the work that is required and associated with the sale and offer you an \"all-round carefree package\".<\/li>\n<\/ol>\n<ol start=\"14\">\n<li>Empathy - A property sale is an emotional experience and each and every one of us understands what is going on inside you. Therefore, we will accompany you through the entire sales process with empathy, understanding and our experience.<br><br><\/li>\n<li>Reserve a free valuation of your property<span style=\"font-weight: bold;\">&nbsp; &nbsp; &nbsp; &nbsp; &nbsp;&nbsp;<\/span><\/li>\n<\/ol>\t\t\t\t\t\t\t\t<\/div>\n\t\t\t\t<div class=\"elementor-element elementor-element-e6c715d elementor-widget elementor-widget-text-editor\" data-id=\"e6c715d\" data-element_type=\"widget\" data-e-type=\"widget\" data-widget_type=\"text-editor.default\">\n\t\t\t\t\t\t\t\t\t<strong>\u00a0Contact us today and find out what your property is worth<\/strong>\t\t\t\t\t\t\t\t<\/div>\n\t\t\t\t\t<\/div>\n\t\t<\/div>\n\t\t\t\t\t<\/div>\n\t\t<\/section>\n\t\t\t\t<\/div>","protected":false},"excerpt":{"rendered":"<p>Verkaufen mit Adam &#038; Behrens Wir geben Ihnen als Verk\u00e4ufer die Sicherheit, dass ihre Immobilie die ma\u00dfgeschneiderte und personalisierte Aufmerksamkeit mit der Marketingstrategie erh\u00e4lt, die sie verdient. Unser Listing- und Marketing-Team wird sicherstellen, dass Ihre Immobilie in ihrem besten Licht gezeigt wird &#8211; und den richtigen Kunden findet. Wenn Sie Ihre Immobilie mit der Adam [&hellip;]<\/p>\n","protected":false},"author":1,"featured_media":46007,"parent":0,"menu_order":0,"comment_status":"closed","ping_status":"closed","template":"template\/template-homepage.php","meta":{"footnotes":""},"class_list":["post-18063","page","type-page","status-publish","has-post-thumbnail","hentry"],"_links":{"self":[{"href":"https:\/\/adam-behrens.com\/en\/wp-json\/wp\/v2\/pages\/18063","targetHints":{"allow":["GET"]}}],"collection":[{"href":"https:\/\/adam-behrens.com\/en\/wp-json\/wp\/v2\/pages"}],"about":[{"href":"https:\/\/adam-behrens.com\/en\/wp-json\/wp\/v2\/types\/page"}],"author":[{"embeddable":true,"href":"https:\/\/adam-behrens.com\/en\/wp-json\/wp\/v2\/users\/1"}],"replies":[{"embeddable":true,"href":"https:\/\/adam-behrens.com\/en\/wp-json\/wp\/v2\/comments?post=18063"}],"version-history":[{"count":6,"href":"https:\/\/adam-behrens.com\/en\/wp-json\/wp\/v2\/pages\/18063\/revisions"}],"predecessor-version":[{"id":45173,"href":"https:\/\/adam-behrens.com\/en\/wp-json\/wp\/v2\/pages\/18063\/revisions\/45173"}],"wp:featuredmedia":[{"embeddable":true,"href":"https:\/\/adam-behrens.com\/en\/wp-json\/wp\/v2\/media\/46007"}],"wp:attachment":[{"href":"https:\/\/adam-behrens.com\/en\/wp-json\/wp\/v2\/media?parent=18063"}],"curies":[{"name":"wp","href":"https:\/\/api.w.org\/{rel}","templated":true}]}}