{"id":17124,"date":"2020-03-02T19:51:22","date_gmt":"2020-03-02T19:51:22","guid":{"rendered":"https:\/\/demo01.houzez.co\/?page_id=17124"},"modified":"2025-11-25T14:30:52","modified_gmt":"2025-11-25T14:30:52","slug":"faq","status":"publish","type":"page","link":"https:\/\/adam-behrens.com\/en\/faq\/","title":{"rendered":"FAQ"},"content":{"rendered":"<div data-elementor-type=\"wp-page\" data-elementor-id=\"17124\" class=\"elementor elementor-17124\" data-elementor-post-type=\"page\">\n\t\t\t\t\t\t<section class=\"elementor-section elementor-top-section elementor-element elementor-element-3c63892e elementor-section-full_width elementor-section-height-min-height elementor-section-height-default elementor-section-items-middle\" data-id=\"3c63892e\" data-element_type=\"section\" data-e-type=\"section\" data-settings=\"{&quot;background_background&quot;:&quot;classic&quot;}\">\n\t\t\t\t\t\t<div class=\"elementor-container elementor-column-gap-default\">\n\t\t\t\t\t<div class=\"elementor-column elementor-col-100 elementor-top-column elementor-element elementor-element-6567914b\" data-id=\"6567914b\" data-element_type=\"column\" data-e-type=\"column\">\n\t\t\t<div class=\"elementor-widget-wrap\">\n\t\t\t\t\t\t\t<\/div>\n\t\t<\/div>\n\t\t\t\t\t<\/div>\n\t\t<\/section>\n\t\t\t\t<section class=\"elementor-section elementor-top-section elementor-element elementor-element-e08789a elementor-section-boxed elementor-section-height-default elementor-section-height-default\" data-id=\"e08789a\" data-element_type=\"section\" data-e-type=\"section\">\n\t\t\t\t\t\t<div class=\"elementor-container elementor-column-gap-default\">\n\t\t\t\t\t<div class=\"elementor-column elementor-col-100 elementor-top-column elementor-element elementor-element-f284ebc\" data-id=\"f284ebc\" data-element_type=\"column\" data-e-type=\"column\">\n\t\t\t<div class=\"elementor-widget-wrap elementor-element-populated\">\n\t\t\t\t\t\t<div class=\"elementor-element elementor-element-f5e6791 elementor-widget elementor-widget-spacer\" data-id=\"f5e6791\" data-element_type=\"widget\" data-e-type=\"widget\" data-widget_type=\"spacer.default\">\n\t\t\t\t\t\t\t<div class=\"elementor-spacer\">\n\t\t\t<div class=\"elementor-spacer-inner\"><\/div>\n\t\t<\/div>\n\t\t\t\t\t\t<\/div>\n\t\t\t\t<div class=\"elementor-element elementor-element-8d870f9 elementor-widget elementor-widget-heading\" data-id=\"8d870f9\" data-element_type=\"widget\" data-e-type=\"widget\" data-widget_type=\"heading.default\">\n\t\t\t\t\t<h3 class=\"elementor-heading-title elementor-size-default\">FAQ<\/h3>\t\t\t\t<\/div>\n\t\t\t\t<div class=\"elementor-element elementor-element-0031542 elementor-widget elementor-widget-spacer\" data-id=\"0031542\" data-element_type=\"widget\" data-e-type=\"widget\" data-widget_type=\"spacer.default\">\n\t\t\t\t\t\t\t<div class=\"elementor-spacer\">\n\t\t\t<div class=\"elementor-spacer-inner\"><\/div>\n\t\t<\/div>\n\t\t\t\t\t\t<\/div>\n\t\t\t\t<div class=\"elementor-element elementor-element-48b53ab elementor-widget elementor-widget-accordion\" data-id=\"48b53ab\" data-element_type=\"widget\" data-e-type=\"widget\" data-widget_type=\"accordion.default\">\n\t\t\t\t\t\t\t<div class=\"elementor-accordion\">\n\t\t\t\t\t\t\t<div class=\"elementor-accordion-item\">\n\t\t\t\t\t<div id=\"elementor-tab-title-7621\" class=\"elementor-tab-title\" data-tab=\"1\" role=\"button\" aria-controls=\"elementor-tab-content-7621\" aria-expanded=\"false\">\n\t\t\t\t\t\t\t\t\t\t\t\t\t<span class=\"elementor-accordion-icon elementor-accordion-icon-left\" aria-hidden=\"true\">\n\t\t\t\t\t\t\t\t\t\t\t\t\t\t\t<span class=\"elementor-accordion-icon-closed\"><svg class=\"e-font-icon-svg e-fas-chevron-down\" viewbox=\"0 0 448 512\" xmlns=\"http:\/\/www.w3.org\/2000\/svg\"><path d=\"M207.029 381.476L12.686 187.132c-9.373-9.373-9.373-24.569 0-33.941l22.667-22.667c9.357-9.357 24.522-9.375 33.901-.04L224 284.505l154.745-154.021c9.379-9.335 24.544-9.317 33.901.04l22.667 22.667c9.373 9.373 9.373 24.569 0 33.941L240.971 381.476c-9.373 9.372-24.569 9.372-33.942 0z\"><\/path><\/svg><\/span>\n\t\t\t\t\t\t\t\t<span class=\"elementor-accordion-icon-opened\"><svg class=\"e-font-icon-svg e-fas-minus\" viewbox=\"0 0 448 512\" xmlns=\"http:\/\/www.w3.org\/2000\/svg\"><path d=\"M416 208H32c-17.67 0-32 14.33-32 32v32c0 17.67 14.33 32 32 32h384c17.67 0 32-14.33 32-32v-32c0-17.67-14.33-32-32-32z\"><\/path><\/svg><\/span>\n\t\t\t\t\t\t\t\t\t\t\t\t\t\t<\/span>\n\t\t\t\t\t\t\t\t\t\t\t\t<a class=\"elementor-accordion-title\" tabindex=\"0\">What taxes do I have to pay when selling a property in Spain?<\/a>\n\t\t\t\t\t<\/div>\n\t\t\t\t\t<div id=\"elementor-tab-content-7621\" class=\"elementor-tab-content elementor-clearfix\" data-tab=\"1\" role=\"region\" aria-labelledby=\"elementor-tab-title-7621\"><p><strong><em>Capital gains tax<\/em><\/strong><\/p>\n<p>Capital gains tax taxes the profit made when selling a property. The profit is the difference between the notarized purchase price (plus ancillary costs of the acquisition such as real estate transfer tax, notary and land registry costs) and the sales price specified in the notarial deed of sale.<\/p>\n<p>Any building measures that increase the value or substance (e.g. building a pool, barbecue, heating system) can be taken into account if the corresponding invoices are presented.<\/p>\n<p>The percentage of capital gains tax is different for residents and non-residents:<\/p>\n<p><strong><em>Residents<\/em><\/strong><\/p>\n<p>In 2019, the capital gains tax for residents up to a profit of EUR 6,000 is: 19%, 21% from EUR 6,000 - 50,000 and 23% from a profit over EUR 50,000.<\/p>\n<p>There are two options for residents to be exempt from capital gains tax:<\/p>\n<ul>\n<li>Residenten \u00fcber 65 Jahre die ihren Hauptwohnsitz verkaufen in dem sie selbst mindestens die letzten 3 Jahre gewohnt haben, brauchen keine Kapitalgewinnsteuer bezahlen.<\/li>\n<\/ul>\n<ul>\n<li>Residents who invest the entire sale price in the purchase of a new property can also be exempt from capital gains tax, provided they have had their primary residence in the property for at least 3 years. If only part of the money is invested in a new property, this will be proportionally taken into account when calculating the tax burden.<\/li>\n<\/ul>\n<p><strong><em>Non-residents<\/em><\/strong><\/p>\n<p>Non-residents from EU member states, Iceland and Norway have been burdened with 19% of the capital gain since 2016. Non-residents from other countries (including Switzerland) with 24%.<\/p>\n<p>If the seller is not a Spanish resident, the buyer must withhold 3% of the total sales price and pay it to the tax office. This is offset against the capital gains tax as a down payment. The seller is obliged to prepare a tax return on the actual capital gain and, taking into account the 3% retention, this results in an additional tax payment or refund. It is advisable to seek advice from a tax advisor in this regard, as the Spanish tax authorities focus on checking the information on property sales by non-residents and also enforce any additional claims by way of administrative assistance in other countries (including Germany).<\/p>\n<p><strong><em>Capital gain<\/em><\/strong><\/p>\n<p>This tax (land appreciation tax) affects the increase in the value of the property (valor suelo) from purchase to sale. The calculation of the Plusval\u00eda varies from municipality to municipality. The amount of the charge can be requested from the respective municipality (Ayuntamiento) or SUMA before the sale. The basis of the calculation of the Plusval\u00eda are the cadastral values of the land (Referencia Catastral suelo) between the purchase and sale of the property. The \u201cReferencia Catastral\u201d of your property can be found on the IBI notification (property tax) or on the account statement of the last automatic IBI debit.<\/p><\/div>\n\t\t\t\t<\/div>\n\t\t\t\t\t\t\t<div class=\"elementor-accordion-item\">\n\t\t\t\t\t<div id=\"elementor-tab-title-7622\" class=\"elementor-tab-title\" data-tab=\"2\" role=\"button\" aria-controls=\"elementor-tab-content-7622\" aria-expanded=\"false\">\n\t\t\t\t\t\t\t\t\t\t\t\t\t<span class=\"elementor-accordion-icon elementor-accordion-icon-left\" aria-hidden=\"true\">\n\t\t\t\t\t\t\t\t\t\t\t\t\t\t\t<span class=\"elementor-accordion-icon-closed\"><svg class=\"e-font-icon-svg e-fas-chevron-down\" viewbox=\"0 0 448 512\" xmlns=\"http:\/\/www.w3.org\/2000\/svg\"><path d=\"M207.029 381.476L12.686 187.132c-9.373-9.373-9.373-24.569 0-33.941l22.667-22.667c9.357-9.357 24.522-9.375 33.901-.04L224 284.505l154.745-154.021c9.379-9.335 24.544-9.317 33.901.04l22.667 22.667c9.373 9.373 9.373 24.569 0 33.941L240.971 381.476c-9.373 9.372-24.569 9.372-33.942 0z\"><\/path><\/svg><\/span>\n\t\t\t\t\t\t\t\t<span class=\"elementor-accordion-icon-opened\"><svg class=\"e-font-icon-svg e-fas-minus\" viewbox=\"0 0 448 512\" xmlns=\"http:\/\/www.w3.org\/2000\/svg\"><path d=\"M416 208H32c-17.67 0-32 14.33-32 32v32c0 17.67 14.33 32 32 32h384c17.67 0 32-14.33 32-32v-32c0-17.67-14.33-32-32-32z\"><\/path><\/svg><\/span>\n\t\t\t\t\t\t\t\t\t\t\t\t\t\t<\/span>\n\t\t\t\t\t\t\t\t\t\t\t\t<a class=\"elementor-accordion-title\" tabindex=\"0\">What taxes do I have to pay when buying a property in Spain?<\/a>\n\t\t\t\t\t<\/div>\n\t\t\t\t\t<div id=\"elementor-tab-content-7622\" class=\"elementor-tab-content elementor-clearfix\" data-tab=\"2\" role=\"region\" aria-labelledby=\"elementor-tab-title-7622\"><p>The additional costs when buying a property in the province of Valencia are around 12% of the purchase value. They consist of the following taxes and costs:<\/p><p><strong><em>Sales tax (IVA)<\/em><\/strong><\/p><p>When buying a new property directly from the builder or building company, sales tax is due in Spain. The value added tax (IVA) on a property is 10% of the notarized value in the notary deed (escritura publica).<\/p><p><strong><em>Real estate transfer tax (ITP - Impuesto sobre Transmisiones Patrimoniales)<\/em><\/strong><\/p><p>If you buy a property from a private person, there is no sales tax, but the real estate transfer tax (Impuesto Transmisiones patrimoniales, ITP abbreviated). The amount of this tax is regulated differently in the individual provinces and is, for example, 10% in the province of Valencia and the Balearic Islands.<\/p><p>The assessment basis is the notarized purchase price or - if this is higher - the so-called \"Valor Real\", which results from the cadastral value and a community-specific factor. At this point, it is advisable to seek advice on the actual amount of the real estate transfer tax before buying in order to avoid unpleasant surprises.<\/p><p><strong><em>Document tax or Impuestos de Actos Jur\u00eddicos Documentados (AJD)<\/em><\/strong><\/p><p>Document tax is due when purchasing a new property or setting up a mortgage to finance the property. The document tax is between 1.2 and 2% of the property value or the mortgage amount.<\/p><p><strong><em>Notary fees<\/em><\/strong><\/p><p>In Spain the contract of sale must be certified by a notary for registration in the Public Property Registry. Notary fees depend on the value of the property. Approximately 0.5 - 1% of the purchase price can serve as a guide.<\/p><p><strong><em>Land registry fees<\/em><\/strong><\/p><p>After the notary contract, the property must be re-registered in the land registry. This incurs fees of approx. 0.5% of the purchase price.<\/p><p><strong><em>Legal and tax consultancy fees<\/em><\/strong><\/p><p>We generally recommend that our customers seek advice from a tax advisor and \/ or lawyer. They will represent your interests and check all documents before the purchase, so that you can be sure that there will be no hidden surprises after buying the property. As a rule, the consultation amounts to approx. 0.5% - 1.5% of the purchase price. We are happy to help you find a reputable and competent advice center.<\/p><\/div>\n\t\t\t\t<\/div>\n\t\t\t\t\t\t\t<div class=\"elementor-accordion-item\">\n\t\t\t\t\t<div id=\"elementor-tab-title-7623\" class=\"elementor-tab-title\" data-tab=\"3\" role=\"button\" aria-controls=\"elementor-tab-content-7623\" aria-expanded=\"false\">\n\t\t\t\t\t\t\t\t\t\t\t\t\t<span class=\"elementor-accordion-icon elementor-accordion-icon-left\" aria-hidden=\"true\">\n\t\t\t\t\t\t\t\t\t\t\t\t\t\t\t<span class=\"elementor-accordion-icon-closed\"><svg class=\"e-font-icon-svg e-fas-chevron-down\" viewbox=\"0 0 448 512\" xmlns=\"http:\/\/www.w3.org\/2000\/svg\"><path d=\"M207.029 381.476L12.686 187.132c-9.373-9.373-9.373-24.569 0-33.941l22.667-22.667c9.357-9.357 24.522-9.375 33.901-.04L224 284.505l154.745-154.021c9.379-9.335 24.544-9.317 33.901.04l22.667 22.667c9.373 9.373 9.373 24.569 0 33.941L240.971 381.476c-9.373 9.372-24.569 9.372-33.942 0z\"><\/path><\/svg><\/span>\n\t\t\t\t\t\t\t\t<span class=\"elementor-accordion-icon-opened\"><svg class=\"e-font-icon-svg e-fas-minus\" viewbox=\"0 0 448 512\" xmlns=\"http:\/\/www.w3.org\/2000\/svg\"><path d=\"M416 208H32c-17.67 0-32 14.33-32 32v32c0 17.67 14.33 32 32 32h384c17.67 0 32-14.33 32-32v-32c0-17.67-14.33-32-32-32z\"><\/path><\/svg><\/span>\n\t\t\t\t\t\t\t\t\t\t\t\t\t\t<\/span>\n\t\t\t\t\t\t\t\t\t\t\t\t<a class=\"elementor-accordion-title\" tabindex=\"0\">What steps are necessary to buy a property on the Costa Blanca?<\/a>\n\t\t\t\t\t<\/div>\n\t\t\t\t\t<div id=\"elementor-tab-content-7623\" class=\"elementor-tab-content elementor-clearfix\" data-tab=\"3\" role=\"region\" aria-labelledby=\"elementor-tab-title-7623\"><p>If you have found your dream property together with us and have agreed on the price with the seller, follow these steps<\/p>\n<p><strong><em>Private preliminary contract \/ reservation contract<\/em><\/strong><\/p>\n<p>In diesem privaten Vorvertrag werden alle Einzelheiten des Immobilienerwerbes festgelegt und der K\u00e4ufer hat in der Regel die Verpflichtung, &nbsp;eine Anzahlung von ca. 10% des Kaufpreises zu leisten. Im Gegenzug nimmt der Verk\u00e4ufer die Immobilie vom Markt.<\/p>\n<p>Beachten Sie bitte, dass nach spanischem Recht diesem Vertrag gro\u00dfe Bedeutung zukommt. Anders als bspw. in Deutschland kann der Eigentumserwerb auch ohne notarielle Beurkundung und anschlie\u00dfende Grundbucheintragung erfolgen. W\u00e4hrend in Deutschland das Eigentum erst bei Grundbucheintragung (sogenannte konstitutive Wirkung) \u00fcbergeht, kann dieses nach spanischem Recht bereits bei Abschluss eines privatschriftlichen Vertrages erfolgen. Die Grundbucheintragung hat nur eine sogenannte deklaratorische Wirkung. Daher legen wir f\u00fcr unsere Kunden einen sehr gro\u00dfen Wert auf die Erstellung eines f\u00fcr den Verk\u00e4ufer und den K\u00e4ufer rechtssicheren (Vor-)vertrages.<\/p>\n<p><strong><em>Application for the tax number<\/em><\/strong><\/p>\n<p>Every property buyer needs a Spanish tax number - the NIE. This number is required to declare and pay the applicable taxes to the Spanish tax office. The NIE is applied for at the local police station with the Foreigners Department. We are happy to help our customers to apply for this tax number.<\/p>\n<p><strong><em>Opening a bank account<\/em><\/strong><\/p>\n<p>When purchasing a property, the purchase price is usually processed via a Spanish bank account. Therefore, a bank account in Spain should be opened soon. We are also happy to help.<\/p>\n<p><strong><em>Public contract<\/em><\/strong><\/p>\n<p>The so-called public contract (Escritura Publica de Compraventa) is certified by a notary and is used to register the acquisition in the property registry. When signing the notarial contract, the remaining amount of the purchase price is usually paid by certified check by the bank, and in return, the buyer receives the keys and therefore all the property legally.<\/p>\n<p><strong><em>Payment of all applicable taxes<\/em><\/strong><\/p>\n<p>Following the notarized purchase contract, the new owner is obliged to pay all necessary taxes. The deadline for this is usually one month after the conclusion of the notarial contract.<\/p>\n<p><strong><em>Entry in the land register<\/em><\/strong><\/p>\n<p>With the new Escritura, the buyer is now entered in the land register as the owner of the property.<\/p><\/div>\n\t\t\t\t<\/div>\n\t\t\t\t\t\t\t<div class=\"elementor-accordion-item\">\n\t\t\t\t\t<div id=\"elementor-tab-title-7624\" class=\"elementor-tab-title\" data-tab=\"4\" role=\"button\" aria-controls=\"elementor-tab-content-7624\" aria-expanded=\"false\">\n\t\t\t\t\t\t\t\t\t\t\t\t\t<span class=\"elementor-accordion-icon elementor-accordion-icon-left\" aria-hidden=\"true\">\n\t\t\t\t\t\t\t\t\t\t\t\t\t\t\t<span class=\"elementor-accordion-icon-closed\"><svg class=\"e-font-icon-svg e-fas-chevron-down\" viewbox=\"0 0 448 512\" xmlns=\"http:\/\/www.w3.org\/2000\/svg\"><path d=\"M207.029 381.476L12.686 187.132c-9.373-9.373-9.373-24.569 0-33.941l22.667-22.667c9.357-9.357 24.522-9.375 33.901-.04L224 284.505l154.745-154.021c9.379-9.335 24.544-9.317 33.901.04l22.667 22.667c9.373 9.373 9.373 24.569 0 33.941L240.971 381.476c-9.373 9.372-24.569 9.372-33.942 0z\"><\/path><\/svg><\/span>\n\t\t\t\t\t\t\t\t<span class=\"elementor-accordion-icon-opened\"><svg class=\"e-font-icon-svg e-fas-minus\" viewbox=\"0 0 448 512\" xmlns=\"http:\/\/www.w3.org\/2000\/svg\"><path d=\"M416 208H32c-17.67 0-32 14.33-32 32v32c0 17.67 14.33 32 32 32h384c17.67 0 32-14.33 32-32v-32c0-17.67-14.33-32-32-32z\"><\/path><\/svg><\/span>\n\t\t\t\t\t\t\t\t\t\t\t\t\t\t<\/span>\n\t\t\t\t\t\t\t\t\t\t\t\t<a class=\"elementor-accordion-title\" tabindex=\"0\">What are the annual costs associated with owning a property in Spain?<\/a>\n\t\t\t\t\t<\/div>\n\t\t\t\t\t<div id=\"elementor-tab-content-7624\" class=\"elementor-tab-content elementor-clearfix\" data-tab=\"4\" role=\"region\" aria-labelledby=\"elementor-tab-title-7624\"><p>With the acquisition of a property the buyer has to pay the following annual additional costs:<\/p><p><strong><em>Property tax<\/em><\/strong><\/p><p>The property tax (IBI- Impuesto de bienes inmuebles) is an annual municipal tax. It is levied on the cadastral value of the property and each municipality has the right to set its own rate. In most municipalities and cities, property tax is due for payment at the end of September \/ beginning of October.<\/p><p><strong><em>Community \/ Urbanization<\/em><\/strong><\/p><p>If the property belongs to a community of owners, the resulting community costs are passed on to the members. The amount of this contribution depends on the size of the community and the community items to be maintained.<\/p><p><strong><em>Waste Disposal (Basura)<\/em><\/strong><\/p><p>Each owner has to pay his share of the municipal waste disposal. As a rule, the debit takes place in the months of March or April of each year.<\/p><p><strong><em>Electricity \/ water \/ gas \/ telephone<\/em><\/strong><\/p><p>These costs depend on the individual consumption of the owner. We will be happy to assist you with the necessary registrations and contracts with the utility companies.<\/p><p><strong><em>Income tax<\/em><\/strong><\/p><p>Property owners in Spain may be required to file income tax returns for their property.<\/p><p>This generally applies to non-residents in Spain! The non-resident also has to pay taxes on a fictitious rental value for properties that are not rented. The tax return on this must be filed before December 31 of the following year and the calculated tax must be paid at this time. We will be happy to recommend a competent tax consulting company for the preparation of the tax return.<\/p><\/div>\n\t\t\t\t<\/div>\n\t\t\t\t\t\t\t\t<\/div>\n\t\t\t\t\t\t<\/div>\n\t\t\t\t\t<\/div>\n\t\t<\/div>\n\t\t\t\t\t<\/div>\n\t\t<\/section>\n\t\t\t\t<section class=\"elementor-section elementor-top-section elementor-element elementor-element-d21391c elementor-section-boxed elementor-section-height-default elementor-section-height-default\" data-id=\"d21391c\" data-element_type=\"section\" data-e-type=\"section\">\n\t\t\t\t\t\t<div class=\"elementor-container elementor-column-gap-default\">\n\t\t\t\t\t<div class=\"elementor-column elementor-col-100 elementor-top-column elementor-element elementor-element-88101d0\" data-id=\"88101d0\" data-element_type=\"column\" data-e-type=\"column\">\n\t\t\t<div class=\"elementor-widget-wrap elementor-element-populated\">\n\t\t\t\t\t\t<div class=\"elementor-element elementor-element-c2a3133 elementor-widget elementor-widget-text-editor\" data-id=\"c2a3133\" data-element_type=\"widget\" data-e-type=\"widget\" data-widget_type=\"text-editor.default\">\n\t\t\t\t\t\t\t\t\t<p><strong><em>Since this information is only a summary that corresponds to the legal status as of January 2015, we urge you to seek professional assistance; We do not accept any responsibility for the content of this information. We would be happy to recommend an experienced tax advisor, speaking German, English and Spanish, who will work with you to determine your individual matters and resolve them in accordance with Spanish tax law.<\/em><\/strong><\/p>\t\t\t\t\t\t\t\t<\/div>\n\t\t\t\t\t<\/div>\n\t\t<\/div>\n\t\t\t\t\t<\/div>\n\t\t<\/section>\n\t\t\t\t<\/div>","protected":false},"excerpt":{"rendered":"<p>FAQ Welche Steuern muss ich beim Verkauf einer Immobilie in Spanien bezahlen? Kapitalgewinnsteuer Die Kapitalgewinnsteuer besteuert den erzielten Gewinn beim Verkauf einer Immobilie. Der Gewinn ist die Differenz zwischen dem beurkundeten Kaufpreis (zuz\u00fcglich Nebenkosten des Erwerbs wie bspw. Grunderwerbsteuer, Notar- und Grundbuchkosten) und dem in der notariellen Verkaufsurkunde festgelegten Verkaufspreis. Die Kapitalgewinnsteuer f\u00e4llt unabh\u00e4ngig von [&hellip;]<\/p>\n","protected":false},"author":1,"featured_media":46007,"parent":0,"menu_order":0,"comment_status":"closed","ping_status":"closed","template":"template\/template-homepage.php","meta":{"footnotes":""},"class_list":["post-17124","page","type-page","status-publish","has-post-thumbnail","hentry"],"_links":{"self":[{"href":"https:\/\/adam-behrens.com\/en\/wp-json\/wp\/v2\/pages\/17124","targetHints":{"allow":["GET"]}}],"collection":[{"href":"https:\/\/adam-behrens.com\/en\/wp-json\/wp\/v2\/pages"}],"about":[{"href":"https:\/\/adam-behrens.com\/en\/wp-json\/wp\/v2\/types\/page"}],"author":[{"embeddable":true,"href":"https:\/\/adam-behrens.com\/en\/wp-json\/wp\/v2\/users\/1"}],"replies":[{"embeddable":true,"href":"https:\/\/adam-behrens.com\/en\/wp-json\/wp\/v2\/comments?post=17124"}],"version-history":[{"count":3,"href":"https:\/\/adam-behrens.com\/en\/wp-json\/wp\/v2\/pages\/17124\/revisions"}],"predecessor-version":[{"id":45445,"href":"https:\/\/adam-behrens.com\/en\/wp-json\/wp\/v2\/pages\/17124\/revisions\/45445"}],"wp:featuredmedia":[{"embeddable":true,"href":"https:\/\/adam-behrens.com\/en\/wp-json\/wp\/v2\/media\/46007"}],"wp:attachment":[{"href":"https:\/\/adam-behrens.com\/en\/wp-json\/wp\/v2\/media?parent=17124"}],"curies":[{"name":"wp","href":"https:\/\/api.w.org\/{rel}","templated":true}]}}