{"id":16650,"date":"2020-02-24T22:15:15","date_gmt":"2020-02-24T22:15:15","guid":{"rendered":"https:\/\/demo01.houzez.co\/?page_id=16650"},"modified":"2025-11-25T14:20:54","modified_gmt":"2025-11-25T14:20:54","slug":"about-us","status":"publish","type":"page","link":"https:\/\/adam-behrens.com\/en\/ueber-uns\/","title":{"rendered":"About us"},"content":{"rendered":"<div data-elementor-type=\"wp-page\" data-elementor-id=\"16650\" class=\"elementor elementor-16650\" data-elementor-post-type=\"page\">\n\t\t\t\t\t\t<section class=\"elementor-section elementor-top-section elementor-element elementor-element-3eab5910 elementor-section-full_width elementor-section-height-min-height elementor-section-height-default elementor-section-items-middle\" data-id=\"3eab5910\" data-element_type=\"section\" data-e-type=\"section\" data-settings=\"{&quot;background_background&quot;:&quot;classic&quot;}\">\n\t\t\t\t\t\t<div class=\"elementor-container elementor-column-gap-default\">\n\t\t\t\t\t<div class=\"elementor-column elementor-col-100 elementor-top-column elementor-element elementor-element-579e3c\" data-id=\"579e3c\" data-element_type=\"column\" data-e-type=\"column\">\n\t\t\t<div class=\"elementor-widget-wrap\">\n\t\t\t\t\t\t\t<\/div>\n\t\t<\/div>\n\t\t\t\t\t<\/div>\n\t\t<\/section>\n\t\t\t\t<section class=\"elementor-section elementor-top-section elementor-element elementor-element-09038dc elementor-section-boxed elementor-section-height-default elementor-section-height-default\" data-id=\"09038dc\" data-element_type=\"section\" data-e-type=\"section\" data-settings=\"{&quot;background_background&quot;:&quot;classic&quot;}\">\n\t\t\t\t\t\t<div class=\"elementor-container elementor-column-gap-default\">\n\t\t\t\t\t<div class=\"elementor-column elementor-col-100 elementor-top-column elementor-element elementor-element-c8278ac\" data-id=\"c8278ac\" data-element_type=\"column\" data-e-type=\"column\">\n\t\t\t<div class=\"elementor-widget-wrap elementor-element-populated\">\n\t\t\t\t\t\t<div class=\"elementor-element elementor-element-4e990cb elementor-widget elementor-widget-heading\" data-id=\"4e990cb\" data-element_type=\"widget\" data-e-type=\"widget\" data-widget_type=\"heading.default\">\n\t\t\t\t\t<h2 class=\"elementor-heading-title elementor-size-default\">About us<\/h2>\t\t\t\t<\/div>\n\t\t\t\t<div class=\"elementor-element elementor-element-9bb752d elementor-widget-divider--view-line elementor-widget elementor-widget-divider\" data-id=\"9bb752d\" data-element_type=\"widget\" data-e-type=\"widget\" data-widget_type=\"divider.default\">\n\t\t\t\t\t\t\t<div class=\"elementor-divider\">\n\t\t\t<span class=\"elementor-divider-separator\">\n\t\t\t\t\t\t<\/span>\n\t\t<\/div>\n\t\t\t\t\t\t<\/div>\n\t\t\t\t<div class=\"elementor-element elementor-element-ad3246a elementor-widget elementor-widget-spacer\" data-id=\"ad3246a\" data-element_type=\"widget\" data-e-type=\"widget\" data-widget_type=\"spacer.default\">\n\t\t\t\t\t\t\t<div class=\"elementor-spacer\">\n\t\t\t<div class=\"elementor-spacer-inner\"><\/div>\n\t\t<\/div>\n\t\t\t\t\t\t<\/div>\n\t\t\t\t<div class=\"elementor-element elementor-element-e7372b6 animated-slow elementor-invisible elementor-widget elementor-widget-houzez_elementor_section_title\" data-id=\"e7372b6\" data-element_type=\"widget\" data-e-type=\"widget\" data-settings=\"{&quot;_animation&quot;:&quot;fadeIn&quot;}\" data-widget_type=\"houzez_elementor_section_title.default\">\n\t\t\t\t<div class=\"elementor-widget-container\">\n\t\t\t\t\t            <div class=\"houzez_section_title_wrap section-title-module\">\n                                    <h2 class=\"houzez_section_title\">Adam &amp; Behrens\n<\/h2>\n                \n                            <\/div>\n            \t\t\t\t<\/div>\n\t\t\t\t<\/div>\n\t\t\t\t<div class=\"elementor-element elementor-element-69fe9b8 elementor-widget elementor-widget-text-editor\" data-id=\"69fe9b8\" data-element_type=\"widget\" data-e-type=\"widget\" data-widget_type=\"text-editor.default\">\n\t\t\t\t\t\t\t\t\t<p>We have been active in real estate brokerage in Spain and Germany for more than 30 years and are among the most experienced service providers in this segment. Our portfolio is extensive, selected and we are in continuous expansion. However, we don't list every property, so you don't have to deal with hundreds of offers to find your dream property. However, we don't sell every property, so you don't have to struggle through hundreds of offers to find your dream property.<\/p><p>Adam &amp; Behrens is a reliable and competent partner who accompanies you both in buying and selling. Advice that is specially tailored to your needs is our top priority.<\/p><p>Our individual and uninterrupted attention to your property are the values of our brand.<\/p><p>Generally, our customers do not have their center of life in Spain (yet). We help you to find the right property with our on-site presence, our knowledge of local conditions and the Spanish language. The satisfaction of our customers is our top priority. This applies to both our buyers and sellers.<\/p><h2>Individual advice<\/h2><p>We like to take time for our customers and listen carefully to them. This gives us a precise idea of the wishes and requirements that you place on a perfect property. With us you are not just one of the many. In order to be able to guarantee this, we keep our portfolio extra manageable. In this way we can ensure that we can devote ourselves to every property and every customer.<\/p><h2>Individual offer<\/h2><p>We know that customers who come from abroad in particular only want to take a closer look at the really relevant properties and do not want to waste their time viewing random properties. Based on this knowledge, you will receive real estate offers that are precisely tailored to you.<\/p><h2>Price \/ quality<\/h2><p>We personally check all properties on offer for price and quality - not countless properties with unrealistic asking prices are offered here. The entire sales process can be handled by us in cooperation with experienced tax and legal advisors, so that you can be sure that everything meets the legal requirements.<\/p><h2>Extensive documentation<\/h2><p>Wir gestalten eine realistische und gut dokumentierte Pr\u00e4sentation der Objekte \u2013 dies macht die Vorentscheidung f\u00fcr unsere Kunden auch aus der Entfernung leichter.<\/p><h2>Virtual viewing<\/h2><p>With the help of a digital property viewing, we can respond perfectly to individual wishes and interests and discuss important details during the detailed inspection with the camera.<\/p>\t\t\t\t\t\t\t\t<\/div>\n\t\t\t\t<div class=\"elementor-element elementor-element-7f45f65 animated-slow elementor-invisible elementor-widget elementor-widget-houzez_elementor_section_title\" data-id=\"7f45f65\" data-element_type=\"widget\" data-e-type=\"widget\" data-settings=\"{&quot;_animation&quot;:&quot;fadeIn&quot;}\" data-widget_type=\"houzez_elementor_section_title.default\">\n\t\t\t\t<div class=\"elementor-widget-container\">\n\t\t\t\t\t            <div class=\"houzez_section_title_wrap section-title-module\">\n                                    <h2 class=\"houzez_section_title\">Service from A to Z\n\n<\/h2>\n                \n                            <\/div>\n            \t\t\t\t<\/div>\n\t\t\t\t<\/div>\n\t\t\t\t<div class=\"elementor-element elementor-element-91e34d3 elementor-widget elementor-widget-text-editor\" data-id=\"91e34d3\" data-element_type=\"widget\" data-e-type=\"widget\" data-widget_type=\"text-editor.default\">\n\t\t\t\t\t\t\t\t\t<p>In addition to the classic real estate activity, we offer you all services related to your property and your life on the Costa Blanca.<\/p><p>Here you will find answers to specific questions about buying and selling real estate, information about the current real estate market and interesting facts about your life on the Costa Blanca.<\/p><p><em><strong>Our service for you<\/strong><\/em><\/p><p>Whether you are looking for a reliable pool care-taker, need a gardener, would like to have your house well looked after even in your absence, an electrician is needed\u2026. - Our team of selected specialists is at your disposal.<\/p>\t\t\t\t\t\t\t\t<\/div>\n\t\t\t\t<div class=\"elementor-element elementor-element-960e3c4 elementor-widget elementor-widget-text-editor\" data-id=\"960e3c4\" data-element_type=\"widget\" data-e-type=\"widget\" data-widget_type=\"text-editor.default\">\n\t\t\t\t\t\t\t\t\t<p><a href=\"https:\/\/adam-behrens.com\/en\/contact\/\">Call us or send us an email - we will take care of your request.<\/a><\/p>\t\t\t\t\t\t\t\t<\/div>\n\t\t\t\t<div class=\"elementor-element elementor-element-a040eaf elementor-widget elementor-widget-spacer\" data-id=\"a040eaf\" data-element_type=\"widget\" data-e-type=\"widget\" data-widget_type=\"spacer.default\">\n\t\t\t\t\t\t\t<div class=\"elementor-spacer\">\n\t\t\t<div class=\"elementor-spacer-inner\"><\/div>\n\t\t<\/div>\n\t\t\t\t\t\t<\/div>\n\t\t\t\t<div class=\"elementor-element elementor-element-89a95a6 elementor-widget elementor-widget-spacer\" data-id=\"89a95a6\" data-element_type=\"widget\" data-e-type=\"widget\" data-widget_type=\"spacer.default\">\n\t\t\t\t\t\t\t<div class=\"elementor-spacer\">\n\t\t\t<div class=\"elementor-spacer-inner\"><\/div>\n\t\t<\/div>\n\t\t\t\t\t\t<\/div>\n\t\t\t\t\t<\/div>\n\t\t<\/div>\n\t\t\t\t\t<\/div>\n\t\t<\/section>\n\t\t\t\t<section class=\"elementor-section elementor-top-section elementor-element elementor-element-f29f090 elementor-section-boxed elementor-section-height-default elementor-section-height-default\" data-id=\"f29f090\" data-element_type=\"section\" data-e-type=\"section\" id=\"team\">\n\t\t\t\t\t\t<div class=\"elementor-container elementor-column-gap-default\">\n\t\t\t\t\t<div class=\"elementor-column elementor-col-100 elementor-top-column elementor-element elementor-element-1348619\" data-id=\"1348619\" data-element_type=\"column\" data-e-type=\"column\">\n\t\t\t<div class=\"elementor-widget-wrap elementor-element-populated\">\n\t\t\t\t\t\t<div class=\"elementor-element elementor-element-d8431e2 animated-slow elementor-invisible elementor-widget elementor-widget-houzez_elementor_section_title\" data-id=\"d8431e2\" data-element_type=\"widget\" data-e-type=\"widget\" data-settings=\"{&quot;_animation&quot;:&quot;fadeIn&quot;}\" data-widget_type=\"houzez_elementor_section_title.default\">\n\t\t\t\t<div class=\"elementor-widget-container\">\n\t\t\t\t\t            <div class=\"houzez_section_title_wrap section-title-module\">\n                                    <h2 class=\"houzez_section_title\">Our team<\/h2>\n                \n                            <\/div>\n            \t\t\t\t<\/div>\n\t\t\t\t<\/div>\n\t\t\t\t<div class=\"elementor-element elementor-element-d264b03 elementor-widget elementor-widget-houzez_elementor_agents\" data-id=\"d264b03\" data-element_type=\"widget\" data-e-type=\"widget\" data-widget_type=\"houzez_elementor_agents.default\">\n\t\t\t\t<div class=\"elementor-widget-container\">\n\t\t\t\t\t\n        <!--start agents module-->\n                    <div class=\"agent-module agents-grid\">\n                <div class=\"grid-view row row-cols-1 row-cols-md-2 row-cols-lg-3 row-cols-xl-3\">\n\n                <div class=\"agent-grid-wrap agent-item d-flex flex-column align-items-center text-center\">\n\t<div class=\"agent-grid-image-wrap mb-3\">\n\t\t<a class=\"agent-grid-image d-block\" href=\"https:\/\/adam-behrens.com\/en\/agent\/fabrice-adler\/\">\n\t\t\t<img decoding=\"async\" width=\"150\" height=\"150\" src=\"https:\/\/adam-behrens.com\/wp-content\/uploads\/2025\/09\/P5040135-e1757146708506-150x150.jpg\" class=\"img-fluid rounded-circle wp-post-image\" alt=\"\" srcset=\"https:\/\/adam-behrens.com\/wp-content\/uploads\/2025\/09\/P5040135-e1757146708506-150x150.jpg 150w, https:\/\/adam-behrens.com\/wp-content\/uploads\/2025\/09\/P5040135-e1757146708506-11x12.jpg 11w, https:\/\/adam-behrens.com\/wp-content\/uploads\/2025\/09\/P5040135-e1757146708506-780x780.jpg 780w, https:\/\/adam-behrens.com\/wp-content\/uploads\/2025\/09\/P5040135-e1757146708506-300x300.jpg 300w, https:\/\/adam-behrens.com\/wp-content\/uploads\/2025\/09\/P5040135-e1757146708506-400x400.jpg 400w, https:\/\/adam-behrens.com\/wp-content\/uploads\/2025\/09\/P5040135-e1757146708506-600x600.jpg 600w\" sizes=\"(max-width: 150px) 100vw, 150px\" \/>\t\t\t\n\t\t<\/a>\n\t<\/div>\n\n\t<div class=\"agent-info\">\n\t\t<div class=\"agent-name\">\n\t\t\t<a href=\"https:\/\/adam-behrens.com\/en\/agent\/fabrice-adler\/\" class=\"text-decoration-none\">Fabrice Adler - Adam Behrens<\/a>\n\t\t<\/div>\n\n\t\t<div class=\"agent-company\">\n\t\t\t                Owner &amp; Managing Director                            \t\t<\/div>\n\t<\/div>\n\t<div class=\"agent-body py-3\">\n\t\t<p>Fabrice has taken over the business of Adam &amp; Behrens SL in 2025...<\/p>\n\t<\/div>\n\t<div class=\"agent-link\">\n\t\t<a href=\"https:\/\/adam-behrens.com\/en\/agent\/fabrice-adler\/\">View Profile<\/a>\n\t<\/div>\n<\/div><div class=\"agent-grid-wrap agent-item d-flex flex-column align-items-center text-center\">\n\t<div class=\"agent-grid-image-wrap mb-3\">\n\t\t<a class=\"agent-grid-image d-block\" href=\"https:\/\/adam-behrens.com\/en\/agent\/guenter-adam\/\">\n\t\t\t<img decoding=\"async\" width=\"150\" height=\"150\" src=\"https:\/\/adam-behrens.com\/wp-content\/uploads\/2021\/03\/Guenter-1-150x150.jpg\" class=\"img-fluid rounded-circle wp-post-image\" alt=\"\" srcset=\"https:\/\/adam-behrens.com\/wp-content\/uploads\/2021\/03\/Guenter-1-150x150.jpg 150w, https:\/\/adam-behrens.com\/wp-content\/uploads\/2021\/03\/Guenter-1-300x300.jpg 300w, https:\/\/adam-behrens.com\/wp-content\/uploads\/2021\/03\/Guenter-1-12x12.jpg 12w, https:\/\/adam-behrens.com\/wp-content\/uploads\/2021\/03\/Guenter-1.jpg 400w\" sizes=\"(max-width: 150px) 100vw, 150px\" \/>\t\t\t\n\t\t<\/a>\n\t<\/div>\n\n\t<div class=\"agent-info\">\n\t\t<div class=\"agent-name\">\n\t\t\t<a href=\"https:\/\/adam-behrens.com\/en\/agent\/guenter-adam\/\" class=\"text-decoration-none\">G\u00fcnter Adam<\/a>\n\t\t<\/div>\n\n\t\t<div class=\"agent-company\">\n\t\t\t                Founder                            \t\t<\/div>\n\t<\/div>\n\t<div class=\"agent-body py-3\">\n\t\t<p>&nbsp; In 1981 Mr. Adam said goodbye to the public service in order to devote himself to...<\/p>\n\t<\/div>\n\t<div class=\"agent-link\">\n\t\t<a href=\"https:\/\/adam-behrens.com\/en\/agent\/guenter-adam\/\">View Profile<\/a>\n\t<\/div>\n<\/div><div class=\"agent-grid-wrap agent-item d-flex flex-column align-items-center text-center\">\n\t<div class=\"agent-grid-image-wrap mb-3\">\n\t\t<a class=\"agent-grid-image d-block\" href=\"https:\/\/adam-behrens.com\/en\/agent\/susanne-behrens\/\">\n\t\t\t<img decoding=\"async\" width=\"150\" height=\"150\" src=\"https:\/\/adam-behrens.com\/wp-content\/uploads\/2016\/02\/Susanne-150x150.jpg\" class=\"img-fluid rounded-circle wp-post-image\" alt=\"\" srcset=\"https:\/\/adam-behrens.com\/wp-content\/uploads\/2016\/02\/Susanne-150x150.jpg 150w, https:\/\/adam-behrens.com\/wp-content\/uploads\/2016\/02\/Susanne-300x300.jpg 300w, https:\/\/adam-behrens.com\/wp-content\/uploads\/2016\/02\/Susanne-12x12.jpg 12w, https:\/\/adam-behrens.com\/wp-content\/uploads\/2016\/02\/Susanne.jpg 400w\" sizes=\"(max-width: 150px) 100vw, 150px\" \/>\t\t\t\n\t\t<\/a>\n\t<\/div>\n\n\t<div class=\"agent-info\">\n\t\t<div class=\"agent-name\">\n\t\t\t<a href=\"https:\/\/adam-behrens.com\/en\/agent\/susanne-behrens\/\" class=\"text-decoration-none\">Susanne Behrens<\/a>\n\t\t<\/div>\n\n\t\t<div class=\"agent-company\">\n\t\t\t                Founder                            \t\t<\/div>\n\t<\/div>\n\t<div class=\"agent-body py-3\">\n\t\t<p>Susanne Behrens is co-founder of Adam &amp; Behrens S.L.. She has been professionally active...<\/p>\n\t<\/div>\n\t<div class=\"agent-link\">\n\t\t<a href=\"https:\/\/adam-behrens.com\/en\/agent\/susanne-behrens\/\">View Profile<\/a>\n\t<\/div>\n<\/div><div class=\"agent-grid-wrap agent-item d-flex flex-column align-items-center text-center\">\n\t<div class=\"agent-grid-image-wrap mb-3\">\n\t\t<a class=\"agent-grid-image d-block\" href=\"https:\/\/adam-behrens.com\/en\/agent\/renate-wienerroither\/\">\n\t\t\t<img loading=\"lazy\" decoding=\"async\" width=\"150\" height=\"150\" src=\"https:\/\/adam-behrens.com\/wp-content\/uploads\/2021\/03\/Passfoto-150x150.jpg\" class=\"img-fluid rounded-circle wp-post-image\" alt=\"\" srcset=\"https:\/\/adam-behrens.com\/wp-content\/uploads\/2021\/03\/Passfoto-150x150.jpg 150w, https:\/\/adam-behrens.com\/wp-content\/uploads\/2021\/03\/Passfoto-12x12.jpg 12w\" sizes=\"(max-width: 150px) 100vw, 150px\" \/>\t\t\t\n\t\t<\/a>\n\t<\/div>\n\n\t<div class=\"agent-info\">\n\t\t<div class=\"agent-name\">\n\t\t\t<a href=\"https:\/\/adam-behrens.com\/en\/agent\/renate-wienerroither\/\" class=\"text-decoration-none\">Renate Wienerroither<\/a>\n\t\t<\/div>\n\n\t\t<div class=\"agent-company\">\n\t\t\t                Sales &amp; Backoffice                            \t\t<\/div>\n\t<\/div>\n\t<div class=\"agent-body py-3\">\n\t\t<p>Renate is Austrian and has been with Adam &amp; Behrens S.L. since 2015. She is our gem in the office...<\/p>\n\t<\/div>\n\t<div class=\"agent-link\">\n\t\t<a href=\"https:\/\/adam-behrens.com\/en\/agent\/renate-wienerroither\/\">View Profile<\/a>\n\t<\/div>\n<\/div><div class=\"agent-grid-wrap agent-item d-flex flex-column align-items-center text-center\">\n\t<div class=\"agent-grid-image-wrap mb-3\">\n\t\t<a class=\"agent-grid-image d-block\" href=\"https:\/\/adam-behrens.com\/en\/agent\/nicola-middendorf\/\">\n\t\t\t<img loading=\"lazy\" decoding=\"async\" width=\"150\" height=\"150\" src=\"https:\/\/adam-behrens.com\/wp-content\/uploads\/2021\/03\/Nicola-1-150x150.jpg\" class=\"img-fluid rounded-circle wp-post-image\" alt=\"\" srcset=\"https:\/\/adam-behrens.com\/wp-content\/uploads\/2021\/03\/Nicola-1-150x150.jpg 150w, https:\/\/adam-behrens.com\/wp-content\/uploads\/2021\/03\/Nicola-1-300x300.jpg 300w, https:\/\/adam-behrens.com\/wp-content\/uploads\/2021\/03\/Nicola-1-12x12.jpg 12w, https:\/\/adam-behrens.com\/wp-content\/uploads\/2021\/03\/Nicola-1.jpg 400w\" sizes=\"(max-width: 150px) 100vw, 150px\" \/>\t\t\t\n\t\t<\/a>\n\t<\/div>\n\n\t<div class=\"agent-info\">\n\t\t<div class=\"agent-name\">\n\t\t\t<a href=\"https:\/\/adam-behrens.com\/en\/agent\/nicola-middendorf\/\" class=\"text-decoration-none\">Nicola Middendorf<\/a>\n\t\t<\/div>\n\n\t\t<div class=\"agent-company\">\n\t\t\t                Holiday Renting                            \t\t<\/div>\n\t<\/div>\n\t<div class=\"agent-body py-3\">\n\t\t<p>Nicola is responsible for customer advice in the area of holiday rentals...<\/p>\n\t<\/div>\n\t<div class=\"agent-link\">\n\t\t<a href=\"https:\/\/adam-behrens.com\/en\/agent\/nicola-middendorf\/\">View Profile<\/a>\n\t<\/div>\n<\/div><div class=\"agent-grid-wrap agent-item d-flex flex-column align-items-center text-center\">\n\t<div class=\"agent-grid-image-wrap mb-3\">\n\t\t<a class=\"agent-grid-image d-block\" href=\"https:\/\/adam-behrens.com\/en\/agent\/michael-jaspers\/\">\n\t\t\t<img loading=\"lazy\" decoding=\"async\" width=\"150\" height=\"150\" src=\"https:\/\/adam-behrens.com\/wp-content\/uploads\/2021\/03\/Bild-Michael-150x150.jpg\" class=\"img-fluid rounded-circle wp-post-image\" alt=\"\" srcset=\"https:\/\/adam-behrens.com\/wp-content\/uploads\/2021\/03\/Bild-Michael-150x150.jpg 150w, https:\/\/adam-behrens.com\/wp-content\/uploads\/2021\/03\/Bild-Michael-780x780.jpg 780w\" sizes=\"(max-width: 150px) 100vw, 150px\" \/>\t\t\t\n\t\t<\/a>\n\t<\/div>\n\n\t<div class=\"agent-info\">\n\t\t<div class=\"agent-name\">\n\t\t\t<a href=\"https:\/\/adam-behrens.com\/en\/agent\/michael-jaspers\/\" class=\"text-decoration-none\">Michael Jaspers<\/a>\n\t\t<\/div>\n\n\t\t<div class=\"agent-company\">\n\t\t\t                Sales                            \t\t<\/div>\n\t<\/div>\n\t<div class=\"agent-body py-3\">\n\t\t<p>Mr. Jaspers is a passionate real estate salesman with experience...<\/p>\n\t<\/div>\n\t<div class=\"agent-link\">\n\t\t<a href=\"https:\/\/adam-behrens.com\/en\/agent\/michael-jaspers\/\">View Profile<\/a>\n\t<\/div>\n<\/div>                <\/div>\n            <\/div><!-- agent-module -->\n\n                <!--end post agents module-->\n\n\n        \t\t\t\t<\/div>\n\t\t\t\t<\/div>\n\t\t\t\t\t<\/div>\n\t\t<\/div>\n\t\t\t\t\t<\/div>\n\t\t<\/section>\n\t\t\t\t<\/div>","protected":false},"excerpt":{"rendered":"<p>\u00dcber Uns Adam &#038; Behrens Wir sind seit \u00fcber 30 Jahren in der Vermittlung von Immobilien sowohl in Spanien als auch in Deutschland t\u00e4tig und geh\u00f6ren zu den erfahrenen Anbietern in diesem Segment. Unser Portfolio ist umfangreich, ausgesucht und wir befinden uns in einem kontinuierlichen Ausbau. Wir nehmen jedoch nicht jedes Objekt in den Vertrieb, [&hellip;]<\/p>\n","protected":false},"author":1,"featured_media":46007,"parent":0,"menu_order":0,"comment_status":"closed","ping_status":"closed","template":"template\/template-homepage.php","meta":{"footnotes":""},"class_list":["post-16650","page","type-page","status-publish","has-post-thumbnail","hentry"],"_links":{"self":[{"href":"https:\/\/adam-behrens.com\/en\/wp-json\/wp\/v2\/pages\/16650","targetHints":{"allow":["GET"]}}],"collection":[{"href":"https:\/\/adam-behrens.com\/en\/wp-json\/wp\/v2\/pages"}],"about":[{"href":"https:\/\/adam-behrens.com\/en\/wp-json\/wp\/v2\/types\/page"}],"author":[{"embeddable":true,"href":"https:\/\/adam-behrens.com\/en\/wp-json\/wp\/v2\/users\/1"}],"replies":[{"embeddable":true,"href":"https:\/\/adam-behrens.com\/en\/wp-json\/wp\/v2\/comments?post=16650"}],"version-history":[{"count":6,"href":"https:\/\/adam-behrens.com\/en\/wp-json\/wp\/v2\/pages\/16650\/revisions"}],"predecessor-version":[{"id":45155,"href":"https:\/\/adam-behrens.com\/en\/wp-json\/wp\/v2\/pages\/16650\/revisions\/45155"}],"wp:featuredmedia":[{"embeddable":true,"href":"https:\/\/adam-behrens.com\/en\/wp-json\/wp\/v2\/media\/46007"}],"wp:attachment":[{"href":"https:\/\/adam-behrens.com\/en\/wp-json\/wp\/v2\/media?parent=16650"}],"curies":[{"name":"wp","href":"https:\/\/api.w.org\/{rel}","templated":true}]}}